{"id":9,"date":"2021-08-25T12:49:04","date_gmt":"2021-08-25T12:49:04","guid":{"rendered":"http:\/\/scandiumpark.test\/?page_id=9"},"modified":"2024-04-15T13:41:28","modified_gmt":"2024-04-15T13:41:28","slug":"rohemaja","status":"publish","type":"page","link":"https:\/\/scandium.ee\/scandiumpark\/rohemaja\/","title":{"rendered":"Rohemaja"},"content":{"rendered":"","protected":false},"excerpt":{"rendered":"","protected":false},"author":1,"featured_media":1099,"parent":0,"menu_order":0,"comment_status":"closed","ping_status":"closed","template":"","meta":{"_acf_changed":false,"inline_featured_image":false,"_monsterinsights_skip_tracking":false,"_monsterinsights_sitenote_active":false,"_monsterinsights_sitenote_note":"","_monsterinsights_sitenote_category":0,"footnotes":""},"acf":{"fixed_column":[{"title":"Rohetiiger","image":false,"content":"<p>Scandium Kinnisvara on Rohetiigri esindusorganisatsiooni asutaja ja tulihingeline rohef\u00e4nn. Usume, et Eesti majanduses on t\u00f5eline rohep\u00f6\u00f6ret liikuma panev j\u00f5ud \u00e4rksameelsed ettev\u00f5tted, sest ettev\u00f5tete puhul on \u00f5igete otsuste langetamine tarbimismahtusid arvestades veel palju olulisem kui \u00fcksikisiku tasandil.<\/p>\n<h3>Rohetiiger rohemajas<\/h3>\n<p>Iga hoone, mis t\u00e4na arendatakse, toimib \u00fcsna muutmata kujul v\u00e4hemalt 20-30 aastat. Meie t\u00e4na valitud tehnos\u00fcsteemid, k\u00fctte- ja jahutuslahendused m\u00f5jutavad maailma CO2 heidet veel aastak\u00fcmneid. Seda k\u00f5ike oleme Scandium Parki arendades silmas pidanud.<\/p>\n<p>Oleme innustanud k\u00f5iki k\u00f5rghoonega t\u00f6\u00f6tavaid koost\u00f6\u00f6partnereid, alates projekteerijatest kuni sisearhitektideni, m\u00f5tlema suuremalt ja julgemalt, et Scandium Parkist saaks uue generatsiooni \u00e4rihoonete eeskuju. Koost\u00f6\u00f6s inseneridega oleme j\u00f5udnud uute nutikate v\u00f5imalusteni.<\/p>\n"},{"title":"Targad rohelised lahendused ","image":1210,"content":"<p>Scandium Park b\u00fcroohoones on kasutusel arvukalt keskkonda s\u00e4\u00e4stvaid ja roheenergiat tootvaid lahendusi. Hoone energiaklassi skaalal on eesm\u00e4rk olla v\u00e4hemalt 10% parem kui Eestis n\u00f5utav A-klass. Usume, et suudame sellegi eesm\u00e4rgi \u00fcletada.<\/p>\n<h3>Suurima m\u00f5juga rohelahendused hoones:<\/h3>\n<ul>\n<li>P\u00e4ikesepaneelid k\u00f5rghoone katusel ja fassaadil toodavad 61MW\/h roheelektrit. (Linnas saaks elektriauto l\u00e4bida sellega 380 000 km ehk s\u00f5ita ligi 10 korda \u00fcmber maakera!)<\/li>\n<li>Nutikad tehnilised lahendused v\u00f5imendavad maja roheenergia toodangu 170 MWh-ni<\/li>\n<li>60% jahutusenergiast toodab maja ise 100% CO2 vabalt<\/li>\n<li>Puuduj\u00e4\u00e4va jahutuse saab hoone kaugjahutuse trassist, mis tulevikus kasutab k\u00fclmaallikana Tallinna lahe merevee jahedust<\/li>\n<li>Jahutuse tootmisel tekkiva j\u00e4\u00e4ksoojuse kasutame \u00e4ra sooja tarbevee tootmiseks ja kevadise k\u00fcttevajaduse katmiseks (kokku on need 43 MW\/H energiat, mis uuesti ringlusesse suunatakse)<\/li>\n<li>J\u00f5usaali du\u0161iruumide torustikesse paigaldame Zypho soojustagastid, mis eelsoojendavad k\u00fclma vett kasutatud sooja vee abiga. Nii s\u00e4\u00e4stame \u00fche 6-minutilise du\u0161iga 1kwh energiat.<\/li>\n<\/ul>\n"},{"title":"Rattas\u00f5bralik ja energiat\u00f5hus","image":1207,"content":"<ul>\n<li>LED pirnid ja vajadusp\u00f5histe andurite kasutamine v\u00e4hendab elektritarbimist kuni 50%.<\/li>\n<li>Bolt Drive parkimiskohad hoone ees \u2013 auto v\u00f5ib julgelt koju j\u00e4tta v\u00f5i sootuks ostmata.<\/li>\n<li>Elektrirataste ja -t\u00f5ukside laadimisv\u00f5imalus maja ees ja rattaruumis.<\/li>\n<li>Kogu v\u00f5rgust juurde ostetav elekter on toodetud 100% taastuvatest allikatest.<\/li>\n<li>Tule julgelt rattaga \u2013 soe rattamaja koos kappide ja du\u0161iruumidega ootavad.<\/li>\n<\/ul>\n"}],"interactive-image":1480,"interactive_content":[{"tooltip_position":"top: 5%;\r\nleft: 50%;","tooltip_icon":"https:\/\/scandium.ee\/scandiumpark\/app\/uploads\/2021\/10\/sun.svg","tooltip_content":"K\u00f5rghoone katusel asuvad p\u00e4ikesepaneelid "},{"tooltip_position":"top: 70%;\r\nleft: 20%;","tooltip_icon":"https:\/\/scandium.ee\/scandiumpark\/app\/uploads\/2021\/09\/Icon-4.svg","tooltip_content":"Zypho soojustagastid j\u00f5usaali du\u0161iruumis eelsoojendavad vee tarbitud kuuma vee abiga \u2013 kuum du\u0161\u0161 saavutatakse oluliselt v\u00e4iksema energiakuluga "},{"tooltip_position":"left: 67%;\r\ntop: 60%;","tooltip_icon":"https:\/\/scandium.ee\/scandiumpark\/app\/uploads\/2021\/10\/sun.svg","tooltip_content":"Tume fassaad koosneb uudsetest p\u00e4ikesepaneelidest "},{"tooltip_position":"top: 44%;\r\nleft: 40%;","tooltip_icon":"https:\/\/scandium.ee\/scandiumpark\/app\/uploads\/2021\/10\/picto.svg","tooltip_content":"60% jahutusenergiast toodab maja ise 100% CO2 vabalt"}],"interactive_title":"Rohetehnoloogiast pakatav hoone","interactive_text":"Scandium Parkis viime rohelise m\u00f5tteviisi kogu riigi m\u00f5ttes uuele tasemele. "},"yoast_head":"<!-- This site is optimized with the Yoast SEO plugin v22.7 - https:\/\/yoast.com\/wordpress\/plugins\/seo\/ -->\n<title>Rohemaja - Scandium Park<\/title>\n<meta name=\"robots\" content=\"index, follow, max-snippet:-1, max-image-preview:large, max-video-preview:-1\" \/>\n<link rel=\"canonical\" href=\"https:\/\/scandium.ee\/scandiumpark\/rohemaja\/\" \/>\n<meta property=\"og:locale\" content=\"et_EE\" \/>\n<meta property=\"og:type\" content=\"article\" \/>\n<meta property=\"og:title\" content=\"Rohemaja - Scandium Park\" \/>\n<meta property=\"og:url\" content=\"https:\/\/scandium.ee\/scandiumpark\/rohemaja\/\" \/>\n<meta property=\"og:site_name\" content=\"Scandium Park\" \/>\n<meta property=\"article:modified_time\" content=\"2024-04-15T13:41:28+00:00\" \/>\n<meta property=\"og:image\" content=\"https:\/\/scandium.ee\/scandiumpark\/app\/uploads\/2021\/10\/scandium-park-terrass-vanalinnaga-1-768x427.png\" \/>\n\t<meta property=\"og:image:width\" content=\"768\" \/>\n\t<meta property=\"og:image:height\" content=\"427\" \/>\n\t<meta property=\"og:image:type\" content=\"image\/png\" \/>\n<meta name=\"twitter:card\" content=\"summary_large_image\" \/>\n<script type=\"application\/ld+json\" class=\"yoast-schema-graph\">{\"@context\":\"https:\/\/schema.org\",\"@graph\":[{\"@type\":\"WebPage\",\"@id\":\"https:\/\/scandium.ee\/scandiumpark\/rohemaja\/\",\"url\":\"https:\/\/scandium.ee\/scandiumpark\/rohemaja\/\",\"name\":\"Rohemaja - Scandium Park\",\"isPartOf\":{\"@id\":\"https:\/\/scandium.ee\/scandiumpark\/#website\"},\"primaryImageOfPage\":{\"@id\":\"https:\/\/scandium.ee\/scandiumpark\/rohemaja\/#primaryimage\"},\"image\":{\"@id\":\"https:\/\/scandium.ee\/scandiumpark\/rohemaja\/#primaryimage\"},\"thumbnailUrl\":\"https:\/\/scandium.ee\/scandiumpark\/app\/uploads\/2021\/10\/scandium-park-terrass-vanalinnaga-1.png\",\"datePublished\":\"2021-08-25T12:49:04+00:00\",\"dateModified\":\"2024-04-15T13:41:28+00:00\",\"breadcrumb\":{\"@id\":\"https:\/\/scandium.ee\/scandiumpark\/rohemaja\/#breadcrumb\"},\"inLanguage\":\"et\",\"potentialAction\":[{\"@type\":\"ReadAction\",\"target\":[\"https:\/\/scandium.ee\/scandiumpark\/rohemaja\/\"]}]},{\"@type\":\"ImageObject\",\"inLanguage\":\"et\",\"@id\":\"https:\/\/scandium.ee\/scandiumpark\/rohemaja\/#primaryimage\",\"url\":\"https:\/\/scandium.ee\/scandiumpark\/app\/uploads\/2021\/10\/scandium-park-terrass-vanalinnaga-1.png\",\"contentUrl\":\"https:\/\/scandium.ee\/scandiumpark\/app\/uploads\/2021\/10\/scandium-park-terrass-vanalinnaga-1.png\",\"width\":2120,\"height\":1180},{\"@type\":\"BreadcrumbList\",\"@id\":\"https:\/\/scandium.ee\/scandiumpark\/rohemaja\/#breadcrumb\",\"itemListElement\":[{\"@type\":\"ListItem\",\"position\":1,\"name\":\"Home\",\"item\":\"https:\/\/scandium.ee\/scandiumpark\/\"},{\"@type\":\"ListItem\",\"position\":2,\"name\":\"Rohemaja\"}]},{\"@type\":\"WebSite\",\"@id\":\"https:\/\/scandium.ee\/scandiumpark\/#website\",\"url\":\"https:\/\/scandium.ee\/scandiumpark\/\",\"name\":\"Scandium Park\",\"description\":\"\u00c4rihoone, kus eneseteostus on igap\u00e4evane\",\"potentialAction\":[{\"@type\":\"SearchAction\",\"target\":{\"@type\":\"EntryPoint\",\"urlTemplate\":\"https:\/\/scandium.ee\/scandiumpark\/?s={search_term_string}\"},\"query-input\":\"required name=search_term_string\"}],\"inLanguage\":\"et\"}]}<\/script>\n<!-- \/ Yoast SEO plugin. -->","yoast_head_json":{"title":"Rohemaja - Scandium Park","robots":{"index":"index","follow":"follow","max-snippet":"max-snippet:-1","max-image-preview":"max-image-preview:large","max-video-preview":"max-video-preview:-1"},"canonical":"https:\/\/scandium.ee\/scandiumpark\/rohemaja\/","og_locale":"et_EE","og_type":"article","og_title":"Rohemaja - Scandium Park","og_url":"https:\/\/scandium.ee\/scandiumpark\/rohemaja\/","og_site_name":"Scandium Park","article_modified_time":"2024-04-15T13:41:28+00:00","og_image":[{"width":768,"height":427,"url":"https:\/\/scandium.ee\/scandiumpark\/app\/uploads\/2021\/10\/scandium-park-terrass-vanalinnaga-1-768x427.png","type":"image\/png"}],"twitter_card":"summary_large_image","schema":{"@context":"https:\/\/schema.org","@graph":[{"@type":"WebPage","@id":"https:\/\/scandium.ee\/scandiumpark\/rohemaja\/","url":"https:\/\/scandium.ee\/scandiumpark\/rohemaja\/","name":"Rohemaja - Scandium Park","isPartOf":{"@id":"https:\/\/scandium.ee\/scandiumpark\/#website"},"primaryImageOfPage":{"@id":"https:\/\/scandium.ee\/scandiumpark\/rohemaja\/#primaryimage"},"image":{"@id":"https:\/\/scandium.ee\/scandiumpark\/rohemaja\/#primaryimage"},"thumbnailUrl":"https:\/\/scandium.ee\/scandiumpark\/app\/uploads\/2021\/10\/scandium-park-terrass-vanalinnaga-1.png","datePublished":"2021-08-25T12:49:04+00:00","dateModified":"2024-04-15T13:41:28+00:00","breadcrumb":{"@id":"https:\/\/scandium.ee\/scandiumpark\/rohemaja\/#breadcrumb"},"inLanguage":"et","potentialAction":[{"@type":"ReadAction","target":["https:\/\/scandium.ee\/scandiumpark\/rohemaja\/"]}]},{"@type":"ImageObject","inLanguage":"et","@id":"https:\/\/scandium.ee\/scandiumpark\/rohemaja\/#primaryimage","url":"https:\/\/scandium.ee\/scandiumpark\/app\/uploads\/2021\/10\/scandium-park-terrass-vanalinnaga-1.png","contentUrl":"https:\/\/scandium.ee\/scandiumpark\/app\/uploads\/2021\/10\/scandium-park-terrass-vanalinnaga-1.png","width":2120,"height":1180},{"@type":"BreadcrumbList","@id":"https:\/\/scandium.ee\/scandiumpark\/rohemaja\/#breadcrumb","itemListElement":[{"@type":"ListItem","position":1,"name":"Home","item":"https:\/\/scandium.ee\/scandiumpark\/"},{"@type":"ListItem","position":2,"name":"Rohemaja"}]},{"@type":"WebSite","@id":"https:\/\/scandium.ee\/scandiumpark\/#website","url":"https:\/\/scandium.ee\/scandiumpark\/","name":"Scandium Park","description":"\u00c4rihoone, kus eneseteostus on igap\u00e4evane","potentialAction":[{"@type":"SearchAction","target":{"@type":"EntryPoint","urlTemplate":"https:\/\/scandium.ee\/scandiumpark\/?s={search_term_string}"},"query-input":"required name=search_term_string"}],"inLanguage":"et"}]}},"_links":{"self":[{"href":"https:\/\/scandium.ee\/scandiumpark\/wp-json\/wp\/v2\/pages\/9"}],"collection":[{"href":"https:\/\/scandium.ee\/scandiumpark\/wp-json\/wp\/v2\/pages"}],"about":[{"href":"https:\/\/scandium.ee\/scandiumpark\/wp-json\/wp\/v2\/types\/page"}],"author":[{"embeddable":true,"href":"https:\/\/scandium.ee\/scandiumpark\/wp-json\/wp\/v2\/users\/1"}],"replies":[{"embeddable":true,"href":"https:\/\/scandium.ee\/scandiumpark\/wp-json\/wp\/v2\/comments?post=9"}],"version-history":[{"count":5,"href":"https:\/\/scandium.ee\/scandiumpark\/wp-json\/wp\/v2\/pages\/9\/revisions"}],"predecessor-version":[{"id":1901,"href":"https:\/\/scandium.ee\/scandiumpark\/wp-json\/wp\/v2\/pages\/9\/revisions\/1901"}],"wp:featuredmedia":[{"embeddable":true,"href":"https:\/\/scandium.ee\/scandiumpark\/wp-json\/wp\/v2\/media\/1099"}],"wp:attachment":[{"href":"https:\/\/scandium.ee\/scandiumpark\/wp-json\/wp\/v2\/media?parent=9"}],"curies":[{"name":"wp","href":"https:\/\/api.w.org\/{rel}","templated":true}]}}