{"id":7,"date":"2021-08-25T12:48:56","date_gmt":"2021-08-25T12:48:56","guid":{"rendered":"http:\/\/scandiumpark.test\/?page_id=7"},"modified":"2024-10-29T11:14:30","modified_gmt":"2024-10-29T11:14:30","slug":"hoone-tutvustus","status":"publish","type":"page","link":"https:\/\/scandium.ee\/scandiumpark\/hoone-tutvustus\/","title":{"rendered":"Hoone Tutvustus"},"content":{"rendered":"","protected":false},"excerpt":{"rendered":"","protected":false},"author":1,"featured_media":344,"parent":0,"menu_order":0,"comment_status":"closed","ping_status":"closed","template":"","meta":{"_acf_changed":false,"inline_featured_image":false,"_monsterinsights_skip_tracking":false,"_monsterinsights_sitenote_active":false,"_monsterinsights_sitenote_note":"","_monsterinsights_sitenote_category":0,"footnotes":""},"acf":{"fixed_column":[{"title":"Hoone tutvustus","image":false,"content":"<p>Hoone valmib 2027. aastal. Hoones on kokku 6200 m<sup>2<\/sup> \u00fc\u00fcritavat pinda.<\/p>\n<h3>Hoone tugevused<\/h3>\n<ul>\n<li><span data-contrast=\"auto\">14-korruseline roheb\u00fcroo<\/span><span data-ccp-props=\"{&quot;134233279&quot;:true,&quot;335559740&quot;:276}\">\u00a0<\/span><\/li>\n<li><span data-contrast=\"auto\">Mixed-use kontseptsioon: j\u00f5usaal, kohvik ja roheterrass<\/span><\/li>\n<li><span data-contrast=\"auto\">J\u00f5usaal avatud majas asuvate ettev\u00f5tete t\u00f6\u00f6tajatele 24\/7<\/span><span data-ccp-props=\"{&quot;134233279&quot;:true,&quot;335559740&quot;:276}\">\u00a0<\/span><\/li>\n<li><span data-contrast=\"auto\">Lounge kinoruum inspireerivaks tiimi\u00fcrituseks, ajur\u00fcnnakuks v\u00f5i ideede esitlemiseks<\/span><span data-ccp-props=\"{&quot;134233279&quot;:true,&quot;335559740&quot;:276}\">\u00a0<\/span><\/li>\n<li><span data-contrast=\"auto\">Unustamatud vaated vanalinnale, \u00dclemiste j\u00e4rvele ja merele<\/span><span data-ccp-props=\"{&quot;134233279&quot;:true,&quot;335559740&quot;:276}\">\u00a0<\/span><\/li>\n<li><span data-contrast=\"none\">Kuuenda korruse katuseterrassil roheaed puhkepauside veetmiseks<\/span><span data-ccp-props=\"{&quot;134233279&quot;:true,&quot;335559740&quot;:276}\">\u00a0<\/span><\/li>\n<li><span data-contrast=\"none\">Laadimispunktid maa-aluses<\/span><span data-contrast=\"none\">\u00a0<\/span><span data-contrast=\"none\">parklas<\/span><span data-contrast=\"none\">\u00a0nii elektriautodele kui ka \u2013ratastele<\/span><span data-ccp-props=\"{&quot;134233279&quot;:true,&quot;335559740&quot;:276}\">\u00a0<\/span><\/li>\n<li><span data-contrast=\"none\">Bolt Drive parkimiskohad hoone ees \u2013 auto v\u00f5ib julgelt koju v\u00f5i sootuks ostmata j\u00e4tta<\/span><span data-ccp-props=\"{&quot;134233279&quot;:true,&quot;335559740&quot;:276}\">\u00a0<\/span><\/li>\n<\/ul>\n"},{"title":"Arhitektuur","image":1535,"content":"<p>Peterburi\u00a0tee 1a \u00e4rihoone asub Tallinna mastaapseima liikluss\u00f5lme keskel. Pulseerivate liiklusvoogude kohal\u00a0gradientses\u00a0r\u00fctmis k\u00f5rguv d\u00fcnaamilise arhitektuuriga torn on maam\u00e4rgiks nii Peterburist, Tartust kui ka Riiast Tallinna kesklinna saabujatele.<\/p>\n<h3>Arhitektide n\u00e4gemus<\/h3>\n<p>Hoone autorid on Indrek Suigusaar ja Jaan Jagom\u00e4gi arhitektuurib\u00fcroost Pluss. Nende \u201cLinnaruumi loodusele tagasiandmise\u201d ideest kantuna on nii hoone sisu kui ka v\u00e4limus energiat\u00f5hus ja keskkonda rikastav.<\/p>\n<p>Roheklaasistusega valget k\u00f5rghoonet toetab madalam, uudse p\u00e4ikeseenergiat talletava fassaadiga tume hoone.<\/p>\n<h3>Roheterrass 6. korrusel<\/h3>\n<p>6. korruse katusele on kavandatud roheaed, mis pakub linnamelust pelgupaika ning avab vaated \u00dclemiste j\u00e4rvele. Terrass pakub mugavaid puhkekohti ja jalutusradu. Vastavalt LEED-j\u00e4tkusuutlikkuse printsiibile on taimestik liigirikas.<\/p>\n"},{"title":"Sisearhitektuur","image":1646,"content":"<p>Scandium Park sisearhitektuuri autor on auhinnatud Studio ARGUS. Kandev idee kogu sisearhitektuuris on j\u00e4tkusuutlik ja ajas p\u00fcsiv disain. Ruumide kavandamisel on eesm\u00e4rgiks \u0161ikk ja maitsekas keskkond, mida on kaunis vaadata ka aastak\u00fcmnete p\u00e4rast.<\/p>\n<h3>Arhitektide n\u00e4gemus<\/h3>\n<p>\u201cErinevate pakettide loomisel oleme p\u00f6\u00f6ranud t\u00e4helepanu kaasaegsetele, loodust ja keskkonda s\u00e4\u00e4stvatele materjalidele. Ruumide stilistika on hele, kasutatud on palju naturaalset puitu ja tekstiile ning heledaid krohvipindu.<\/p>\n<p>Pidades silmas, et veedame kontorites enam kui kaheksa tundi p\u00e4evas, on liigselt formaalsete b\u00fcrooruumide asemel Scandium Parki b\u00fcrookorrustel hubane keskkond, inspireerivad ja hingega sisustatud kontorid.\u201d &#8211; Studio ARGUS<\/p>\n"},{"title":"B\u00fcrooruumide sisustamine","image":1470,"content":"<p>Koost\u00f6\u00f6s OCCOga pakume teie ettev\u00f5ttele Scandium Parkis mugavat sisustusteenust. OCCO julge ja noorusliku meeskonna portfellis on juba enam kui 1200 sisustatud kontoripinda, mille kasutajateks on mainekad ettev\u00f5tted nii Eestist kui mujalt Euroopast. B\u00fcroo sisustamisel toetame teid t\u00e4pselt sellisel viisil ja mahus kui vajalikuks peate \u2013 olgu selleks optimaalseima ruumipaigutuse v\u00e4ljat\u00f6\u00f6tamine v\u00f5i sobiva m\u00f6\u00f6bli valik ja paigaldus.<\/p>\n<p>OCCO meeskond on Scandium Park detailidega kursis ja teeb k\u00f5ik selleks, et teie sisseelamine kulgeks sujuvalt ja muretult ning tulemiks oleks t\u00f6\u00f6keskkond, kus k\u00f5ik osapooled tunneksid end h\u00e4sti ja mugavalt.<\/p>\n"}],"interactive-image":510,"interactive_content":[{"tooltip_position":"top: 79%; left: 2%;","tooltip_icon":"https:\/\/scandium.ee\/scandiumpark\/app\/uploads\/2021\/09\/Icon.svg","tooltip_content":"12 elektriauto laadimisjaama + 1 kiirlaadija k\u00f5igile k\u00fclastajatele"},{"tooltip_position":"top: 79%; left: 68%;","tooltip_icon":"https:\/\/scandium.ee\/scandiumpark\/app\/uploads\/2021\/09\/Icon-1.svg","tooltip_content":"Siseparklas elektrirataste ja -t\u00f5ukerataste laadimisv\u00f5imalused"},{"tooltip_position":"top: 59%; left: 6%;","tooltip_icon":"https:\/\/scandium.ee\/scandiumpark\/app\/uploads\/2021\/09\/Icon-2.svg","tooltip_content":"Rattaparandusjaam ja ratturikapid rattaparklas"},{"tooltip_position":"top: 5%; left: 77%;","tooltip_icon":"https:\/\/scandium.ee\/scandiumpark\/app\/uploads\/2021\/09\/Icon-3.svg","tooltip_content":"Avatud trepikojad p\u00e4evasiseseks trepitrenniks"},{"tooltip_position":"top: 47%; left: 14%;","tooltip_icon":"https:\/\/scandium.ee\/scandiumpark\/app\/uploads\/2021\/09\/Icon-4.svg","tooltip_content":"Du\u0161iruumid nii rattaparklas kui ka igas b\u00fcroos"},{"tooltip_position":"top: 27%; left: 70%;","tooltip_icon":"https:\/\/scandium.ee\/scandiumpark\/app\/uploads\/2021\/09\/Icon-5.svg","tooltip_content":"24\/7 avatud j\u00f5usaal koos pesemisv\u00f5imalusega"},{"tooltip_position":"top: 14%; left: 40%;","tooltip_icon":"https:\/\/scandium.ee\/scandiumpark\/app\/uploads\/2021\/09\/Icon-6.svg","tooltip_content":"Aktiivsed l\u00f5\u00f5gastusalad kvaliteetraamatukogu ja meelelahutusv\u00f5imalustega"},{"tooltip_position":"bottom: 40%; left: 60%;","tooltip_icon":"https:\/\/scandium.ee\/scandiumpark\/app\/uploads\/2021\/09\/Icon-7.svg","tooltip_content":"L\u00e4bi kahe korruse k\u00f5rguv esinduslik kohvik"}],"interactive_title":"Eneseteostust toetav elustiil ","interactive_text":"Scandium Park toetab meeskonna t\u00e4nast ja tuleviku elustiili k\u00f5ige paremal moel. "},"yoast_head":"<!-- This site is optimized with the Yoast SEO plugin v22.7 - https:\/\/yoast.com\/wordpress\/plugins\/seo\/ -->\n<title>Hoone Tutvustus - Scandium Park<\/title>\n<meta name=\"robots\" content=\"index, follow, max-snippet:-1, max-image-preview:large, max-video-preview:-1\" \/>\n<link rel=\"canonical\" href=\"https:\/\/scandium.ee\/scandiumpark\/hoone-tutvustus\/\" \/>\n<meta property=\"og:locale\" content=\"et_EE\" \/>\n<meta property=\"og:type\" content=\"article\" \/>\n<meta property=\"og:title\" content=\"Hoone Tutvustus - Scandium Park\" \/>\n<meta property=\"og:url\" content=\"https:\/\/scandium.ee\/scandiumpark\/hoone-tutvustus\/\" \/>\n<meta property=\"og:site_name\" content=\"Scandium Park\" \/>\n<meta property=\"article:modified_time\" content=\"2024-10-29T11:14:30+00:00\" \/>\n<meta property=\"og:image\" content=\"https:\/\/scandium.ee\/scandiumpark\/app\/uploads\/2021\/09\/Image-4-1524x848.png\" \/>\n\t<meta property=\"og:image:width\" content=\"1524\" \/>\n\t<meta property=\"og:image:height\" content=\"848\" \/>\n\t<meta property=\"og:image:type\" content=\"image\/png\" \/>\n<meta name=\"twitter:card\" content=\"summary_large_image\" \/>\n<meta name=\"twitter:label1\" content=\"Est. reading time\" \/>\n\t<meta name=\"twitter:data1\" content=\"1 minut\" \/>\n<script type=\"application\/ld+json\" class=\"yoast-schema-graph\">{\"@context\":\"https:\/\/schema.org\",\"@graph\":[{\"@type\":\"WebPage\",\"@id\":\"https:\/\/scandium.ee\/scandiumpark\/hoone-tutvustus\/\",\"url\":\"https:\/\/scandium.ee\/scandiumpark\/hoone-tutvustus\/\",\"name\":\"Hoone Tutvustus - Scandium Park\",\"isPartOf\":{\"@id\":\"https:\/\/scandium.ee\/scandiumpark\/#website\"},\"primaryImageOfPage\":{\"@id\":\"https:\/\/scandium.ee\/scandiumpark\/hoone-tutvustus\/#primaryimage\"},\"image\":{\"@id\":\"https:\/\/scandium.ee\/scandiumpark\/hoone-tutvustus\/#primaryimage\"},\"thumbnailUrl\":\"https:\/\/scandium.ee\/scandiumpark\/app\/uploads\/2021\/09\/Image-4.png\",\"datePublished\":\"2021-08-25T12:48:56+00:00\",\"dateModified\":\"2024-10-29T11:14:30+00:00\",\"breadcrumb\":{\"@id\":\"https:\/\/scandium.ee\/scandiumpark\/hoone-tutvustus\/#breadcrumb\"},\"inLanguage\":\"et\",\"potentialAction\":[{\"@type\":\"ReadAction\",\"target\":[\"https:\/\/scandium.ee\/scandiumpark\/hoone-tutvustus\/\"]}]},{\"@type\":\"ImageObject\",\"inLanguage\":\"et\",\"@id\":\"https:\/\/scandium.ee\/scandiumpark\/hoone-tutvustus\/#primaryimage\",\"url\":\"https:\/\/scandium.ee\/scandiumpark\/app\/uploads\/2021\/09\/Image-4.png\",\"contentUrl\":\"https:\/\/scandium.ee\/scandiumpark\/app\/uploads\/2021\/09\/Image-4.png\",\"width\":2120,\"height\":1180},{\"@type\":\"BreadcrumbList\",\"@id\":\"https:\/\/scandium.ee\/scandiumpark\/hoone-tutvustus\/#breadcrumb\",\"itemListElement\":[{\"@type\":\"ListItem\",\"position\":1,\"name\":\"Home\",\"item\":\"https:\/\/scandium.ee\/scandiumpark\/\"},{\"@type\":\"ListItem\",\"position\":2,\"name\":\"Hoone Tutvustus\"}]},{\"@type\":\"WebSite\",\"@id\":\"https:\/\/scandium.ee\/scandiumpark\/#website\",\"url\":\"https:\/\/scandium.ee\/scandiumpark\/\",\"name\":\"Scandium Park\",\"description\":\"\u00c4rihoone, kus eneseteostus on igap\u00e4evane\",\"potentialAction\":[{\"@type\":\"SearchAction\",\"target\":{\"@type\":\"EntryPoint\",\"urlTemplate\":\"https:\/\/scandium.ee\/scandiumpark\/?s={search_term_string}\"},\"query-input\":\"required name=search_term_string\"}],\"inLanguage\":\"et\"}]}<\/script>\n<!-- \/ Yoast SEO plugin. -->","yoast_head_json":{"title":"Hoone Tutvustus - Scandium Park","robots":{"index":"index","follow":"follow","max-snippet":"max-snippet:-1","max-image-preview":"max-image-preview:large","max-video-preview":"max-video-preview:-1"},"canonical":"https:\/\/scandium.ee\/scandiumpark\/hoone-tutvustus\/","og_locale":"et_EE","og_type":"article","og_title":"Hoone Tutvustus - Scandium Park","og_url":"https:\/\/scandium.ee\/scandiumpark\/hoone-tutvustus\/","og_site_name":"Scandium Park","article_modified_time":"2024-10-29T11:14:30+00:00","og_image":[{"width":1524,"height":848,"url":"https:\/\/scandium.ee\/scandiumpark\/app\/uploads\/2021\/09\/Image-4-1524x848.png","type":"image\/png"}],"twitter_card":"summary_large_image","twitter_misc":{"Est. reading time":"1 minut"},"schema":{"@context":"https:\/\/schema.org","@graph":[{"@type":"WebPage","@id":"https:\/\/scandium.ee\/scandiumpark\/hoone-tutvustus\/","url":"https:\/\/scandium.ee\/scandiumpark\/hoone-tutvustus\/","name":"Hoone Tutvustus - Scandium Park","isPartOf":{"@id":"https:\/\/scandium.ee\/scandiumpark\/#website"},"primaryImageOfPage":{"@id":"https:\/\/scandium.ee\/scandiumpark\/hoone-tutvustus\/#primaryimage"},"image":{"@id":"https:\/\/scandium.ee\/scandiumpark\/hoone-tutvustus\/#primaryimage"},"thumbnailUrl":"https:\/\/scandium.ee\/scandiumpark\/app\/uploads\/2021\/09\/Image-4.png","datePublished":"2021-08-25T12:48:56+00:00","dateModified":"2024-10-29T11:14:30+00:00","breadcrumb":{"@id":"https:\/\/scandium.ee\/scandiumpark\/hoone-tutvustus\/#breadcrumb"},"inLanguage":"et","potentialAction":[{"@type":"ReadAction","target":["https:\/\/scandium.ee\/scandiumpark\/hoone-tutvustus\/"]}]},{"@type":"ImageObject","inLanguage":"et","@id":"https:\/\/scandium.ee\/scandiumpark\/hoone-tutvustus\/#primaryimage","url":"https:\/\/scandium.ee\/scandiumpark\/app\/uploads\/2021\/09\/Image-4.png","contentUrl":"https:\/\/scandium.ee\/scandiumpark\/app\/uploads\/2021\/09\/Image-4.png","width":2120,"height":1180},{"@type":"BreadcrumbList","@id":"https:\/\/scandium.ee\/scandiumpark\/hoone-tutvustus\/#breadcrumb","itemListElement":[{"@type":"ListItem","position":1,"name":"Home","item":"https:\/\/scandium.ee\/scandiumpark\/"},{"@type":"ListItem","position":2,"name":"Hoone Tutvustus"}]},{"@type":"WebSite","@id":"https:\/\/scandium.ee\/scandiumpark\/#website","url":"https:\/\/scandium.ee\/scandiumpark\/","name":"Scandium Park","description":"\u00c4rihoone, kus eneseteostus on igap\u00e4evane","potentialAction":[{"@type":"SearchAction","target":{"@type":"EntryPoint","urlTemplate":"https:\/\/scandium.ee\/scandiumpark\/?s={search_term_string}"},"query-input":"required name=search_term_string"}],"inLanguage":"et"}]}},"_links":{"self":[{"href":"https:\/\/scandium.ee\/scandiumpark\/wp-json\/wp\/v2\/pages\/7"}],"collection":[{"href":"https:\/\/scandium.ee\/scandiumpark\/wp-json\/wp\/v2\/pages"}],"about":[{"href":"https:\/\/scandium.ee\/scandiumpark\/wp-json\/wp\/v2\/types\/page"}],"author":[{"embeddable":true,"href":"https:\/\/scandium.ee\/scandiumpark\/wp-json\/wp\/v2\/users\/1"}],"replies":[{"embeddable":true,"href":"https:\/\/scandium.ee\/scandiumpark\/wp-json\/wp\/v2\/comments?post=7"}],"version-history":[{"count":5,"href":"https:\/\/scandium.ee\/scandiumpark\/wp-json\/wp\/v2\/pages\/7\/revisions"}],"predecessor-version":[{"id":1934,"href":"https:\/\/scandium.ee\/scandiumpark\/wp-json\/wp\/v2\/pages\/7\/revisions\/1934"}],"wp:featuredmedia":[{"embeddable":true,"href":"https:\/\/scandium.ee\/scandiumpark\/wp-json\/wp\/v2\/media\/344"}],"wp:attachment":[{"href":"https:\/\/scandium.ee\/scandiumpark\/wp-json\/wp\/v2\/media?parent=7"}],"curies":[{"name":"wp","href":"https:\/\/api.w.org\/{rel}","templated":true}]}}