{"id":5,"date":"2021-08-24T10:55:02","date_gmt":"2021-08-24T10:55:02","guid":{"rendered":"http:\/\/scandiumpark.test\/?page_id=5"},"modified":"2024-03-04T13:59:57","modified_gmt":"2024-03-04T13:59:57","slug":"arihoone-kus-eneseteostus-on-igapaevane","status":"publish","type":"page","link":"https:\/\/scandium.ee\/scandiumpark\/","title":{"rendered":"\u00c4rihoone, kus eneseteostus on igap\u00e4evane"},"content":{"rendered":"","protected":false},"excerpt":{"rendered":"","protected":false},"author":1,"featured_media":0,"parent":0,"menu_order":0,"comment_status":"closed","ping_status":"closed","template":"views\/template-frontpage.blade.php","meta":{"_acf_changed":false,"inline_featured_image":false,"_monsterinsights_skip_tracking":false,"_monsterinsights_sitenote_active":false,"_monsterinsights_sitenote_note":"","_monsterinsights_sitenote_category":0,"footnotes":""},"acf":{"featured_content":[{"image":1636,"title":"B\u00fcrooruumid t\u00e4pselt Sinu vajaduste j\u00e4rgi","content":"Ettev\u00f5tted vajavad parimaks t\u00f6\u00f6tulemiks erisuguseid ruume. Toetame teid parimate b\u00fcrooruumide valikuga, planeeringute v\u00e4ljat\u00f6\u00f6tamisega ja soovi korral kuni lilled-vaasi- sisutuslahenduse elluviimisega.","url":"https:\/\/scandium.ee\/scandiumpark\/plaanid-ja-siseviimistlus\/"},{"image":1639,"title":"K\u00fclluslikud \u00fcldalad roheluses","content":"Sportimiseks, esteetiliseks naudinguks, igap\u00e4evatoimetusteks \u2013 parimaks eneseteostuseks vajame hetki iseendale. Scandium Park hoone teine ja kuues korrus pakuvad seda kauni roheluse keskel terve \u00f6\u00f6p\u00e4ev.","url":"https:\/\/scandium.ee\/scandiumpark\/rohemaja\/"},{"image":1288,"title":"Suurep\u00e4rane asukoht","content":"Scandium Park kerkib suurimate magistraalide ristumispunkti Tallinna k\u00f5rgeimale alale. Nii on lennujaam, s\u00fcdalinn ja Tartu mnt k\u00f5ik k\u00e4eulatuses. Lisaks avanevad kontorist kaunid vaated merele, vanalinnale ja \u00dclemiste j\u00e4rvele.","url":"https:\/\/scandium.ee\/scandiumpark\/asukoht\/"}],"archidect_content":[{"image":970,"content":"<p>Peterburi tee 1a \u00e4rihoone on pulseerivate liiklusvoogude kohal\u00a0gradientses\u00a0r\u00fctmis k\u00f5rguv d\u00fcnaamilise arhitektuuriga maam\u00e4rk nii Peterburist, Tartust kui ka Riiast Tallinna kesklinna saabujatele.<\/p>\n<p>Hoone sisu\u00a0ja\u00a0v\u00e4limus on energiat\u00f5hus\u00a0ning\u00a0keskkonda rikastav.\u00a0Roheklaasistusega\u00a0valget k\u00f5rghoonet toetab madalam uudne p\u00e4ikeseenergiat talletav fassaad. Kuuenda korruse katuselt leiab roheaia, mis pakub linnamelust pelgupaika ning avab vaated \u00dclemiste j\u00e4rvele.<\/p>\n<p>&nbsp;<\/p>\n","office":"Pluss","office_long":"Arhitektuurib\u00fcroo Pluss","archidect_1":"Indrek Suigusaar","sign_1":"https:\/\/scandium.ee\/scandiumpark\/app\/uploads\/2021\/09\/Suigusaar.svg","archidect_2":"Jaan Jagom\u00e4gi","sign_2":"https:\/\/scandium.ee\/scandiumpark\/app\/uploads\/2021\/09\/Jagomagi.svg","archidect_3":"","sign_3":false},{"image":967,"content":"<p>Scandium\u00a0Park ei ole kindlasti tavaline b\u00fcroohoone. Formaalsete b\u00fcrooruumide asemel soovime luua keskkonna, kus inimesel on m\u00f5nus ja kodune olla.\u00a0V\u00f5imalikult palju p\u00f6\u00f6rame t\u00e4helepanu naturaalsetele\u00a0keskkonda s\u00e4\u00e4stvatele materjalidele\u00a0ja ajatule disainile.<\/p>\n<p>Lisaks \u00e4gedale b\u00fcrooalale,\u00a0on maja v\u00e4\u00e4rtuseks\u00a0raamatukoguga\u00a0lounge\u00a0ala, j\u00f5usaal ja joogasaal. Maja visiitkaardiks kujuneb uhke fuajeega\u00a0kohvik, mille stiil j\u00e4\u00e4b meelde, kutsub ja ootab k\u00fclastajaid tagasi.<\/p>\n","office":"Studio Argus","office_long":"Studio ARGUS","archidect_1":"Margit Argus","sign_1":"https:\/\/scandium.ee\/scandiumpark\/app\/uploads\/2021\/09\/Argus.svg","archidect_2":"Kaiko Kerdmann","sign_2":"https:\/\/scandium.ee\/scandiumpark\/app\/uploads\/2021\/09\/Kerdmann.svg","archidect_3":"Emely Mihkelsoo","sign_3":"https:\/\/scandium.ee\/scandiumpark\/app\/uploads\/2021\/09\/Mihkelsoo.svg"}],"gallery_image_1":575,"gallery_image_2":581,"gallery_image_3":572,"gallery_image_4":578,"location_map":496,"location_title":"Mugava ligip\u00e4\u00e4suga tuiksoon","location_content":"<p>Tallinna suurimate teede s\u00f5lmpunktis asuv Peterburi tee 1a hooneni j\u00f5uab kiiresti eri linnaosadest aga ka pealinnast v\u00e4ljastpoolt. Tulevane\u00a0Rail\u00a0Baltica\u00a0\u00fchisterminal, kuhu hakkavad saabuma rongid nii P\u00e4rnust, Riiast kui ka kaugemalt, asub maja k\u00f5rval.<\/p>\n","location_url":"https:\/\/scandium.ee\/scandiumpark\/asukoht\/","interactive-image":335,"interactive_content":[{"tooltip_position":"left: 65%; top: 10%;","tooltip_icon":"https:\/\/scandium.ee\/scandiumpark\/app\/uploads\/2021\/09\/Picto.svg","tooltip_content":"Tark ventilatsioon n\u00f5upidamisruumides j\u00e4lgib CO2 taset ja reguleerib automaatselt ventilatsiooni, et ka pikad koosolekud oleksid t\u00f5husad"},{"tooltip_position":"bottom: 35%; left: 60%;","tooltip_icon":"https:\/\/scandium.ee\/scandiumpark\/app\/uploads\/2021\/09\/Picto-5.svg","tooltip_content":"R\u00f5dul tagatud liigirikkus"},{"tooltip_position":"left: 25%; bottom: 30%;","tooltip_icon":"https:\/\/scandium.ee\/scandiumpark\/app\/uploads\/2021\/09\/Picto-4.svg","tooltip_content":"Roheterrass sobilik produktiivseteks kohtumisteks ja v\u00e4rske \u00f5hu nautimiseks "},{"tooltip_position":"left: 28%; top: 5%;","tooltip_icon":"https:\/\/scandium.ee\/scandiumpark\/app\/uploads\/2021\/09\/Picto-3.svg","tooltip_content":"Inspireerivad vaated merele, linnale ja j\u00e4rvele, et edendada m\u00f5ttet\u00f6\u00f6d "},{"tooltip_position":"top: 30%; left: 6%;","tooltip_icon":"https:\/\/scandium.ee\/scandiumpark\/app\/uploads\/2021\/09\/Picto-2.svg","tooltip_content":"Helikindlad kvaliteetsed aknad "},{"tooltip_position":"top: 5%; left: 5%;","tooltip_icon":"https:\/\/scandium.ee\/scandiumpark\/app\/uploads\/2021\/09\/Picto-1.svg","tooltip_content":"Silmas\u00f5bralik liikumisanduriga valgustus, et hoida silmad korras ja meele erksana"}],"gallery_title":"Hoone valmib","scandium_title":"Arendab Scandium","scandium_content":"<p>Scandium\u00a0Kinnisvara on laiahaardeline Eesti kinnisvaraarendaja. Meie fookus on luua terviklikke elu- ja \u00e4rikeskkondi, kus k\u00f5ik eluks vajalik oleks mugavalt l\u00e4hedal.\u00a0Scandiumis\u00a0arendame elukvaliteeti.<\/p>\n","interactive_title":"Laitmatud t\u00f6\u00f6tingimused ","interactive_text":"Innustame suurtele tegudele tagades parimad t\u00f6\u00f6tingimused "},"yoast_head":"<!-- This site is optimized with the Yoast SEO plugin v22.7 - https:\/\/yoast.com\/wordpress\/plugins\/seo\/ -->\n<title>\u00c4rihoone, kus eneseteostus on igap\u00e4evane - Scandium Park<\/title>\n<meta name=\"robots\" content=\"index, follow, max-snippet:-1, max-image-preview:large, max-video-preview:-1\" \/>\n<link rel=\"canonical\" href=\"https:\/\/scandium.ee\/scandiumpark\/\" \/>\n<meta property=\"og:locale\" content=\"et_EE\" \/>\n<meta property=\"og:type\" content=\"article\" \/>\n<meta property=\"og:title\" content=\"\u00c4rihoone, kus eneseteostus on igap\u00e4evane - Scandium Park\" \/>\n<meta property=\"og:url\" content=\"https:\/\/scandium.ee\/scandiumpark\/\" \/>\n<meta property=\"og:site_name\" content=\"Scandium Park\" \/>\n<meta property=\"article:modified_time\" content=\"2024-03-04T13:59:57+00:00\" \/>\n<meta property=\"og:image\" content=\"https:\/\/scandium.ee\/scandiumpark\/app\/uploads\/2021\/11\/scandium-park-ohtul-scaled.jpg\" \/>\n\t<meta property=\"og:image:width\" content=\"2560\" \/>\n\t<meta property=\"og:image:height\" content=\"2560\" \/>\n\t<meta property=\"og:image:type\" content=\"image\/jpeg\" \/>\n<meta name=\"twitter:card\" content=\"summary_large_image\" \/>\n<script type=\"application\/ld+json\" class=\"yoast-schema-graph\">{\"@context\":\"https:\/\/schema.org\",\"@graph\":[{\"@type\":\"WebPage\",\"@id\":\"https:\/\/scandium.ee\/scandiumpark\/\",\"url\":\"https:\/\/scandium.ee\/scandiumpark\/\",\"name\":\"\u00c4rihoone, kus eneseteostus on igap\u00e4evane - Scandium Park\",\"isPartOf\":{\"@id\":\"https:\/\/scandium.ee\/scandiumpark\/#website\"},\"datePublished\":\"2021-08-24T10:55:02+00:00\",\"dateModified\":\"2024-03-04T13:59:57+00:00\",\"breadcrumb\":{\"@id\":\"https:\/\/scandium.ee\/scandiumpark\/#breadcrumb\"},\"inLanguage\":\"et\",\"potentialAction\":[{\"@type\":\"ReadAction\",\"target\":[\"https:\/\/scandium.ee\/scandiumpark\/\"]}]},{\"@type\":\"BreadcrumbList\",\"@id\":\"https:\/\/scandium.ee\/scandiumpark\/#breadcrumb\",\"itemListElement\":[{\"@type\":\"ListItem\",\"position\":1,\"name\":\"Home\",\"item\":\"https:\/\/scandium.ee\/scandiumpark\/\"},{\"@type\":\"ListItem\",\"position\":2,\"name\":\"\u00c4rihoone, kus eneseteostus on igap\u00e4evane\"}]},{\"@type\":\"WebSite\",\"@id\":\"https:\/\/scandium.ee\/scandiumpark\/#website\",\"url\":\"https:\/\/scandium.ee\/scandiumpark\/\",\"name\":\"Scandium Park\",\"description\":\"\u00c4rihoone, kus eneseteostus on igap\u00e4evane\",\"potentialAction\":[{\"@type\":\"SearchAction\",\"target\":{\"@type\":\"EntryPoint\",\"urlTemplate\":\"https:\/\/scandium.ee\/scandiumpark\/?s={search_term_string}\"},\"query-input\":\"required name=search_term_string\"}],\"inLanguage\":\"et\"}]}<\/script>\n<!-- \/ Yoast SEO plugin. -->","yoast_head_json":{"title":"\u00c4rihoone, kus eneseteostus on igap\u00e4evane - Scandium Park","robots":{"index":"index","follow":"follow","max-snippet":"max-snippet:-1","max-image-preview":"max-image-preview:large","max-video-preview":"max-video-preview:-1"},"canonical":"https:\/\/scandium.ee\/scandiumpark\/","og_locale":"et_EE","og_type":"article","og_title":"\u00c4rihoone, kus eneseteostus on igap\u00e4evane - Scandium Park","og_url":"https:\/\/scandium.ee\/scandiumpark\/","og_site_name":"Scandium Park","article_modified_time":"2024-03-04T13:59:57+00:00","og_image":[{"width":2560,"height":2560,"url":"https:\/\/scandium.ee\/scandiumpark\/app\/uploads\/2021\/11\/scandium-park-ohtul-scaled.jpg","type":"image\/jpeg"}],"twitter_card":"summary_large_image","schema":{"@context":"https:\/\/schema.org","@graph":[{"@type":"WebPage","@id":"https:\/\/scandium.ee\/scandiumpark\/","url":"https:\/\/scandium.ee\/scandiumpark\/","name":"\u00c4rihoone, kus eneseteostus on igap\u00e4evane - Scandium Park","isPartOf":{"@id":"https:\/\/scandium.ee\/scandiumpark\/#website"},"datePublished":"2021-08-24T10:55:02+00:00","dateModified":"2024-03-04T13:59:57+00:00","breadcrumb":{"@id":"https:\/\/scandium.ee\/scandiumpark\/#breadcrumb"},"inLanguage":"et","potentialAction":[{"@type":"ReadAction","target":["https:\/\/scandium.ee\/scandiumpark\/"]}]},{"@type":"BreadcrumbList","@id":"https:\/\/scandium.ee\/scandiumpark\/#breadcrumb","itemListElement":[{"@type":"ListItem","position":1,"name":"Home","item":"https:\/\/scandium.ee\/scandiumpark\/"},{"@type":"ListItem","position":2,"name":"\u00c4rihoone, kus eneseteostus on igap\u00e4evane"}]},{"@type":"WebSite","@id":"https:\/\/scandium.ee\/scandiumpark\/#website","url":"https:\/\/scandium.ee\/scandiumpark\/","name":"Scandium Park","description":"\u00c4rihoone, kus eneseteostus on igap\u00e4evane","potentialAction":[{"@type":"SearchAction","target":{"@type":"EntryPoint","urlTemplate":"https:\/\/scandium.ee\/scandiumpark\/?s={search_term_string}"},"query-input":"required name=search_term_string"}],"inLanguage":"et"}]}},"_links":{"self":[{"href":"https:\/\/scandium.ee\/scandiumpark\/wp-json\/wp\/v2\/pages\/5"}],"collection":[{"href":"https:\/\/scandium.ee\/scandiumpark\/wp-json\/wp\/v2\/pages"}],"about":[{"href":"https:\/\/scandium.ee\/scandiumpark\/wp-json\/wp\/v2\/types\/page"}],"author":[{"embeddable":true,"href":"https:\/\/scandium.ee\/scandiumpark\/wp-json\/wp\/v2\/users\/1"}],"replies":[{"embeddable":true,"href":"https:\/\/scandium.ee\/scandiumpark\/wp-json\/wp\/v2\/comments?post=5"}],"version-history":[{"count":5,"href":"https:\/\/scandium.ee\/scandiumpark\/wp-json\/wp\/v2\/pages\/5\/revisions"}],"predecessor-version":[{"id":1883,"href":"https:\/\/scandium.ee\/scandiumpark\/wp-json\/wp\/v2\/pages\/5\/revisions\/1883"}],"wp:attachment":[{"href":"https:\/\/scandium.ee\/scandiumpark\/wp-json\/wp\/v2\/media?parent=5"}],"curies":[{"name":"wp","href":"https:\/\/api.w.org\/{rel}","templated":true}]}}