{"id":3,"date":"2021-08-24T08:20:43","date_gmt":"2021-08-24T08:20:43","guid":{"rendered":"http:\/\/scandiumpark.test\/?page_id=3"},"modified":"2022-11-18T12:49:30","modified_gmt":"2022-11-18T12:49:30","slug":"privaatsustingimused","status":"publish","type":"page","link":"https:\/\/scandium.ee\/scandiumpark\/privaatsustingimused\/","title":{"rendered":"Privaatsustingimused ja k\u00fcpsised"},"content":{"rendered":"<p>Isikuandmete vastutav t\u00f6\u00f6tleja ja kasutaja on Scandium Kinnisvara AS, registrikood 12957803 ning RE Kinnisvara AS, registrikood 10462629.<\/p>\n<p>K\u00e4esolevaga informeerime Teid meie Teenuse kasutamisel Teie isikuandmete andmete kogumise, kasutamise ja avaldamise poliitikast. Kasutame Teie andmeid, et Teile Teenust osutada ja seda parendada. Meie Teenuse kasutamisega olete n\u00f5ustunud, et kogume ja kasutame Teie andmeid vastavalt k\u00e4esolevale poliitikale.<\/p>\n<h2>Isikuandmed<\/h2>\n<p>Kliendisuhte raames esitab klient meile muu hulgas oma nime, e-posti aadressi ja telefoninumbri, korteriomandi(te) ostmisel ka vastava korteriomandi aadressi. Kasutame eelnimetatud isikuandmeid lepingu ettevalmistamiseks, s\u00f5lmimiseks ja t\u00e4itmiseks, samuti turundustegevuse eesm\u00e4rgil, sealhulgas:<\/p>\n<ul>\n<li>kliendiga \u00fchenduse v\u00f5tmiseks seoses kliendile huvi pakkunud korteriomandi(te)ga,<\/li>\n<li>kontaktide nimekirja s\u00e4ilitamiseks,<\/li>\n<li>tagasiside k\u00fcsimiseks,<\/li>\n<li>teabekirjade saatmiseks,<\/li>\n<li>garantiit\u00f6\u00f6de teostamiseks.<\/li>\n<\/ul>\n<h2>Andmete s\u00e4ilitamine<\/h2>\n<p>S\u00e4ilitame kliendi isikuandmeid seni, kuni klient annab teada, et soovib need kustutada. Sellisel juhul kustutame kliendi andmed oma andmebaasidest ja l\u00f5petame kliendile teabe saatmise. Me ei s\u00e4ilita kliendi isikuandmeid kauem, kui see on vajalik kliendi isikuandmete t\u00f6\u00f6tlemise eesm\u00e4rkide v\u00f5i seadusest tulenevate n\u00f5uete t\u00e4itmiseks.<\/p>\n<p>Me ei m\u00fc\u00fc, ei anna kasutusse, ei levita ega edasta muul viisil kliendi isikuandmeid kolmandatele isikutele.<\/p>\n<h2>Kliendi \u00f5igused<\/h2>\n<p>Kliendil on alati \u00f5igus p\u00f6\u00f6rduda meie poole, et saada teavet oma isikuandmete t\u00f6\u00f6tlemise kohta. Isikuandmete kaitse \u00fcldm\u00e4\u00e4ruse alusel on kliendil muu hulgas j\u00e4rgmised \u00f5igused:<\/p>\n<ul>\n<li>\u00f5igus teada, milliseid isikuandmeid me t\u00f6\u00f6tleme, ja paluda neist koopiat,<\/li>\n<li>\u00f5igus paluda parandada valeandmed v\u00f5i isikuandmed kustutada,<\/li>\n<li>\u00f5igus esitada vastuv\u00e4iteid oma isikuandmete t\u00f6\u00f6tlemise kohta ja n\u00f5uda nende t\u00f6\u00f6tlemise piiramist.<\/li>\n<\/ul>\n<p>J\u00e4tame endale \u00f5iguse neid p\u00f5him\u00f5tteid muuta. Anname Teile sellest teada, postitades uue privaatsuspoliitika k\u00e4esolevale lehele.<\/p>\n<h2>K\u00fcpsised<\/h2>\n<p>K\u00fcpsised (ingl\u00a0<em>cookies<\/em>) on v\u00e4iksemahulised tekstifailid, mis salvestatakse AS Scandium Kinnisvara (registrikood 12957803, aadress Hallivanamehe 4, 11317 Tallinn, Eesti Vabariik; edaspidi <em>meie<\/em>) veebilehtesid k\u00fclastades brauseri poolt veebilehe k\u00fclastaja (edaspidi\u00a0<em>teie<\/em>) poolt kasutatavasse seadmesse.<\/p>\n<p>K\u00fcpsiste kasutamise eesm\u00e4rk on hinnata ja j\u00e4lgida meie veebilehtede kasutatavust, eesm\u00e4rgiga teie kasutuskogemust rikastada, pakkudes teile veebilehe isikup\u00e4rasemat ja mugavamat navigeerimist.<\/p>\n<p>&nbsp;<\/p>\n<h2><strong>Milliseid k\u00fcpsiseid meie veebileht kasutab?<\/strong><\/h2>\n<p>Meie veebileht kasutab esimese ja kolmanda osapoole k\u00fcpsiseid, mis oma olemuselt jagunevad kaheks, s.o ajutised ja p\u00fcsik\u00fcpsised.<\/p>\n<p>Esimese osapoole ehk autori-k\u00fcpsised\u00a0p\u00e4rinevad meie veebilehelt ning v\u00f5ivad olla nii p\u00fcsivad kui ka ajutised. Selliste k\u00fcpsiste abil saame salvestada teavet, mida taaskasutatakse j\u00e4rgmisel korral, kui te meie veebilehte k\u00fclastate.<\/p>\n<p>Kolmandate osapoolte\u00a0k\u00fcpsised\u00a0p\u00e4rinevad kolmandatelt isikutelt, s.o ettev\u00f5tetelt ja isikutelt, keda me oma teenuste jaoks kasutame (Google Inc, Google Analytics, META jne). Selliste k\u00fcpsiste abil kogume nt teavet veebilehe statistika ja reklaamide jaoks. M\u00e4rgime, et me ei oma ligip\u00e4\u00e4su ega kontrolli kolmandate osapoolte poolt paigaldatavaid k\u00fcpsiseid ning nende paigaldamine ja kasutamine toimub l\u00e4htuvalt paigaldajate endi privaatsuspoliitikast.<\/p>\n<p>Ajutised\u00a0ehk\u00a0seansik\u00fcpsised kustutab teie seade p\u00e4rast meie veebilehe sulgemist. Ajutised k\u00fcpsised on vajalikud n\u00e4iteks meie veebilehe keelevaliku salvestamiseks.<\/p>\n<p>P\u00fcsik\u00fcpsised\u00a0salvestuvad teie seadmesse p\u00e4rast meie veebilehe sulgemist. P\u00fcsik\u00fcpsised v\u00f5ivad j\u00e4\u00e4da teie arvutisse kuudeks v\u00f5i aastateks.<\/p>\n<p>Meie veebilehed v\u00f5ivad kasutada ja paigaldada teie seadmesse j\u00e4rgmiste kategooria k\u00fcpsised:<\/p>\n<p>Tehnilised k\u00fcpsised, mis on vajalikud, et te saaksite veebilehel navigeerida ja veebilehe funktsioone kasutada.<\/p>\n<p>Multimeedia esitamiseks kasutatavad k\u00fcpsised, mis salvestavad video- v\u00f5i audiomaterjali esitamiseks vajalikku tehnilist teavet.<\/p>\n<p>Anal\u00fc\u00fctilised k\u00fcpsised, mis koguvad teavet selle kohta, kuidas veebilehte kasutatakse. Need k\u00fcpsised ei kogu teavet, mis v\u00f5imaldaks teid otseselt tuvastada.<\/p>\n<p>Autentimise k\u00fcpsised, mis v\u00f5imaldavad veebilehel meeles pidada teie tehtud valikuid.<\/p>\n<p>Reklaamik\u00fcpsised, mida veebileht kasutab teie huvidele sihitud reklaamide pakkumiseks. K\u00fcpsised reguleerivad, mitu korda te konkreetset reklaami n\u00e4ete ning aitavad \u00fchtlasi m\u00f5\u00f5ta reklaamikampaania t\u00f5husust.<\/p>\n<h2><strong>Kuidas v\u00e4ltida k\u00fcpsiseid?\u00a0<\/strong><\/h2>\n<p>J\u00e4tkates meie veebilehe kasutamist, arvestame automaatselt, et olete andnud meile n\u00f5usoleku k\u00fcpsiste kasutamiseks. Kui\u00a0te ei soovi, et teie seadmesse salvestatakse k\u00fcpsiseid, saate oma veebilehitseja turvas\u00e4tetes muuta k\u00fcpsiste salvestumisest teavitamise seadeid, k\u00f5ik k\u00fcpsised blokeerida v\u00f5i kustutada juba teie seadmesse salvestunud k\u00fcpsised. Samas m\u00e4rgime, et k\u00f5ikide k\u00fcpsiste blokeerimine v\u00f5ib k\u00fcll aidata teil kaitsta teie privaatsust, kuid samas piirata m\u00f5ne meie veebilehe olulise funktsiooni toimimist.<\/p>\n<h2><strong>Muudatused k\u00fcpsiste kasutamise eeskirjas<\/strong><\/h2>\n<p>J\u00e4tame endale \u00f5iguse k\u00fcpsiste kasutamise eeskirja vajadusel muuta ning asjakohastada vastavalt uuenevale seadusandlusele ja regulatsioonidele.Veebilehte kasutades kontrollige k\u00e4esoleva lehek\u00fclje sisu, tutvumaks k\u00fcpsiste kasutamise eeskirja uuenduste ja muudatustega.<\/p>\n<h2><strong>Kontaktandmed<\/strong><\/h2>\n<p>Kui soovite t\u00e4psustada k\u00fcsimusi seoses k\u00fcpsiste kasutamise eeskirjaga, v\u00f5tke palun meiega \u00fchendust info@scandium.ee<\/p>\n<p>&nbsp;<\/p>\n","protected":false},"excerpt":{"rendered":"<p>Isikuandmete vastutav t\u00f6\u00f6tleja ja kasutaja on Scandium Kinnisvara AS, registrikood 12957803 ning RE Kinnisvara AS, registrikood 10462629. K\u00e4esolevaga informeerime Teid &hellip; <a href=\"https:\/\/scandium.ee\/scandiumpark\/privaatsustingimused\/\">Continued<\/a><\/p>\n","protected":false},"author":1,"featured_media":0,"parent":0,"menu_order":0,"comment_status":"closed","ping_status":"open","template":"views\/template-blank.blade.php","meta":{"_acf_changed":false,"inline_featured_image":false,"_monsterinsights_skip_tracking":false,"_monsterinsights_sitenote_active":false,"_monsterinsights_sitenote_note":"","_monsterinsights_sitenote_category":0,"footnotes":""},"acf":{"fixed_column":false,"interactive_title":"","interactive_text":"","interactive-image":false,"interactive_content":false},"yoast_head":"<!-- This site is optimized with the Yoast SEO plugin v22.7 - https:\/\/yoast.com\/wordpress\/plugins\/seo\/ -->\n<title>Privaatsustingimused ja k\u00fcpsised - Scandium Park<\/title>\n<meta name=\"robots\" content=\"index, follow, max-snippet:-1, max-image-preview:large, max-video-preview:-1\" \/>\n<link rel=\"canonical\" href=\"https:\/\/scandium.ee\/scandiumpark\/privaatsustingimused\/\" \/>\n<meta property=\"og:locale\" content=\"et_EE\" \/>\n<meta property=\"og:type\" content=\"article\" \/>\n<meta property=\"og:title\" content=\"Privaatsustingimused ja k\u00fcpsised - Scandium Park\" \/>\n<meta property=\"og:description\" content=\"Isikuandmete vastutav t\u00f6\u00f6tleja ja kasutaja on Scandium Kinnisvara AS, registrikood 12957803 ning RE Kinnisvara AS, registrikood 10462629. K\u00e4esolevaga informeerime Teid &hellip; Continued\" \/>\n<meta property=\"og:url\" content=\"https:\/\/scandium.ee\/scandiumpark\/privaatsustingimused\/\" \/>\n<meta property=\"og:site_name\" content=\"Scandium Park\" \/>\n<meta property=\"article:modified_time\" content=\"2022-11-18T12:49:30+00:00\" \/>\n<meta property=\"og:image\" content=\"https:\/\/scandium.ee\/scandiumpark\/app\/uploads\/2021\/11\/scandium-park-ohtul-scaled.jpg\" \/>\n\t<meta property=\"og:image:width\" content=\"2560\" \/>\n\t<meta property=\"og:image:height\" content=\"2560\" \/>\n\t<meta property=\"og:image:type\" content=\"image\/jpeg\" \/>\n<meta name=\"twitter:card\" content=\"summary_large_image\" \/>\n<meta name=\"twitter:label1\" content=\"Est. reading time\" \/>\n\t<meta name=\"twitter:data1\" content=\"4 minutit\" \/>\n<script type=\"application\/ld+json\" class=\"yoast-schema-graph\">{\"@context\":\"https:\/\/schema.org\",\"@graph\":[{\"@type\":\"WebPage\",\"@id\":\"https:\/\/scandium.ee\/scandiumpark\/privaatsustingimused\/\",\"url\":\"https:\/\/scandium.ee\/scandiumpark\/privaatsustingimused\/\",\"name\":\"Privaatsustingimused ja k\u00fcpsised - Scandium Park\",\"isPartOf\":{\"@id\":\"https:\/\/scandium.ee\/scandiumpark\/#website\"},\"datePublished\":\"2021-08-24T08:20:43+00:00\",\"dateModified\":\"2022-11-18T12:49:30+00:00\",\"breadcrumb\":{\"@id\":\"https:\/\/scandium.ee\/scandiumpark\/privaatsustingimused\/#breadcrumb\"},\"inLanguage\":\"et\",\"potentialAction\":[{\"@type\":\"ReadAction\",\"target\":[\"https:\/\/scandium.ee\/scandiumpark\/privaatsustingimused\/\"]}]},{\"@type\":\"BreadcrumbList\",\"@id\":\"https:\/\/scandium.ee\/scandiumpark\/privaatsustingimused\/#breadcrumb\",\"itemListElement\":[{\"@type\":\"ListItem\",\"position\":1,\"name\":\"Home\",\"item\":\"https:\/\/scandium.ee\/scandiumpark\/\"},{\"@type\":\"ListItem\",\"position\":2,\"name\":\"Privaatsustingimused ja k\u00fcpsised\"}]},{\"@type\":\"WebSite\",\"@id\":\"https:\/\/scandium.ee\/scandiumpark\/#website\",\"url\":\"https:\/\/scandium.ee\/scandiumpark\/\",\"name\":\"Scandium Park\",\"description\":\"\u00c4rihoone, kus eneseteostus on igap\u00e4evane\",\"potentialAction\":[{\"@type\":\"SearchAction\",\"target\":{\"@type\":\"EntryPoint\",\"urlTemplate\":\"https:\/\/scandium.ee\/scandiumpark\/?s={search_term_string}\"},\"query-input\":\"required name=search_term_string\"}],\"inLanguage\":\"et\"}]}<\/script>\n<!-- \/ Yoast SEO plugin. -->","yoast_head_json":{"title":"Privaatsustingimused ja k\u00fcpsised - Scandium Park","robots":{"index":"index","follow":"follow","max-snippet":"max-snippet:-1","max-image-preview":"max-image-preview:large","max-video-preview":"max-video-preview:-1"},"canonical":"https:\/\/scandium.ee\/scandiumpark\/privaatsustingimused\/","og_locale":"et_EE","og_type":"article","og_title":"Privaatsustingimused ja k\u00fcpsised - Scandium Park","og_description":"Isikuandmete vastutav t\u00f6\u00f6tleja ja kasutaja on Scandium Kinnisvara AS, registrikood 12957803 ning RE Kinnisvara AS, registrikood 10462629. K\u00e4esolevaga informeerime Teid &hellip; Continued","og_url":"https:\/\/scandium.ee\/scandiumpark\/privaatsustingimused\/","og_site_name":"Scandium Park","article_modified_time":"2022-11-18T12:49:30+00:00","og_image":[{"width":2560,"height":2560,"url":"https:\/\/scandium.ee\/scandiumpark\/app\/uploads\/2021\/11\/scandium-park-ohtul-scaled.jpg","type":"image\/jpeg"}],"twitter_card":"summary_large_image","twitter_misc":{"Est. reading time":"4 minutit"},"schema":{"@context":"https:\/\/schema.org","@graph":[{"@type":"WebPage","@id":"https:\/\/scandium.ee\/scandiumpark\/privaatsustingimused\/","url":"https:\/\/scandium.ee\/scandiumpark\/privaatsustingimused\/","name":"Privaatsustingimused ja k\u00fcpsised - Scandium Park","isPartOf":{"@id":"https:\/\/scandium.ee\/scandiumpark\/#website"},"datePublished":"2021-08-24T08:20:43+00:00","dateModified":"2022-11-18T12:49:30+00:00","breadcrumb":{"@id":"https:\/\/scandium.ee\/scandiumpark\/privaatsustingimused\/#breadcrumb"},"inLanguage":"et","potentialAction":[{"@type":"ReadAction","target":["https:\/\/scandium.ee\/scandiumpark\/privaatsustingimused\/"]}]},{"@type":"BreadcrumbList","@id":"https:\/\/scandium.ee\/scandiumpark\/privaatsustingimused\/#breadcrumb","itemListElement":[{"@type":"ListItem","position":1,"name":"Home","item":"https:\/\/scandium.ee\/scandiumpark\/"},{"@type":"ListItem","position":2,"name":"Privaatsustingimused ja k\u00fcpsised"}]},{"@type":"WebSite","@id":"https:\/\/scandium.ee\/scandiumpark\/#website","url":"https:\/\/scandium.ee\/scandiumpark\/","name":"Scandium Park","description":"\u00c4rihoone, kus eneseteostus on igap\u00e4evane","potentialAction":[{"@type":"SearchAction","target":{"@type":"EntryPoint","urlTemplate":"https:\/\/scandium.ee\/scandiumpark\/?s={search_term_string}"},"query-input":"required name=search_term_string"}],"inLanguage":"et"}]}},"_links":{"self":[{"href":"https:\/\/scandium.ee\/scandiumpark\/wp-json\/wp\/v2\/pages\/3"}],"collection":[{"href":"https:\/\/scandium.ee\/scandiumpark\/wp-json\/wp\/v2\/pages"}],"about":[{"href":"https:\/\/scandium.ee\/scandiumpark\/wp-json\/wp\/v2\/types\/page"}],"author":[{"embeddable":true,"href":"https:\/\/scandium.ee\/scandiumpark\/wp-json\/wp\/v2\/users\/1"}],"replies":[{"embeddable":true,"href":"https:\/\/scandium.ee\/scandiumpark\/wp-json\/wp\/v2\/comments?post=3"}],"version-history":[{"count":5,"href":"https:\/\/scandium.ee\/scandiumpark\/wp-json\/wp\/v2\/pages\/3\/revisions"}],"predecessor-version":[{"id":1837,"href":"https:\/\/scandium.ee\/scandiumpark\/wp-json\/wp\/v2\/pages\/3\/revisions\/1837"}],"wp:attachment":[{"href":"https:\/\/scandium.ee\/scandiumpark\/wp-json\/wp\/v2\/media?parent=3"}],"curies":[{"name":"wp","href":"https:\/\/api.w.org\/{rel}","templated":true}]}}