{"id":343,"date":"2024-05-30T17:15:24","date_gmt":"2024-05-30T14:15:24","guid":{"rendered":"https:\/\/scandium.ee\/marienholm\/?page_id=343"},"modified":"2025-10-27T12:41:26","modified_gmt":"2025-10-27T09:41:26","slug":"muugiinfo","status":"publish","type":"page","link":"https:\/\/scandium.ee\/marienholm\/muugiinfo\/","title":{"rendered":"M\u00fc\u00fcgiinfo"},"content":{"rendered":"<section class=\"contact-block\">\n    <div class=\"contact-section position-relative pt-32 pt-lg-128 pb-140 pb-200\" data-anchor=\"kontakt\">\n    <div class=\"container\">\n        \n        \n        <div class=\"content-wrap d-flex flex-column flex-lg-row flex-lg-nowrap gap-96\">\n            <div class=\"image-col\">\n                                    <div class=\"image-wrap rounded-pill overflow-hidden\">\n                        <img decoding=\"async\" class=\"\" src=\"https:\/\/scandium.ee\/marienholm\/wp-content\/uploads\/2024\/05\/contact-scaled.jpg\" width=\"1708\" height=\"2560\" alt=\"\" \/>\n                    <\/div>\n                            <\/div>\n\n            <div class=\"contact-content d-grid\">\n                <div class=\"info\">\n                                            <h2 class=\"fs-120 fw-400 color-white mb-96\">Astu pardale!<\/h2>\n                    \n                    <div class=\"details d-flex mb-48\">\n                        <div class=\"wrap\">\n                                                            <p class=\"name mb-0\">Maia L\u00f5\u0161ko<\/p>\n                            \n                                                            <p class=\"occupation mb-0\">M\u00fc\u00fcgi projektijuht<\/p>\n                                                    <\/div>\n\n                        <div class=\"wrap\">\n                                                            <p class=\"phone mb-0\">\n                                    <a href=\"tel:+372 5805 1107\">+372 5805 1107<\/a>\n                                <\/p>\n                            \n                                                            <p class=\"mail mb-0\">\n                                    <a href=\"mailto:maia@scandium.ee\">maia@scandium.ee<\/a>\n                                <\/p>\n                                                    <\/div>\n                    <\/div>\n\n                                            <button class=\"btn form-open darkCream large\">V\u00f5ta \u00fchendust<\/button>\n                                    <\/div>\n\n                                    <div class=\"form hidden\">\n                        <div class=\"form-wrap\">\n                            \n<div class=\"wpcf7 no-js\" id=\"wpcf7-f10-o1\" lang=\"et\" dir=\"ltr\" data-wpcf7-id=\"10\">\n<div class=\"screen-reader-response\"><p role=\"status\" aria-live=\"polite\" aria-atomic=\"true\"><\/p> <ul><\/ul><\/div>\n<form action=\"\/marienholm\/wp-json\/wp\/v2\/pages\/343#wpcf7-f10-o1\" method=\"post\" class=\"wpcf7-form init\" aria-label=\"Contact form\" novalidate=\"novalidate\" data-status=\"init\">\n<fieldset class=\"hidden-fields-container\"><input type=\"hidden\" name=\"_wpcf7\" value=\"10\" \/><input type=\"hidden\" name=\"_wpcf7_version\" value=\"6.1.3\" \/><input type=\"hidden\" name=\"_wpcf7_locale\" value=\"et\" \/><input type=\"hidden\" name=\"_wpcf7_unit_tag\" value=\"wpcf7-f10-o1\" \/><input type=\"hidden\" name=\"_wpcf7_container_post\" value=\"0\" \/><input type=\"hidden\" name=\"_wpcf7_posted_data_hash\" value=\"\" \/><input type=\"hidden\" name=\"_wpcf7_recaptcha_response\" value=\"\" \/>\n<\/fieldset>\n<span class=\"wpcf7-form-control-wrap\" data-name=\"your-name\"><input size=\"40\" maxlength=\"400\" class=\"wpcf7-form-control wpcf7-text wpcf7-validates-as-required\" aria-required=\"true\" aria-invalid=\"false\" placeholder=\"NIMI JA PEREKONNANIMI*\" value=\"\" type=\"text\" name=\"your-name\" \/><\/span>\n<span class=\"wpcf7-form-control-wrap\" data-name=\"your-phone\"><input size=\"40\" maxlength=\"400\" class=\"wpcf7-form-control wpcf7-tel wpcf7-validates-as-required wpcf7-text wpcf7-validates-as-tel\" aria-required=\"true\" aria-invalid=\"false\" placeholder=\"TELEFON*\" value=\"\" type=\"tel\" name=\"your-phone\" \/><\/span>\n<span class=\"wpcf7-form-control-wrap\" data-name=\"your-email\"><input size=\"40\" maxlength=\"400\" class=\"wpcf7-form-control wpcf7-email wpcf7-validates-as-required wpcf7-text wpcf7-validates-as-email\" aria-required=\"true\" aria-invalid=\"false\" placeholder=\"E-MAIL*\" value=\"\" type=\"email\" name=\"your-email\" \/><\/span>\n<span class=\"wpcf7-form-control-wrap\" data-name=\"your-message\"><textarea cols=\"40\" rows=\"10\" maxlength=\"2000\" class=\"wpcf7-form-control wpcf7-textarea\" aria-invalid=\"false\" placeholder=\"S\u00d5NUM\" name=\"your-message\"><\/textarea><\/span>\n<input class=\"wpcf7-form-control wpcf7-hidden\" value=\"1\" type=\"hidden\" name=\"pipedrive\" \/>\n<span class=\"wpcf7-form-control-wrap\" data-name=\"accept-conditions\"><span class=\"wpcf7-form-control wpcf7-acceptance\"><span class=\"wpcf7-list-item\"><label><input type=\"checkbox\" name=\"accept-conditions\" value=\"1\" aria-invalid=\"false\" \/><span class=\"wpcf7-list-item-label\">N\u00f5ustun <a class=\"color-inherit\" href=\"https:\/\/scandium.ee\/marienholm\/privaatsustingimused-ja-kupsiste-kasutamise-eeskiri\/\" target=\"_blank\">andmete t\u00f6\u00f6tlemise tingimustega<\/a><\/span><\/label><\/span><\/span><\/span>\n<input class=\"wpcf7-form-control wpcf7-submit has-spinner\" type=\"submit\" value=\"Saada\" \/>\n<div class=\"response-wrap\"><div class=\"wpcf7-response-output\" aria-hidden=\"true\"><\/div><\/div>\n<\/form>\n<\/div>\n                        <\/div>\n\n                        <button class=\"btn form-close lightCream large w-100 mt-16\">Tagasi<\/button>\n                    <\/div>\n                            <\/div>\n        <\/div>\n    <\/div>\n<\/div><\/section>\n\n<section class=\"selling-process-block pt-42 pb-80 py-lg-100\">\n    <div class=\"container\">\n                    <div\n    class=\"logo-title color-cream d-flex flex-column flex-lg-row flex-lg-nowrap align-items-start direction-left gap-24\">\n            \n        <div class=\"title-wrap fade-in-right\">\n                            <h1 class=\"fs-140 mb-0\">M\u00fc\u00fcgiprotsessi<br> 2 etappi<\/h1>\n                    <\/div>\n    \n    <div class=\"logo-wrap w-100 d-flex flex-grow-1 align-items-center gap-24 mt-0 mt-lg-64\" style=\"width:100%\">\n                    <div class=\"line slide-length delay bg-cream\"><\/div>\n            <svg class=\"flex-shrink-0 fade-in delay\" xmlns=\"http:\/\/www.w3.org\/2000\/svg\" width=\"33\" height=\"24\"\n                 viewBox=\"0 0 33 24\" fill=\"none\">\n                <path\n                    d=\"M27.4274 21.3793L25.5027 22.1107H33L31.015 21.3793C30.4853 21.1824 30.1634 20.7534 30.0159 20.0431L25.3083 1.62455L24.9059 0L16.4631 18.9812L8.02703 0.00702881L2.88356 20.1345C2.73603 20.7745 2.41414 21.1754 1.90449 21.3723L0 22.1037H6.26336L4.1711 21.3723C3.92298 21.2879 3.90286 21.1684 3.88945 21.1121C3.85592 20.9011 3.87604 20.6409 3.95651 20.3385L7.79232 5.3589L15.7523 23.2711L23.7793 5.23231L27.6419 20.3455C27.7157 20.6198 27.7358 20.873 27.7023 21.098C27.6956 21.1613 27.6755 21.2879 27.4206 21.3793H27.4274Z\"\n                    fill=\"#D5C9B3\"\/>\n            <\/svg>\n            <\/div>\n\n    \n    <\/div>\n        \n        <div class=\"row items gx-32 mt-48\">\n                                            <div class=\"col col-md-4 col-12 fade-in-up\">\n                    <div class=\"title\"><h4 class=\"fs-35 font-baskerville\">1. Korteri broneerimine<\/h4><\/div>\n                    <div class=\"text_wrapper pt-md-20\">\n                        <p>Korteri broneerimisel s\u00f5lmitakse ostjaga broneerimisleping, mil ostusoovi kinnitamiseks tasub ostja 5000 euro suuruse broneerimistasu.<\/p>\n                    <\/div>\n                <\/div>\n                                            <div class=\"col col-md-4 col-12 fade-in-up\">\n                    <div class=\"title\"><h4 class=\"fs-35 font-baskerville\">2. Asja\u00f5iguslik leping<\/h4><\/div>\n                    <div class=\"text_wrapper pt-md-20\">\n                        <p>Korteri valmimisel teostatakse ostjaga \u00fclevaatus, mille j\u00e4rgselt s\u00f5lmitakse notariaalne asja\u00f5iguslik leping. Ostja tasub \u00fclej\u00e4\u00e4nud osa ostu-m\u00fc\u00fcgihinnast ning toimub omandi\u00f5iguse \u00fcleminek ostjale.<\/p>\n                    <\/div>\n                <\/div>\n                                            <div class=\"col col-md-4 col-12 fade-in-up\">\n                    <div class=\"title\"><h4 class=\"fs-35 font-baskerville\"><\/h4><\/div>\n                    <div class=\"text_wrapper pt-md-20\">\n                        <p>T\u00e4psemat m\u00fc\u00fcgiinfot k\u00fcsige julgelt m\u00fc\u00fcgijuhilt.<\/p>\n                    <\/div>\n                <\/div>\n                                            <div class=\"col col-md-4 col-12 fade-in-up\">\n                    <div class=\"title\"><h4 class=\"fs-35 font-baskerville\">Hinnas sisaldub<\/h4><\/div>\n                    <div class=\"text_wrapper pt-md-20\">\n                        <ul>\n<li>Kliendi poolt valitud siseviimistluspaketiga viimistletud korter<\/li>\n<li>Jahutuse valmidus<\/li>\n<li>Valitud korteritel k\u00f6\u00f6k\/sisustus<\/li>\n<\/ul>\n                    <\/div>\n                <\/div>\n                                            <div class=\"col col-md-4 col-12 fade-in-up\">\n                    <div class=\"title\"><h4 class=\"fs-35 font-baskerville\">Hinnas ei sisaldu<\/h4><\/div>\n                    <div class=\"text_wrapper pt-md-20\">\n                        <ul>\n<li>Ostuga seotud notaritasud ja riigil\u00f5ivud;<\/li>\n<li>Panipaik ja parkimiskoht.<\/li>\n<li>Korterile nutiluku\/jahutuse paigaldus<\/li>\n<\/ul>\n                    <\/div>\n                <\/div>\n                    <\/div>\n    <\/div>\n<\/section>\n\n<section class=\"image-block\">\n    <img decoding=\"async\" src=\"https:\/\/scandium.ee\/marienholm\/wp-content\/uploads\/2025\/07\/marienholm-scandium-raigo-tonisalu-1.png\" width=\"3942\" height=\"2217\" alt=\"\" \/>\n    \n    <\/section>\n\n\n<section class=\"finance-block position-relative bg-cream pt-42 pt-lg-100 pb-64\">\n    <div class=\"container\">\n                    <h2 class=\"fs-140 color-white mb-64\">Finantseerimine<\/h2>\n        \n        <div class=\"row gx-32 gy-64\">\n                                            <div class=\"col col-lg-4 col-12\">\n                    <div class=\"block-item-content\">\n                        <div class=\"image-wrap mb-lg-64 mb-32 d-flex align-items-center justify-content-start\">\n                                                            <a href=\"https:\/\/www.swedbank.ee\/private\/credit\/loans\/home?language=EST&#038;campaignCode=SCANDIUM&#038;allYear_KVwebscandium_homeloan_findoutmore_ee_est\" target=\"_blank\" rel=\"noopener\">\n                                    <img decoding=\"async\" class=\"no-lazy\" src=\"https:\/\/scandium.ee\/marienholm\/wp-content\/uploads\/2024\/06\/Group-649.svg\" width=\"275\" height=\"59\" alt=\"\" \/>\n                                <\/a>\n                                                    <\/div>\n\n                                                    <div class=\"text-wrap\">\n                                <p><i><span lang=\"ET\">Teeme koduostu Sinu jaoks lihtsaks. Teenindame Sind Marienholmi kliendina eelisj\u00e4rjekorras.<\/span><\/i><br \/>\n<a href=\"https:\/\/www.swedbank.ee\/private\/credit\/loans\/home?language=EST&amp;campaignCode=SCANDIUM&amp;allYear_KVwebscandium_homeloan_findoutmore_ee_est\" target=\"_blank\" rel=\"noopener\">T\u00e4idan taotluse<\/a><\/p>\n                            <\/div>\n                                            <\/div>\n                <\/div>\n                                            <div class=\"col col-lg-4 col-12\">\n                    <div class=\"block-item-content\">\n                        <div class=\"image-wrap mb-lg-64 mb-32 d-flex align-items-center justify-content-start\">\n                                                            <a href=\"https:\/\/www.cooppank.ee\/avaleht\" target=\"_blank\" rel=\"noopener\">\n                                    <img decoding=\"async\" class=\"no-lazy\" src=\"https:\/\/scandium.ee\/marienholm\/wp-content\/uploads\/2024\/06\/Layer_1-1.svg\" width=\"228\" height=\"41\" alt=\"\" \/>\n                                <\/a>\n                                                    <\/div>\n\n                                                    <div class=\"text-wrap\">\n                                <p>Coop Pank on meie hea laenupartner. Marienholmis pakub Coop Pank rohelist kodulaenu.<\/p>\n<p>Eralaenuhalduri kontakt:<br \/>\nJulia Rozenfeld<br \/>\n<a href=\"mailto:julia.rozenfeld@cooppank.ee\">julia.rozenfeld@cooppank.ee\u2028<\/a><br \/>\n<a href=\"tel:+372 5307 0328\">+372 5307 0328<\/a><\/p>\n                            <\/div>\n                                            <\/div>\n                <\/div>\n                                            <div class=\"col col-lg-4 col-12\">\n                    <div class=\"block-item-content\">\n                        <div class=\"image-wrap mb-lg-64 mb-32 d-flex align-items-center justify-content-start\">\n                                                            <a href=\"https:\/\/www.lhv.ee\/\" target=\"_blank\" rel=\"noopener\">\n                                    <img decoding=\"async\" class=\"no-lazy\" src=\"https:\/\/scandium.ee\/marienholm\/wp-content\/uploads\/2024\/06\/Layer_1.svg\" width=\"116\" height=\"40\" alt=\"\" \/>\n                                <\/a>\n                                                    <\/div>\n\n                                                    <div class=\"text-wrap\">\n                                <p>T\u00e4nu A-energiaklassi kodudele, pakub LHV Marienholmis rohelist kodulaenu. Taotluse esitamisel m\u00e4rkige lahtrisse kampaaniakood SCANDIUM.<\/p>\n<p>Halduri kontakt:<br \/>\nJana Dobrzanski<br \/>\n<a href=\"mailto:jana@lhv.ee\">jana@lhv.ee<\/a><br \/>\n<a href=\"tel:+372 684 6133\">+372 684 6133<\/a><\/p>\n                            <\/div>\n                                            <\/div>\n                <\/div>\n                                            <div class=\"col col-lg-4 col-12\">\n                    <div class=\"block-item-content\">\n                        <div class=\"image-wrap mb-lg-64 mb-32 d-flex align-items-center justify-content-start\">\n                                                            <a href=\"https:\/\/luminor.ee\/\" target=\"_blank\" rel=\"noopener\">\n                                    <img decoding=\"async\" class=\"no-lazy\" src=\"https:\/\/scandium.ee\/marienholm\/wp-content\/uploads\/2024\/09\/luminor.png\" width=\"969\" height=\"228\" alt=\"\" \/>\n                                <\/a>\n                                                    <\/div>\n\n                                                    <div class=\"text-wrap\">\n                                <p>Eripakkumine Marienholmi klientidele. V\u00f5ttes kodulaenu Luminorist, <strong>hoolitseb pank hindamisakti eest ise<\/strong>. M\u00e4rkides sooduskoodi lahtrisse SCANDIUM, on lepingutasu 0 eurot. K\u00fcsimused on oodatud aadressil <a href=\"mailto:Kristiina.Manni@luminorgroup.com\">Kristiina.Manni@luminorgroup.com<\/a><\/p>\n                            <\/div>\n                                            <\/div>\n                <\/div>\n                    <\/div>\n    <\/div>\n<\/section>\n\n<section class=\"developer-block pt-56 pt-lg-96\">\n    <div class=\"container\">\n                    <div\n    class=\"logo-title color-cream d-flex flex-column flex-lg-row flex-lg-nowrap align-items-start direction-left gap-24 has-text\">\n            \n        <div class=\"title-wrap fade-in-right\">\n                                                <h2 class=\"fs-140 mb-0\">Arendaja Scandium Kinnisvara<\/h2>\n                                    <\/div>\n    \n    <div class=\"logo-wrap w-100 d-flex flex-grow-1 align-items-center gap-24 mt-0 mt-lg-64\" style=\"width:100%\">\n                    <div class=\"line slide-length delay bg-cream\"><\/div>\n            <svg class=\"flex-shrink-0 fade-in delay\" xmlns=\"http:\/\/www.w3.org\/2000\/svg\" width=\"33\" height=\"24\"\n                 viewBox=\"0 0 33 24\" fill=\"none\">\n                <path\n                    d=\"M27.4274 21.3793L25.5027 22.1107H33L31.015 21.3793C30.4853 21.1824 30.1634 20.7534 30.0159 20.0431L25.3083 1.62455L24.9059 0L16.4631 18.9812L8.02703 0.00702881L2.88356 20.1345C2.73603 20.7745 2.41414 21.1754 1.90449 21.3723L0 22.1037H6.26336L4.1711 21.3723C3.92298 21.2879 3.90286 21.1684 3.88945 21.1121C3.85592 20.9011 3.87604 20.6409 3.95651 20.3385L7.79232 5.3589L15.7523 23.2711L23.7793 5.23231L27.6419 20.3455C27.7157 20.6198 27.7358 20.873 27.7023 21.098C27.6956 21.1613 27.6755 21.2879 27.4206 21.3793H27.4274Z\"\n                    fill=\"#D5C9B3\"\/>\n            <\/svg>\n            <\/div>\n\n    \n            <div class=\"text-wrap color-blue\">\n            <p>Scandium on terviklike elukeskkondade looja, kus on inspireeriv elada. Peame oluliseks linnapildi rikastamist l\u00e4bi kvaliteetse arhitektuuri. Rohetiigri asutajatena hoiame au sees kestlikkust ja j\u00e4tkusuutlikkust.<\/p>\n<p>Scandiumis arendame elukvaliteeti.<\/p>\n<p><a href=\"https:\/\/scandium.ee\/maratikvartal\/\" target=\"_blank\" rel=\"noopener\">MARATI KVARTAL<\/a> \u00b7 <a href=\"https:\/\/scandium.ee\/parnu-bellevue\/\" target=\"_blank\" rel=\"noopener\">P\u00c4RNU BELLEVUE<\/a>\u00a0\u00b7\u00a0 <a href=\"http:\/\/tammsaaretervisemaja.ee\" target=\"_blank\" rel=\"noopener\">TAMMSAARE TERVISEMAJA<\/a> \u00b7\u00a0<a href=\"https:\/\/scandium.ee\/scandiumpark\/\" target=\"_blank\" rel=\"noopener\">SCANDIUM PARK<\/a> \u00b7 <a href=\"https:\/\/allikakodud.scandium.ee\/\" target=\"_blank\" rel=\"noopener\">ALLIKA KODUD<\/a> \u00b7 <a href=\"https:\/\/scandium.ee\/arendus\/avangard\/\" target=\"_blank\" rel=\"noopener\">AVANGARD<\/a> \u00b7 <a href=\"https:\/\/scandium.ee\/arendus\/duo-loftid\/\" target=\"_blank\" rel=\"noopener\">DUO LOFTID<\/a> \u00b7 <a href=\"https:\/\/scandium.ee\/arendus\/newton-stuudiod\/\" target=\"_blank\" rel=\"noopener\">NEWTON STUUDIOD<\/a> \u00b7<\/p>\n\n                    <\/div>\n    <\/div>\n        \n                    <div class=\"logos w-100 d-flex align-items-center justify-content-between gap-42 mt-42 mt-lg-156\">\n                                                        <a href=\"https:\/\/scandium.ee\/maratikvartal\/\" target=\"_blank\">\n                        <img decoding=\"async\" class=\"no-lazy\" src=\"https:\/\/scandium.ee\/marienholm\/wp-content\/uploads\/2024\/06\/maratlloogo.svg\" width=\"178\" height=\"78\" alt=\"\" \/>\n                    <\/a>\n                                                        <a href=\"https:\/\/parnubellevue.ee\/\" target=\"_blank\" rel=\"noopener\">\n                        <img decoding=\"async\" class=\"no-lazy\" src=\"https:\/\/scandium.ee\/marienholm\/wp-content\/uploads\/2025\/08\/parnu-bellevue-1.png\" width=\"1181\" height=\"702\" alt=\"\" \/>\n                    <\/a>\n                                                        <a href=\"https:\/\/allikakodud.scandium.ee\/\" target=\"_blank\">\n                        <img decoding=\"async\" class=\"no-lazy\" src=\"https:\/\/scandium.ee\/marienholm\/wp-content\/uploads\/2024\/06\/Group-653.svg\" width=\"124\" height=\"137\" alt=\"\" \/>\n                    <\/a>\n                            <\/div>\n            <\/div>\n\n            <div class=\"background\">\n            <img decoding=\"async\" src=\"https:\/\/scandium.ee\/marienholm\/wp-content\/uploads\/2024\/06\/Screenshot-2024-01-04-at-21.15-1-scaled.jpg\" width=\"2560\" height=\"1642\" alt=\"\">\n        <\/div>\n    <\/section>","protected":false},"excerpt":{"rendered":"","protected":false},"author":1,"featured_media":0,"parent":0,"menu_order":0,"comment_status":"closed","ping_status":"closed","template":"page-templates\/template-no-title.php","meta":{"_acf_changed":false,"footnotes":""},"class_list":["post-343","page","type-page","status-publish","hentry"],"acf":[],"_links":{"self":[{"href":"https:\/\/scandium.ee\/marienholm\/wp-json\/wp\/v2\/pages\/343","targetHints":{"allow":["GET"]}}],"collection":[{"href":"https:\/\/scandium.ee\/marienholm\/wp-json\/wp\/v2\/pages"}],"about":[{"href":"https:\/\/scandium.ee\/marienholm\/wp-json\/wp\/v2\/types\/page"}],"author":[{"embeddable":true,"href":"https:\/\/scandium.ee\/marienholm\/wp-json\/wp\/v2\/users\/1"}],"replies":[{"embeddable":true,"href":"https:\/\/scandium.ee\/marienholm\/wp-json\/wp\/v2\/comments?post=343"}],"version-history":[{"count":50,"href":"https:\/\/scandium.ee\/marienholm\/wp-json\/wp\/v2\/pages\/343\/revisions"}],"predecessor-version":[{"id":4066,"href":"https:\/\/scandium.ee\/marienholm\/wp-json\/wp\/v2\/pages\/343\/revisions\/4066"}],"wp:attachment":[{"href":"https:\/\/scandium.ee\/marienholm\/wp-json\/wp\/v2\/media?parent=343"}],"curies":[{"name":"wp","href":"https:\/\/api.w.org\/{rel}","templated":true}]}}