{"id":267,"date":"2024-03-28T13:33:49","date_gmt":"2024-03-28T10:33:49","guid":{"rendered":"https:\/\/scandium.ee\/maratikvartal\/?page_id=267"},"modified":"2025-11-26T16:42:20","modified_gmt":"2025-11-26T13:42:20","slug":"kontakt","status":"publish","type":"page","link":"https:\/\/scandium.ee\/maratikvartal\/kontakt\/","title":{"rendered":"Kontakt"},"content":{"rendered":"\n<section class=\"contact-form-block position-relative overflow-hidden\">\n            <div class=\"contact-form-background position-absolute top-0 start-0 w-100 h-100\">\n            <img decoding=\"async\" class=\"d-block w-100 h-100\" src=\"https:\/\/scandium.ee\/maratikvartal\/wp-content\/uploads\/2024\/04\/1159ed0d87a044e11992dd517a6bb833-1.jpg\" width=\"2048\" height=\"1365\" alt=\"\" \/>\n        <\/div>\n        \n    <div class=\"d-flex align-items-end h-100\">\n        <div class=\"container\">\n            <div class=\"row\">\n                <div class=\"col col-lg-6 col-12 d-lg-block d-none\">\n                                            <img decoding=\"async\" class=\"contact-form-general-contact-overall-image d-block w-100\" src=\"https:\/\/scandium.ee\/maratikvartal\/wp-content\/uploads\/2026\/01\/brigitta-taustata-1-scaled.png\" width=\"1707\" height=\"2560\" alt=\"\" \/>\n                                    <\/div>\n                <div class=\"col col-lg-6 col-12\">\n                    <div class=\"contact-form-outside-wrap h-100\">\n                        <div class=\"contact-form-general-contact-info position-relative h-100\">\n                                                            <img decoding=\"async\" class=\"contact-form-general-contact-overall-image d-lg-none d-block w-100 position-absolute bottom-0 start-50 translate-middle-x\" src=\"https:\/\/scandium.ee\/maratikvartal\/wp-content\/uploads\/2026\/01\/brigitta-taustata-1-scaled.png\" width=\"1707\" height=\"2560\" alt=\"\" \/>\n                                                        <div class=\"h-100 position-relative d-flex flex-lg-column align-items-start justify-content-center font-larken fs-50 fw-500 color-beige\">\n                                <div class=\"contact-form-general-contact-info-left ps-lg-0 ps-24 d-flex flex-column align-items-start justify-content-start w-100\">\n                                    <p class=\"contact-form-general-contact-info-name mb-0\">BRIGITTA REBECCA KESSEL<\/p>                                    <p class=\"contact-form-general-contact-info-profession mb-0\">M\u00fc\u00fcgijuht<\/p>                                <\/div>\n                                <div class=\"separator w-100 my-32 bg-beige d-lg-inline-block d-none\"><\/div>\n                                <div class=\"contact-form-general-contact-info-right d-flex flex-column align-items-start justify-content-start w-100\">\n                                    <a class=\"contact-form-general-contact-info-phone color-beige\" href=\"tel:+372 5872 9951\">+372 5872 9951<\/a>                                    <a class=\"contact-form-general-contact-info-email color-beige\" href=\"mailto:brigitta@scandium.ee\">brigitta@scandium.ee<\/a>                                <\/div>\n                                <button type=\"button\" class=\"btn open-block-form mt-lg-96\">V\u00f5ta meiega \u00fchendust<\/button>\n                            <\/div>\n                        <\/div>\n                        <div class=\"contact-form-wrap position-relative w-100\">\n                            \n<div class=\"wpcf7 no-js\" id=\"wpcf7-f10-o1\" lang=\"en-US\" dir=\"ltr\" data-wpcf7-id=\"10\">\n<div class=\"screen-reader-response\"><p role=\"status\" aria-live=\"polite\" aria-atomic=\"true\"><\/p> <ul><\/ul><\/div>\n<form action=\"\/maratikvartal\/wp-json\/wp\/v2\/pages\/267#wpcf7-f10-o1\" method=\"post\" class=\"wpcf7-form init\" aria-label=\"Contact form\" novalidate=\"novalidate\" data-status=\"init\">\n<fieldset class=\"hidden-fields-container\"><input type=\"hidden\" name=\"_wpcf7\" value=\"10\" \/><input type=\"hidden\" name=\"_wpcf7_version\" value=\"6.1.3\" \/><input type=\"hidden\" name=\"_wpcf7_locale\" value=\"en_US\" \/><input type=\"hidden\" name=\"_wpcf7_unit_tag\" value=\"wpcf7-f10-o1\" \/><input type=\"hidden\" name=\"_wpcf7_container_post\" value=\"0\" \/><input type=\"hidden\" name=\"_wpcf7_posted_data_hash\" value=\"\" \/><input type=\"hidden\" name=\"_wpcf7_recaptcha_response\" value=\"\" \/>\n<\/fieldset>\n<span class=\"wpcf7-form-control-wrap\" data-name=\"your-name\"><input size=\"40\" maxlength=\"400\" class=\"wpcf7-form-control wpcf7-text wpcf7-validates-as-required\" aria-required=\"true\" aria-invalid=\"false\" placeholder=\"NIMI JA PEREKONNANIMI*\" value=\"\" type=\"text\" name=\"your-name\" \/><\/span>\n<span class=\"wpcf7-form-control-wrap\" data-name=\"your-phone\"><input size=\"40\" maxlength=\"400\" class=\"wpcf7-form-control wpcf7-tel wpcf7-validates-as-required wpcf7-text wpcf7-validates-as-tel\" aria-required=\"true\" aria-invalid=\"false\" placeholder=\"TELEFON*\" value=\"\" type=\"tel\" name=\"your-phone\" \/><\/span>\n<span class=\"wpcf7-form-control-wrap\" data-name=\"your-email\"><input size=\"40\" maxlength=\"400\" class=\"wpcf7-form-control wpcf7-email wpcf7-validates-as-required wpcf7-text wpcf7-validates-as-email\" aria-required=\"true\" aria-invalid=\"false\" placeholder=\"E-MAIL*\" value=\"\" type=\"email\" name=\"your-email\" \/><\/span>\n<span class=\"wpcf7-form-control-wrap\" data-name=\"your-message\"><textarea cols=\"40\" rows=\"10\" maxlength=\"2000\" class=\"wpcf7-form-control wpcf7-textarea wpcf7-validates-as-required\" aria-required=\"true\" aria-invalid=\"false\" placeholder=\"S\u00d5NUM*\" name=\"your-message\"><\/textarea><\/span>\n<input class=\"wpcf7-form-control wpcf7-hidden\" value=\"1\" type=\"hidden\" name=\"pipedrive\" \/>\n<span class=\"wpcf7-form-control-wrap\" data-name=\"accept-conditions\"><span class=\"wpcf7-form-control wpcf7-acceptance\"><span class=\"wpcf7-list-item\"><label><input type=\"checkbox\" name=\"accept-conditions\" value=\"1\" aria-invalid=\"false\" \/><span class=\"wpcf7-list-item-label\">N\u00f5ustun <a class=\"color-inherit\" href=\"https:\/\/scandium.ee\/maratikvartal\/privaatsustingimused-ja-kupsiste-kasutamise-eeskiri\/\" target=\"_blank\">andmete t\u00f6\u00f6tlemise tingimustega<\/a><\/span><\/label><\/span><\/span><\/span>\n<input class=\"wpcf7-form-control wpcf7-submit has-spinner\" type=\"submit\" value=\"Saada\" \/><div class=\"wpcf7-response-output\" aria-hidden=\"true\"><\/div>\n<\/form>\n<\/div>\n                            <div class=\"contact-form-successful-message position-absolute top-50 start-50 translate-middle w-100\"><p style=\"text-align: center;\">Ait\u00e4h! Oleme s\u00f5numi k\u00e4tte saanud ning<br \/>\nvastame esimesel v\u00f5imalusel!<\/p>\n<\/div>                            <button type=\"button\" class=\"btn close-block-form w-100 mt-16\">Tagasi<\/button>\n                        <\/div>\n                    <\/div>\n                <\/div>\n            <\/div>\n        <\/div>\n    <\/div>\n<\/section>\n\n\n<section class=\"selling-process-block position-relative py-lg-96 py-42\">\n    <div class=\"container pt-lg-12\">\n        <h2 class=\"block-content-title mb-lg-80 d-flex align-items-center justify-content-lg-between justify-content-center\">M\u00fc\u00fcgiprotsessi 3 etappi<\/h2>\n        <div class=\"block-list row gx-lg-32 gy-lg-32\">\n                                            <div class=\"block-list-item position-relative col col-lg col-12\">\n                    <div class=\"block-list-item-nr position-relative d-flex align-items-center justify-content-center\"><span class=\"fs-30 color-beige font-larken fw-medium\">1<\/span><\/div>\n                    <div class=\"block-list-item-content\">\n                        <h3 class=\"fs-30 text-uppercase\">KORTERI BRONEERIMINE<\/h3>\n                        <p>Korteri broneerimisel s\u00f5lmitakse ostjaga broneerimisleping, mil ostusoovi kinnitamiseks tasub ostja 5000 euro suuruse broneerimistasu.<\/p>\n                    <\/div>\n                <\/div>\n                                            <div class=\"block-list-item position-relative col col-lg col-12\">\n                    <div class=\"block-list-item-nr position-relative d-flex align-items-center justify-content-center\"><span class=\"fs-30 color-beige font-larken fw-medium\">2<\/span><\/div>\n                    <div class=\"block-list-item-content\">\n                        <h3 class=\"fs-30 text-uppercase\">ASJA\u00d5IGUSLIK LEPING<\/h3>\n                        <p>Korteri valmimisel teostatakse ostjaga \u00fclevaatus, mille j\u00e4rgselt s\u00f5lmitakse notariaalne asja\u00f5iguslik leping, ostja tasub \u00fclej\u00e4\u00e4nud osa ostu-m\u00fc\u00fcgihinnast ning toimub omandi\u00f5iguse \u00fcleminek ostjale.<\/p>\n                    <\/div>\n                <\/div>\n                    <\/div>\n        \n        <div class=\"block-list-btm-content mt-lg-64 text-lg-start text-center\"><h2>Marati Kvartal asub \u00e4rimaal<\/h2>\n<p>K\u00f5ik korterid Maratis on k\u00fclaliskorterid ja asuvad \u00e4rimaal. K\u00f5ik korterid on projekteeritud ja ehitatud elukondlike eluruumide n\u00f5uetele vastavalt. K\u00fclaliskorteritele saab v\u00f5tta kodulaenu. Kodulaenu taotledes v\u00f5iks arvestada al 20% sissemaksega. Heaks laenupartneriks on Marati Kvartalis nt LHV. K\u00fcsi pakkumist <a class=\"ms-outlook-linkify\" href=\"mailto:kodulaen@lhv.ee\">kodulaen@lhv.ee<\/a><\/p>\n<\/div>        \n                    <div class=\"list-bottom-content-left-right row gx-lg-32 gy-lg-32 gy-24 mt-lg-32 mt-24\">\n                <div class=\"block-list-btm-left-content col col-lg-6 col-12\"><h2>Hinnas sisaldub<\/h2>\n<ul>\n<li>Kliendi poolt valitud siseviimistluspaketiga viimistletud korter<!-- notionvc: 14d807da-a3a0-40c7-9417-d61cb6d7ef44 --><\/li>\n<li>Jahutuse valmidus<\/li>\n<li>Nutiluku valmidus korteriuksele<\/li>\n<li>\u00dchiskasutatav katuseterrass<!-- notionvc: bbae18ec-ec65-4332-99d1-a2fa2ca1748b --><\/li>\n<li>\u00dchise jalgrattaruumi kasutus<!-- notionvc: 3aa93138-1d32-4c01-bdce-3b808f6631d2 --><\/li>\n<\/ul>\n<\/div>                <div class=\"block-list-btm-right-content col col-lg-6 col-12\"><h2>Hinnas ei sisaldu<\/h2>\n<ul>\n<li>Ostuga seotud notaritasud ja riigil\u00f5ivud<\/li>\n<li>Panipaik ja parkimiskoht<\/li>\n<li>Korterile nutiluku\/jahutuse paigaldus<\/li>\n<\/ul>\n<\/div>            <\/div>\n        \n        <p class=\"block-list-btm-subtext mt-lg-42 mt-32 text-lg-start text-center\">T\u00e4psemat m\u00fc\u00fcgiinfot k\u00fcsige julgelt m\u00fc\u00fcgijuhilt.<\/p>    <\/div>\n<\/section>\n\n\n<section class=\"finance-block position-relative bg-beigeLight py-lg-96 pt-42 pb-96 text-lg-start text-center\">\n    <div class=\"container\">\n        <h2 class=\"block-content-title mb-lg-64 mb-48\">Finantseerimine<\/h2>\n        <div class=\"row gx-lg-32 gy-32\">\n                                            <div class=\"col col-lg-4 col-12\">\n                    <div class=\"block-item-content\">\n                        <div class=\"image-wrap mb-lg-18 mb-32 d-flex align-items-center justify-content-lg-start justify-content-center\">\n                            <a href=\"https:\/\/www.cooppank.ee\/\" target=\"_blank\">\n                                <img decoding=\"async\" src=\"https:\/\/scandium.ee\/maratikvartal\/wp-content\/uploads\/2024\/04\/Layer_1.svg\" width=\"228\" height=\"40\" alt=\"\" \/>\n                            <\/a>\n                        <\/div>\n                        <p>Osta oma unistuste kodu COOP Panga abiga.<\/p>\n<p>Julia Rozenfeld<br \/>\n+372 5307 0328<br \/>\n<span id=\"eeb-629731-685585\">julia.rozenfeld@cooppank.ee<\/span><br \/>\n<a href=\"https:\/\/i.cooppank.ee\/sso\/?return=https%3A%2F%2Fi.cooppank.ee%2FlaenutaotlusII%3Fburoo%3DCPSCANDIUM\"><strong>Soodustusega laenutaotlus<\/strong><\/a><\/p>\n                    <\/div>\n                <\/div>\n                                            <div class=\"col col-lg-4 col-12\">\n                    <div class=\"block-item-content\">\n                        <div class=\"image-wrap mb-lg-18 mb-32 d-flex align-items-center justify-content-lg-start justify-content-center\">\n                            <a href=\"https:\/\/www.lhv.ee\/\" target=\"_blank\">\n                                <img decoding=\"async\" src=\"https:\/\/scandium.ee\/maratikvartal\/wp-content\/uploads\/2024\/04\/Layer_1-1.svg\" width=\"116\" height=\"39\" alt=\"\" \/>\n                            <\/a>\n                        <\/div>\n                        <p>Osta oma unistuste kodu LHV abiga.<\/p>\n<p>Klienditugi:<br \/>\n6999119<br \/>\n<a href=\"mailto:kodulaen@lhv.ee\">kodulaen@lhv.ee<\/a><br \/>\n<strong><a href=\"https:\/\/www.lhv.ee\/et\/laen-ja-liising\" target=\"_blank\" rel=\"noopener\">Tutvu v\u00f5imalustega<\/a><\/strong><\/p>\n                    <\/div>\n                <\/div>\n                                            <div class=\"col col-lg-4 col-12\">\n                    <div class=\"block-item-content\">\n                        <div class=\"image-wrap mb-lg-18 mb-32 d-flex align-items-center justify-content-lg-start justify-content-center\">\n                            <a href=\"https:\/\/www.bigbank.ee\/\" target=\"_blank\">\n                                <img decoding=\"async\" src=\"https:\/\/scandium.ee\/maratikvartal\/wp-content\/uploads\/2024\/04\/Group-478-1.svg\" width=\"218\" height=\"65\" alt=\"\" \/>\n                            <\/a>\n                        <\/div>\n                        <p>Osta oma unistuste kodu Bigbank abiga.<\/p>\n<p>Klienditugi:<br \/>\n3727311333<br \/>\n<a href=\"mailto:kodulaen@bigbank.ee\">kodulaen@bigbank.ee<\/a><br \/>\n<strong><a href=\"https:\/\/www.bigbank.ee\/\" target=\"_blank\" rel=\"noopener\">Tutvu v\u00f5imalustega<\/a><\/strong><\/p>\n                    <\/div>\n                <\/div>\n                    <\/div>\n    <\/div>\n<\/section>","protected":false},"excerpt":{"rendered":"","protected":false},"author":1,"featured_media":0,"parent":0,"menu_order":0,"comment_status":"closed","ping_status":"closed","template":"page-templates\/no-title.php","meta":{"_acf_changed":false,"footnotes":""},"class_list":["post-267","page","type-page","status-publish","hentry"],"acf":[],"yoast_head":"<!-- This site is optimized with the Yoast SEO plugin v26.4 - https:\/\/yoast.com\/wordpress\/plugins\/seo\/ -->\n<title>Kontakt - Marati Kvartal<\/title>\n<meta name=\"robots\" content=\"index, follow, max-snippet:-1, max-image-preview:large, max-video-preview:-1\" \/>\n<link rel=\"canonical\" href=\"https:\/\/scandium.ee\/maratikvartal\/kontakt\/\" \/>\n<meta property=\"og:locale\" content=\"et_EE\" \/>\n<meta property=\"og:type\" content=\"article\" \/>\n<meta property=\"og:title\" content=\"Kontakt - Marati Kvartal\" \/>\n<meta property=\"og:url\" content=\"https:\/\/scandium.ee\/maratikvartal\/kontakt\/\" \/>\n<meta property=\"og:site_name\" content=\"Marati Kvartal\" \/>\n<meta property=\"article:modified_time\" content=\"2025-11-26T13:42:20+00:00\" \/>\n<meta property=\"og:image\" content=\"https:\/\/scandium.ee\/maratikvartal\/wp-content\/uploads\/2024\/05\/OG.jpg\" \/>\n\t<meta property=\"og:image:width\" content=\"1200\" \/>\n\t<meta property=\"og:image:height\" content=\"675\" \/>\n\t<meta property=\"og:image:type\" content=\"image\/jpeg\" \/>\n<meta name=\"twitter:card\" content=\"summary_large_image\" \/>\n<script type=\"application\/ld+json\" class=\"yoast-schema-graph\">{\"@context\":\"https:\/\/schema.org\",\"@graph\":[{\"@type\":\"WebPage\",\"@id\":\"https:\/\/scandium.ee\/maratikvartal\/kontakt\/\",\"url\":\"https:\/\/scandium.ee\/maratikvartal\/kontakt\/\",\"name\":\"Kontakt - Marati Kvartal\",\"isPartOf\":{\"@id\":\"https:\/\/scandium.ee\/maratikvartal\/#website\"},\"datePublished\":\"2024-03-28T10:33:49+00:00\",\"dateModified\":\"2025-11-26T13:42:20+00:00\",\"breadcrumb\":{\"@id\":\"https:\/\/scandium.ee\/maratikvartal\/kontakt\/#breadcrumb\"},\"inLanguage\":\"et\",\"potentialAction\":[{\"@type\":\"ReadAction\",\"target\":[\"https:\/\/scandium.ee\/maratikvartal\/kontakt\/\"]}]},{\"@type\":\"BreadcrumbList\",\"@id\":\"https:\/\/scandium.ee\/maratikvartal\/kontakt\/#breadcrumb\",\"itemListElement\":[{\"@type\":\"ListItem\",\"position\":1,\"name\":\"Home\",\"item\":\"https:\/\/scandium.ee\/maratikvartal\/\"},{\"@type\":\"ListItem\",\"position\":2,\"name\":\"Kontakt\"}]},{\"@type\":\"WebSite\",\"@id\":\"https:\/\/scandium.ee\/maratikvartal\/#website\",\"url\":\"https:\/\/scandium.ee\/maratikvartal\/\",\"name\":\"Marati Kvartal\",\"description\":\"\",\"publisher\":{\"@id\":\"https:\/\/scandium.ee\/maratikvartal\/#organization\"},\"potentialAction\":[{\"@type\":\"SearchAction\",\"target\":{\"@type\":\"EntryPoint\",\"urlTemplate\":\"https:\/\/scandium.ee\/maratikvartal\/?s={search_term_string}\"},\"query-input\":{\"@type\":\"PropertyValueSpecification\",\"valueRequired\":true,\"valueName\":\"search_term_string\"}}],\"inLanguage\":\"et\"},{\"@type\":\"Organization\",\"@id\":\"https:\/\/scandium.ee\/maratikvartal\/#organization\",\"name\":\"Marati Kvartal\",\"url\":\"https:\/\/scandium.ee\/maratikvartal\/\",\"logo\":{\"@type\":\"ImageObject\",\"inLanguage\":\"et\",\"@id\":\"https:\/\/scandium.ee\/maratikvartal\/#\/schema\/logo\/image\/\",\"url\":\"https:\/\/scandium.ee\/maratikvartal\/wp-content\/uploads\/2024\/03\/Vector-1.svg\",\"contentUrl\":\"https:\/\/scandium.ee\/maratikvartal\/wp-content\/uploads\/2024\/03\/Vector-1.svg\",\"width\":47,\"height\":45,\"caption\":\"Marati Kvartal\"},\"image\":{\"@id\":\"https:\/\/scandium.ee\/maratikvartal\/#\/schema\/logo\/image\/\"}}]}<\/script>\n<!-- \/ Yoast SEO plugin. -->","yoast_head_json":{"title":"Kontakt - Marati Kvartal","robots":{"index":"index","follow":"follow","max-snippet":"max-snippet:-1","max-image-preview":"max-image-preview:large","max-video-preview":"max-video-preview:-1"},"canonical":"https:\/\/scandium.ee\/maratikvartal\/kontakt\/","og_locale":"et_EE","og_type":"article","og_title":"Kontakt - Marati Kvartal","og_url":"https:\/\/scandium.ee\/maratikvartal\/kontakt\/","og_site_name":"Marati Kvartal","article_modified_time":"2025-11-26T13:42:20+00:00","og_image":[{"width":1200,"height":675,"url":"https:\/\/scandium.ee\/maratikvartal\/wp-content\/uploads\/2024\/05\/OG.jpg","type":"image\/jpeg"}],"twitter_card":"summary_large_image","schema":{"@context":"https:\/\/schema.org","@graph":[{"@type":"WebPage","@id":"https:\/\/scandium.ee\/maratikvartal\/kontakt\/","url":"https:\/\/scandium.ee\/maratikvartal\/kontakt\/","name":"Kontakt - Marati Kvartal","isPartOf":{"@id":"https:\/\/scandium.ee\/maratikvartal\/#website"},"datePublished":"2024-03-28T10:33:49+00:00","dateModified":"2025-11-26T13:42:20+00:00","breadcrumb":{"@id":"https:\/\/scandium.ee\/maratikvartal\/kontakt\/#breadcrumb"},"inLanguage":"et","potentialAction":[{"@type":"ReadAction","target":["https:\/\/scandium.ee\/maratikvartal\/kontakt\/"]}]},{"@type":"BreadcrumbList","@id":"https:\/\/scandium.ee\/maratikvartal\/kontakt\/#breadcrumb","itemListElement":[{"@type":"ListItem","position":1,"name":"Home","item":"https:\/\/scandium.ee\/maratikvartal\/"},{"@type":"ListItem","position":2,"name":"Kontakt"}]},{"@type":"WebSite","@id":"https:\/\/scandium.ee\/maratikvartal\/#website","url":"https:\/\/scandium.ee\/maratikvartal\/","name":"Marati Kvartal","description":"","publisher":{"@id":"https:\/\/scandium.ee\/maratikvartal\/#organization"},"potentialAction":[{"@type":"SearchAction","target":{"@type":"EntryPoint","urlTemplate":"https:\/\/scandium.ee\/maratikvartal\/?s={search_term_string}"},"query-input":{"@type":"PropertyValueSpecification","valueRequired":true,"valueName":"search_term_string"}}],"inLanguage":"et"},{"@type":"Organization","@id":"https:\/\/scandium.ee\/maratikvartal\/#organization","name":"Marati Kvartal","url":"https:\/\/scandium.ee\/maratikvartal\/","logo":{"@type":"ImageObject","inLanguage":"et","@id":"https:\/\/scandium.ee\/maratikvartal\/#\/schema\/logo\/image\/","url":"https:\/\/scandium.ee\/maratikvartal\/wp-content\/uploads\/2024\/03\/Vector-1.svg","contentUrl":"https:\/\/scandium.ee\/maratikvartal\/wp-content\/uploads\/2024\/03\/Vector-1.svg","width":47,"height":45,"caption":"Marati Kvartal"},"image":{"@id":"https:\/\/scandium.ee\/maratikvartal\/#\/schema\/logo\/image\/"}}]}},"_links":{"self":[{"href":"https:\/\/scandium.ee\/maratikvartal\/wp-json\/wp\/v2\/pages\/267","targetHints":{"allow":["GET"]}}],"collection":[{"href":"https:\/\/scandium.ee\/maratikvartal\/wp-json\/wp\/v2\/pages"}],"about":[{"href":"https:\/\/scandium.ee\/maratikvartal\/wp-json\/wp\/v2\/types\/page"}],"author":[{"embeddable":true,"href":"https:\/\/scandium.ee\/maratikvartal\/wp-json\/wp\/v2\/users\/1"}],"replies":[{"embeddable":true,"href":"https:\/\/scandium.ee\/maratikvartal\/wp-json\/wp\/v2\/comments?post=267"}],"version-history":[{"count":15,"href":"https:\/\/scandium.ee\/maratikvartal\/wp-json\/wp\/v2\/pages\/267\/revisions"}],"predecessor-version":[{"id":5026,"href":"https:\/\/scandium.ee\/maratikvartal\/wp-json\/wp\/v2\/pages\/267\/revisions\/5026"}],"wp:attachment":[{"href":"https:\/\/scandium.ee\/maratikvartal\/wp-json\/wp\/v2\/media?parent=267"}],"curies":[{"name":"wp","href":"https:\/\/api.w.org\/{rel}","templated":true}]}}