{"id":207,"date":"2024-03-25T19:03:38","date_gmt":"2024-03-25T16:03:38","guid":{"rendered":"https:\/\/scandium.ee\/maratikvartal\/?page_id=207"},"modified":"2024-05-03T14:30:37","modified_gmt":"2024-05-03T11:30:37","slug":"ajalugu-ja-klaasikuningas","status":"publish","type":"page","link":"https:\/\/scandium.ee\/maratikvartal\/ajalugu-ja-klaasikuningas\/","title":{"rendered":"Ajalugu ja klaasikuningas"},"content":{"rendered":"\n<section class=\"banner-block overflow-hidden\">\n            <div class=\"bg-video position-absolute w-100 h-100\">\n            <video autoplay muted playsinline loop class=\" d-block w-100 h-100\">\n                <source src=\"https:\/\/scandium.ee\/maratikvartal\/wp-content\/uploads\/2024\/03\/Kopli_vaade_1920x1080.mp4\" type=\"video\/mp4\">\n                Your browser does not support the video tag.\n            <\/video>\n\n                    <\/div>\n    \n            <div class=\"container\">\n            <h1 class=\"text-uppercase color-white\">KOPLI <br>AJALOOST<\/h1>\n        <\/div>\n    \n            <div class=\"scroll-down position-absolute bottom-0 start-50 translate-middle-x d-block overflow-hidden\">\n            <div id=\"lottie-block_3f5fc8b23135b35ee6fa0bf0dad92ba4\" class=\"lottie-animation\" data-path=\"https:\/\/scandium.ee\/maratikvartal\/wp-content\/themes\/marat\/images\/lottie\/lottie-arrow.json\" data-speed=\"0.75\"><\/div>\n        <\/div>\n    <\/section>\n\n\n<section class=\"title-text-columns-block pt-42 pb-48 pt-lg-128 pb-lg-80 overflow-hidden\">\n    <div class=\"container\">\n        <div class=\"row justify-content-center justify-content-lg-between\">\n                            <div class=\"col-12 col-lg-auto\">\n                    <h2 class=\"color-beige\">Minevik, mis v\u00e4\u00e4rib m\u00e4letamist<\/h2>\n\n                                            <img decoding=\"async\" class=\"logo d-none d-lg-block\" src=\"https:\/\/scandium.ee\/maratikvartal\/wp-content\/uploads\/2024\/03\/Vector-1.svg\" width=\"47\" height=\"45\" alt=\"\" \/>\n                                    <\/div>\n            \n                            <div class=\"col col-12 col-lg text\">\n                    <p>Kopli poolsaare pikk ajalugu saab alguse Kopli esmamainimisega 1365. aastal. Tol ajal asusid siin m\u00fchisevad tamme- ja m\u00e4nnimetsad. Poolsaarel tegutses telliskivit\u00f6\u00f6koda ning laius karjamaa.<br \/>\nKopli asumi elu aktiviseerus 1912. aastal, mil Tsaari-Venemaa hakkas Tallinnat arendama kui oma peamist s\u00f5jav\u00e4elaevastiku tugipunkti. Arenduste raames ehitati v\u00e4lja v\u00f5imas ja v\u00e4\u00e4rika arhitektuuriga laevaehituse kompleks.<\/p>\n<p>Lisaks t\u00f6\u00f6stushoonetele ja elumajadele kerkis siia k\u00f5ik eluks vajalik \u2013 kool, kirik, seltsimaja, haigla, s\u00f6\u00f6kla, kauplus, posti-, pritsi- ja politseimaja. Samuti rajati t\u00e4naseni alles olev trammitee. Kopli oli \u00fcks Tallinna esimesi piirkondi, kus on rakendatud t\u00e4nap\u00e4evase linnaehituse p\u00f5him\u00f5tteid.<\/p>\n                <\/div>\n                    <\/div>\n    <\/div>\n<\/section>\n\n<section class=\"lines-image-block position-relative py-32 pt-lg-48 overflow-hidden\">\n    <div class=\"container\">\n                    <div class=\"image-wrap position-relative fade fade-in-up\">\n                <div class=\"line top position-absolute\"><\/div>\n                <img decoding=\"async\" src=\"https:\/\/scandium.ee\/maratikvartal\/wp-content\/uploads\/2024\/04\/toostus_FK4740F-1-1.jpg\" width=\"1024\" height=\"707\" alt=\"\" \/>\n                <div class=\"line bottom position-absolute\"><\/div>\n            <\/div>\n            <\/div>\n<\/section>\n\n\n<section class=\"quote-block py-64 pt-lg-96 overflow-hidden narrow\">\n    <div class=\"container d-flex flex-column align-items-center\">\n                    <img decoding=\"async\" class=\"logo mb-56 mb-lg-42\" src=\"https:\/\/scandium.ee\/maratikvartal\/wp-content\/uploads\/2024\/03\/Vector-1.svg\" width=\"47\" height=\"45\" alt=\"\" \/>\n        \n        <div class=\"quote position-relative w-100\">\n            <div class=\"line top position-absolute\"><\/div>\n\n            <div class=\"text-wrap fs-50 font-larken text-center color-beige\">\n                <p>Marati 4a tulevane graafika ja elemendid majade sisekujunduses\u00a0saavad olema meie kummardus kunagisele inspireerivale Klaasikuningale.<\/p>\n            <\/div>\n\n            <div class=\"line bottom position-absolute\"><\/div>\n        <\/div>\n\n                    <img decoding=\"async\" class=\"logo mt-64 mt-lg-56\" src=\"https:\/\/scandium.ee\/maratikvartal\/wp-content\/uploads\/2024\/03\/Vector-1.svg\" width=\"47\" height=\"45\" alt=\"\" \/>\n            <\/div>\n<\/section>\n\n\n<section class=\"title-text-columns-block pt-42 pb-48 pt-lg-128 pb-lg-80 overflow-hidden\">\n    <div class=\"container\">\n        <div class=\"row justify-content-center justify-content-lg-between\">\n                            <div class=\"col-12 col-lg-auto\">\n                    <h2 class=\"color-beige\">Tarbeklaasi s\u00fcnni p\u00f5nev lugu<\/h2>\n\n                                            <img decoding=\"async\" class=\"logo d-none d-lg-block\" src=\"https:\/\/scandium.ee\/maratikvartal\/wp-content\/uploads\/2024\/03\/Vector-1.svg\" width=\"47\" height=\"45\" alt=\"\" \/>\n                                    <\/div>\n            \n                            <div class=\"col col-12 col-lg text\">\n                    <p>Kopli poolsaare Bekkeri asundusse rajati 1930. aastate keskel mitu eluj\u00f5ulist ettev\u00f5tet. \u00dcheks selliseks oli 1932. aastal t\u00e4nasele Marati t\u00e4navale klaasikuninga Johannes Lorupi poolt loodud klaasivabrik. 1935. aastaks oli Lorup Eesti klaasit\u00f6\u00f6stuse valitseja koos 180 t\u00f6\u00f6lise ja kolmes vahetuses t\u00f6\u00f6ajaga, m\u00f5ne aastaga kasvas t\u00f6\u00f6tajate arv koguni 500-ni. T\u00f6\u00f6tajate seas v\u00e4ga armastatud suur\u00e4rimees investeeris enamiku teenitud tulust tootmise uuendamisse ja laiendamisse, v\u00e4lismaiste meistrite kaasamisse ja kristalliosakonna loomisse.<\/p>\n<p>Lorupi kaubam\u00e4rgiga esemeid eristas teiste toodangust klaasi puhtus ja t\u00f6\u00f6de veatus. Nii polegi imestada, et kaunid Lorupi kristallkarahvinid, \u0161ampusepokaalid ja vaasid on siiani mitmete Eesti perede uhkuseesemed.<\/p>\n                <\/div>\n                    <\/div>\n    <\/div>\n<\/section>","protected":false},"excerpt":{"rendered":"","protected":false},"author":1,"featured_media":0,"parent":0,"menu_order":0,"comment_status":"closed","ping_status":"closed","template":"page-templates\/no-title.php","meta":{"_acf_changed":false,"footnotes":""},"class_list":["post-207","page","type-page","status-publish","hentry"],"acf":[],"yoast_head":"<!-- This site is optimized with the Yoast SEO plugin v26.4 - https:\/\/yoast.com\/wordpress\/plugins\/seo\/ -->\n<title>Ajalugu ja klaasikuningas - Marati Kvartal<\/title>\n<meta name=\"robots\" content=\"index, follow, max-snippet:-1, max-image-preview:large, max-video-preview:-1\" \/>\n<link rel=\"canonical\" href=\"https:\/\/scandium.ee\/maratikvartal\/ajalugu-ja-klaasikuningas\/\" \/>\n<meta property=\"og:locale\" content=\"et_EE\" \/>\n<meta property=\"og:type\" content=\"article\" \/>\n<meta property=\"og:title\" content=\"Ajalugu ja klaasikuningas - Marati Kvartal\" \/>\n<meta property=\"og:url\" content=\"https:\/\/scandium.ee\/maratikvartal\/ajalugu-ja-klaasikuningas\/\" \/>\n<meta property=\"og:site_name\" content=\"Marati Kvartal\" \/>\n<meta property=\"article:modified_time\" content=\"2024-05-03T11:30:37+00:00\" \/>\n<meta property=\"og:image\" content=\"https:\/\/scandium.ee\/maratikvartal\/wp-content\/uploads\/2024\/05\/OG.jpg\" \/>\n\t<meta property=\"og:image:width\" content=\"1200\" \/>\n\t<meta property=\"og:image:height\" content=\"675\" \/>\n\t<meta property=\"og:image:type\" content=\"image\/jpeg\" \/>\n<meta name=\"twitter:card\" content=\"summary_large_image\" \/>\n<script type=\"application\/ld+json\" class=\"yoast-schema-graph\">{\"@context\":\"https:\/\/schema.org\",\"@graph\":[{\"@type\":\"WebPage\",\"@id\":\"https:\/\/scandium.ee\/maratikvartal\/ajalugu-ja-klaasikuningas\/\",\"url\":\"https:\/\/scandium.ee\/maratikvartal\/ajalugu-ja-klaasikuningas\/\",\"name\":\"Ajalugu ja klaasikuningas - Marati Kvartal\",\"isPartOf\":{\"@id\":\"https:\/\/scandium.ee\/maratikvartal\/#website\"},\"datePublished\":\"2024-03-25T16:03:38+00:00\",\"dateModified\":\"2024-05-03T11:30:37+00:00\",\"breadcrumb\":{\"@id\":\"https:\/\/scandium.ee\/maratikvartal\/ajalugu-ja-klaasikuningas\/#breadcrumb\"},\"inLanguage\":\"et\",\"potentialAction\":[{\"@type\":\"ReadAction\",\"target\":[\"https:\/\/scandium.ee\/maratikvartal\/ajalugu-ja-klaasikuningas\/\"]}]},{\"@type\":\"BreadcrumbList\",\"@id\":\"https:\/\/scandium.ee\/maratikvartal\/ajalugu-ja-klaasikuningas\/#breadcrumb\",\"itemListElement\":[{\"@type\":\"ListItem\",\"position\":1,\"name\":\"Home\",\"item\":\"https:\/\/scandium.ee\/maratikvartal\/\"},{\"@type\":\"ListItem\",\"position\":2,\"name\":\"Ajalugu ja klaasikuningas\"}]},{\"@type\":\"WebSite\",\"@id\":\"https:\/\/scandium.ee\/maratikvartal\/#website\",\"url\":\"https:\/\/scandium.ee\/maratikvartal\/\",\"name\":\"Marati Kvartal\",\"description\":\"\",\"publisher\":{\"@id\":\"https:\/\/scandium.ee\/maratikvartal\/#organization\"},\"potentialAction\":[{\"@type\":\"SearchAction\",\"target\":{\"@type\":\"EntryPoint\",\"urlTemplate\":\"https:\/\/scandium.ee\/maratikvartal\/?s={search_term_string}\"},\"query-input\":{\"@type\":\"PropertyValueSpecification\",\"valueRequired\":true,\"valueName\":\"search_term_string\"}}],\"inLanguage\":\"et\"},{\"@type\":\"Organization\",\"@id\":\"https:\/\/scandium.ee\/maratikvartal\/#organization\",\"name\":\"Marati Kvartal\",\"url\":\"https:\/\/scandium.ee\/maratikvartal\/\",\"logo\":{\"@type\":\"ImageObject\",\"inLanguage\":\"et\",\"@id\":\"https:\/\/scandium.ee\/maratikvartal\/#\/schema\/logo\/image\/\",\"url\":\"https:\/\/scandium.ee\/maratikvartal\/wp-content\/uploads\/2024\/03\/Vector-1.svg\",\"contentUrl\":\"https:\/\/scandium.ee\/maratikvartal\/wp-content\/uploads\/2024\/03\/Vector-1.svg\",\"width\":47,\"height\":45,\"caption\":\"Marati Kvartal\"},\"image\":{\"@id\":\"https:\/\/scandium.ee\/maratikvartal\/#\/schema\/logo\/image\/\"}}]}<\/script>\n<!-- \/ Yoast SEO plugin. -->","yoast_head_json":{"title":"Ajalugu ja klaasikuningas - Marati Kvartal","robots":{"index":"index","follow":"follow","max-snippet":"max-snippet:-1","max-image-preview":"max-image-preview:large","max-video-preview":"max-video-preview:-1"},"canonical":"https:\/\/scandium.ee\/maratikvartal\/ajalugu-ja-klaasikuningas\/","og_locale":"et_EE","og_type":"article","og_title":"Ajalugu ja klaasikuningas - Marati Kvartal","og_url":"https:\/\/scandium.ee\/maratikvartal\/ajalugu-ja-klaasikuningas\/","og_site_name":"Marati Kvartal","article_modified_time":"2024-05-03T11:30:37+00:00","og_image":[{"width":1200,"height":675,"url":"https:\/\/scandium.ee\/maratikvartal\/wp-content\/uploads\/2024\/05\/OG.jpg","type":"image\/jpeg"}],"twitter_card":"summary_large_image","schema":{"@context":"https:\/\/schema.org","@graph":[{"@type":"WebPage","@id":"https:\/\/scandium.ee\/maratikvartal\/ajalugu-ja-klaasikuningas\/","url":"https:\/\/scandium.ee\/maratikvartal\/ajalugu-ja-klaasikuningas\/","name":"Ajalugu ja klaasikuningas - Marati Kvartal","isPartOf":{"@id":"https:\/\/scandium.ee\/maratikvartal\/#website"},"datePublished":"2024-03-25T16:03:38+00:00","dateModified":"2024-05-03T11:30:37+00:00","breadcrumb":{"@id":"https:\/\/scandium.ee\/maratikvartal\/ajalugu-ja-klaasikuningas\/#breadcrumb"},"inLanguage":"et","potentialAction":[{"@type":"ReadAction","target":["https:\/\/scandium.ee\/maratikvartal\/ajalugu-ja-klaasikuningas\/"]}]},{"@type":"BreadcrumbList","@id":"https:\/\/scandium.ee\/maratikvartal\/ajalugu-ja-klaasikuningas\/#breadcrumb","itemListElement":[{"@type":"ListItem","position":1,"name":"Home","item":"https:\/\/scandium.ee\/maratikvartal\/"},{"@type":"ListItem","position":2,"name":"Ajalugu ja klaasikuningas"}]},{"@type":"WebSite","@id":"https:\/\/scandium.ee\/maratikvartal\/#website","url":"https:\/\/scandium.ee\/maratikvartal\/","name":"Marati Kvartal","description":"","publisher":{"@id":"https:\/\/scandium.ee\/maratikvartal\/#organization"},"potentialAction":[{"@type":"SearchAction","target":{"@type":"EntryPoint","urlTemplate":"https:\/\/scandium.ee\/maratikvartal\/?s={search_term_string}"},"query-input":{"@type":"PropertyValueSpecification","valueRequired":true,"valueName":"search_term_string"}}],"inLanguage":"et"},{"@type":"Organization","@id":"https:\/\/scandium.ee\/maratikvartal\/#organization","name":"Marati Kvartal","url":"https:\/\/scandium.ee\/maratikvartal\/","logo":{"@type":"ImageObject","inLanguage":"et","@id":"https:\/\/scandium.ee\/maratikvartal\/#\/schema\/logo\/image\/","url":"https:\/\/scandium.ee\/maratikvartal\/wp-content\/uploads\/2024\/03\/Vector-1.svg","contentUrl":"https:\/\/scandium.ee\/maratikvartal\/wp-content\/uploads\/2024\/03\/Vector-1.svg","width":47,"height":45,"caption":"Marati Kvartal"},"image":{"@id":"https:\/\/scandium.ee\/maratikvartal\/#\/schema\/logo\/image\/"}}]}},"_links":{"self":[{"href":"https:\/\/scandium.ee\/maratikvartal\/wp-json\/wp\/v2\/pages\/207","targetHints":{"allow":["GET"]}}],"collection":[{"href":"https:\/\/scandium.ee\/maratikvartal\/wp-json\/wp\/v2\/pages"}],"about":[{"href":"https:\/\/scandium.ee\/maratikvartal\/wp-json\/wp\/v2\/types\/page"}],"author":[{"embeddable":true,"href":"https:\/\/scandium.ee\/maratikvartal\/wp-json\/wp\/v2\/users\/1"}],"replies":[{"embeddable":true,"href":"https:\/\/scandium.ee\/maratikvartal\/wp-json\/wp\/v2\/comments?post=207"}],"version-history":[{"count":14,"href":"https:\/\/scandium.ee\/maratikvartal\/wp-json\/wp\/v2\/pages\/207\/revisions"}],"predecessor-version":[{"id":2195,"href":"https:\/\/scandium.ee\/maratikvartal\/wp-json\/wp\/v2\/pages\/207\/revisions\/2195"}],"wp:attachment":[{"href":"https:\/\/scandium.ee\/maratikvartal\/wp-json\/wp\/v2\/media?parent=207"}],"curies":[{"name":"wp","href":"https:\/\/api.w.org\/{rel}","templated":true}]}}