{"id":201,"date":"2024-03-25T19:03:04","date_gmt":"2024-03-25T16:03:04","guid":{"rendered":"https:\/\/scandium.ee\/maratikvartal\/?page_id=201"},"modified":"2025-11-26T16:51:38","modified_gmt":"2025-11-26T13:51:38","slug":"uuriinvestorile","status":"publish","type":"page","link":"https:\/\/scandium.ee\/maratikvartal\/uuriinvestorile\/","title":{"rendered":"\u00dc\u00fcriinvestorile"},"content":{"rendered":"\n<section class=\"banner-block overflow-hidden\">\n            <div class=\"bg-video position-absolute w-100 h-100\">\n            <video autoplay muted playsinline loop class=\"d-none d-lg-block w-100 h-100\">\n                <source src=\"https:\/\/scandium.ee\/maratikvartal\/wp-content\/uploads\/2024\/03\/Yyriinvestor_1920x1080.mp4\" type=\"video\/mp4\">\n                Your browser does not support the video tag.\n            <\/video>\n\n                            <video autoplay muted playsinline loop class=\"d-block d-lg-none w-100 h-100\">\n                    <source src=\"https:\/\/scandium.ee\/maratikvartal\/wp-content\/uploads\/2024\/04\/Yyriinvestor_mobiil_1124x1902.mp4\" type=\"video\/mp4\">\n                    Your browser does not support the video tag.\n                <\/video>\n                    <\/div>\n    \n            <div class=\"container\">\n            <h1 class=\"text-uppercase color-white\">V\u00c4\u00c4RTUST KOGUV INVESTEERING<\/h1>\n        <\/div>\n    \n            <div class=\"scroll-down position-absolute bottom-0 start-50 translate-middle-x d-block overflow-hidden\">\n            <div id=\"lottie-block_a690c24e6ab2bfb0d518e1405dd135dd\" class=\"lottie-animation\" data-path=\"https:\/\/scandium.ee\/maratikvartal\/wp-content\/themes\/marat\/images\/lottie\/lottie-arrow.json\" data-speed=\"0.75\"><\/div>\n        <\/div>\n    <\/section>\n\n\n<section class=\"title-list-columns-block overflow-hidden\">\n    <div class=\"container\">\n        <div class=\"row\">\n                            <div class=\"col-12 col-lg-auto\">\n                    <h2 class=\"color-beige\">Atraktiivne l\u00fchiajaline \u00fc\u00fcr Marati Kvartalis<\/h2>\n                <\/div>\n            \n                            <div class=\"col-12 col-lg list\">\n                    <ul>\n<li>P\u00f5hjala tehas on turistide seas\u00a0armastatud sihtkoht<\/li>\n<li>Realistlik aastane tootlus &gt;10%<\/li>\n<li>Hotelle ega konkureerivaid majutuspakkujaid piirkonnas ei leidu<\/li>\n<li>Trendika v\u00e4ikekorteri \u00fc\u00fcr on 50\u2013100 eur\/p\u00e4evas<\/li>\n<\/ul>\n                <\/div>\n                    <\/div>\n    <\/div>\n<\/section>\n\n\n<section class=\"fullwidth-media-block position-relative overflow-hidden\">\n            <img decoding=\"async\" class=\"d-block zoom-in\" src=\"https:\/\/scandium.ee\/maratikvartal\/wp-content\/uploads\/2025\/10\/marati-kvartal-scandium-kk15-33.jpg\" width=\"0\" height=\"0\" alt=\"\" \/>\n    \n    <\/section>\n\n\n<section class=\"title-text-columns-block pt-42 pb-48 pt-lg-128 pb-lg-80 overflow-hidden\">\n    <div class=\"container\">\n        <div class=\"row justify-content-center justify-content-lg-between\">\n                            <div class=\"col-12 col-lg-auto\">\n                    <h2 class=\"color-beige\">Ees ootavad uued tuuled ja areng <\/h2>\n\n                                            <img decoding=\"async\" class=\"logo d-none d-lg-block\" src=\"https:\/\/scandium.ee\/maratikvartal\/wp-content\/uploads\/2024\/03\/Vector-1.svg\" width=\"47\" height=\"45\" alt=\"\" \/>\n                                    <\/div>\n            \n                            <div class=\"col col-12 col-lg text\">\n                    <p>Nii on Kopli asum \u00e4rkamas aastaid kestnud vaikelust. Siinne piirkond on hinnatud oma unikaalse arhitektuurse ja ajaloolise kihistuse poolest. Samuti meeldib siinsetele elanikele kesklinna, rohealade ja mere l\u00e4hedus. Kopli liinide taas \u00fcles ehitamine on k\u00e4ima t\u00f5uganud terve poolsaare arengu.<\/p>\n                <\/div>\n                    <\/div>\n    <\/div>\n<\/section>\n\n<section class=\"sliding-images-block overflow-hidden\">\n    <div class=\"container\">\n                    <div class=\"images position-relative d-grid\">\n                                    <img decoding=\"async\" class=\"logo position-absolute d-none d-lg-block\" src=\"https:\/\/scandium.ee\/maratikvartal\/wp-content\/uploads\/2024\/03\/Vector-1.svg\" width=\"47\" height=\"45\" alt=\"\" \/>\n                \n                                                        <div class=\"image-wrap position-relative first fade fade-in-down\">\n                        <div class=\"line top position-absolute\"><\/div>\n                        <img decoding=\"async\" src=\"https:\/\/scandium.ee\/maratikvartal\/wp-content\/uploads\/2024\/04\/697d1d2190b1cb54685019f248ef3ff3.jpg\" width=\"1400\" height=\"788\" alt=\"\" \/>\n                        <div class=\"line bottom position-absolute\"><\/div>\n                    <\/div>\n                                                        <div class=\"image-wrap position-relative second fade fade-in-left\">\n                        <div class=\"line top position-absolute\"><\/div>\n                        <img decoding=\"async\" src=\"https:\/\/scandium.ee\/maratikvartal\/wp-content\/uploads\/2024\/04\/katie-luka-9KPExH1jioM-unsplash-1-1.jpg\" width=\"608\" height=\"913\" alt=\"\" \/>\n                        <div class=\"line bottom position-absolute\"><\/div>\n                    <\/div>\n                                                        <div class=\"image-wrap position-relative third fade fade-in-up\">\n                        <div class=\"line top position-absolute\"><\/div>\n                        <img decoding=\"async\" src=\"https:\/\/scandium.ee\/maratikvartal\/wp-content\/uploads\/2024\/04\/a44a2a4361e4babe8dbfee8a36111a69.png\" width=\"1024\" height=\"683\" alt=\"\" \/>\n                        <div class=\"line bottom position-absolute\"><\/div>\n                    <\/div>\n                            <\/div>\n            <\/div>\n<\/section>\n\n\n<section class=\"text-image-columns-block overflow-hidden\">\n    <div class=\"container\">\n        <div class=\"row align-items-center gx-96\">\n                            <div class=\"col col-lg-8 col-12\">\n                    <div class=\"block-content-wrap text-lg-start text-center\">\n                        <h2>K\u00e4es on suurte muutuste aeg<\/h2>\n<p>P\u00f5hja-Tallinn on koostamas edumeelset uut \u00fcldplaneeringut, mis avab varem suletud olnud tehase- ja sadamaalad linnakodanikele. Uus \u00fcldplaneering loob v\u00f5imaluse ulatuslikule rannapromenaadide v\u00f5rgustikule ja olemasoleva trammiv\u00f5rgu laiendamiseks. Kaalumisel on ka unikaalne Tallinna siseste linnarongide liikluse rajamine.<\/p>\n<p>Kopli asumi m\u00e4rkimisv\u00e4\u00e4rsemad uusarendused on Marati Kvartal, P\u00f5hjala tehas, Bekkeri sadama elu- ja \u00e4rikvartal (tulemas), Meeruse sadama elu- ja \u00e4rikvartal, Kopli liinid, Bekkeri Villa, Paljassaare sadama elamuala, Paljassaare filmilinnak, Sitsi Manufaktuuri kvartal ja putukav\u00e4li.<\/p>\n                    <\/div>\n                <\/div>\n            \n                            <div class=\"col col-lg-4 col-12 mt-lg-0 mt-48 mb-lg-0 mb-12\">\n                    <div class=\"image-wrap\">\n                        <img decoding=\"async\" src=\"https:\/\/scandium.ee\/maratikvartal\/wp-content\/uploads\/2024\/04\/shutterstock_133879112-1.png\" width=\"589\" height=\"880\" alt=\"\" \/>\n                    <\/div>\n                <\/div>\n                    <\/div>\n    <\/div>\n<\/section>\n\n<section class=\"lines-image-block position-relative py-32 pt-lg-48 overflow-hidden\">\n    <div class=\"container\">\n                    <div class=\"image-wrap position-relative fade fade-in-up\">\n                <div class=\"line top position-absolute\"><\/div>\n                <img decoding=\"async\" src=\"https:\/\/scandium.ee\/maratikvartal\/wp-content\/uploads\/2025\/10\/marati-kvartal-vali-33-e1761568822631.jpg\" width=\"1920\" height=\"1008\" alt=\"\" \/>\n                <div class=\"line bottom position-absolute\"><\/div>\n            <\/div>\n            <\/div>\n<\/section>\n\n\n<section class=\"tram-block color-beige overflow-hidden\">\n    <div class=\"container\">\n                    <h2 class=\"mb-32 mb-lg-64 fade fade-in-right text-center text-lg-start\">\u00c4ra j\u00e4\u00e4 trammist maha<\/h2>\n        \n        <svg class=\"touch-icon d-block d-md-none mx-auto mb-12\" xmlns=\"http:\/\/www.w3.org\/2000\/svg\" width=\"44\" height=\"37\" viewBox=\"0 0 44 37\" fill=\"none\">\n            <path d=\"M24.3882 18.7064V14.0874\" stroke=\"#8E5D47\" stroke-linecap=\"round\" stroke-linejoin=\"round\"\/>\n            <path d=\"M29.0072 18.7063V15.627\" stroke=\"#8E5D47\" stroke-linecap=\"round\" stroke-linejoin=\"round\"\/>\n            <path d=\"M33.6263 18.7064V17.1667\" stroke=\"#8E5D47\" stroke-linecap=\"round\" stroke-linejoin=\"round\"\/>\n            <path d=\"M38.2453 17.1669V26.405C38.2453 31.5071 34.1094 35.643 29.0072 35.643H24.4488C21.3741 35.643 18.501 34.1132 16.7846 31.5626L11.7474 22.933C11.0161 21.8398 11.2008 20.3617 12.1862 19.4995C12.6712 19.0838 13.2563 18.8759 13.8491 18.8759C14.5034 18.8759 15.1578 19.13 15.6505 19.6381L19.7691 24.6035V3.43972C19.7691 2.20613 20.6791 1.09448 21.9096 1.0061C22.6154 0.955296 23.2587 1.22536 23.7107 1.67741C24.1264 2.09312 24.3882 2.6705 24.3882 3.30946V14.0872C24.3882 12.8093 25.4198 11.7777 26.6977 11.7777C27.3367 11.7777 27.914 12.0394 28.3297 12.4552C28.7455 12.8709 29.0072 13.4482 29.0072 14.0872V15.6269C29.0072 14.349 30.0388 13.3174 31.3167 13.3174C31.9557 13.3174 32.5331 13.5791 32.9488 13.9948C33.3645 14.4105 33.6262 14.9879 33.6262 15.6269V17.1666C33.6262 15.8886 34.6578 14.8571 35.9358 14.8571C36.5747 14.8571 37.1521 15.1188 37.5678 15.5345C37.9835 15.9502 38.2453 16.5276 38.2453 17.1666V17.1669Z\" stroke=\"#8E5D47\" stroke-linecap=\"round\" stroke-linejoin=\"round\"\/>\n            <path d=\"M0.646446 6.5732C0.451184 6.76847 0.451184 7.08505 0.646446 7.28031L3.82843 10.4623C4.02369 10.6576 4.34027 10.6576 4.53553 10.4623C4.7308 10.267 4.7308 9.95045 4.53553 9.75518L1.70711 6.92676L4.53553 4.09833C4.7308 3.90307 4.7308 3.58649 4.53553 3.39122C4.34027 3.19596 4.02369 3.19596 3.82843 3.39122L0.646446 6.5732ZM15 6.42676L1 6.42676L1 7.42676L15 7.42676L15 6.42676Z\" fill=\"#8E5D47\"\/>\n            <path d=\"M43.3536 7.35355C43.5488 7.15829 43.5488 6.84171 43.3536 6.64645L40.1716 3.46447C39.9763 3.2692 39.6597 3.2692 39.4645 3.46447C39.2692 3.65973 39.2692 3.97631 39.4645 4.17157L42.2929 7L39.4645 9.82843C39.2692 10.0237 39.2692 10.3403 39.4645 10.5355C39.6597 10.7308 39.9763 10.7308 40.1716 10.5355L43.3536 7.35355ZM43 6.5L29 6.5L29 7.5L43 7.5L43 6.5Z\" fill=\"#8E5D47\"\/>\n        <\/svg>\n\n                    <div class=\"tram w-100\">\n                \n                <div class=\"tram-wrap\">\n                    <img decoding=\"async\" class=\"tram-image\" src=\"https:\/\/scandium.ee\/maratikvartal\/wp-content\/uploads\/2024\/04\/TRAM1.png\" width=\"254\" height=\"218\" alt=\"\" \/>\n                <\/div>\n\n                <div class=\"stops-wrap\">\n                    <div class=\"stops d-flex justify-content-between w-100\">\n                                                            <div class=\"tram-stop fade fade-in \" style=\"transition-delay:250ms;\">\n                                    <img decoding=\"async\" class=\"tram-mobile d-md-none\" src=\"https:\/\/scandium.ee\/maratikvartal\/wp-content\/uploads\/2024\/04\/TRAM1.png\" width=\"254\" height=\"218\" alt=\"\" \/>\n                                    \n                                    <div class=\"icon d-flex justify-content-center\">\n                                        <svg xmlns=\"http:\/\/www.w3.org\/2000\/svg\" width=\"23\" height=\"22\" viewBox=\"0 0 23 22\" fill=\"none\">\n                                            <g>\n                                                <rect width=\"23\" height=\"22\" fill=\"white\"\/>\n                                                <path d=\"M16.5592 4.47172H18.451V17.5494H16.5592V9.23873H16.2616L12.8604 16.4736H10.1396L6.73845 9.23873H6.44085V17.5494H4.54898V4.47172H6.44085L11.3512 14.7651H11.6488L16.5592 4.47172ZM23 0V1.16012V1.87728V7.78332V14.2167V20.1227V20.8399V22H20.768H17.9621H0V20.8399V20.1227V14.2167V7.78332V1.87728V1.16012V0H17.9621H20.768H23ZM21.1081 1.87728H20.768H17.9621H1.91312V7.78332V14.2167V20.1227H17.9834H20.7893H21.1294V14.2167V7.78332V1.87728H21.1081Z\" fill=\"#8E5D47\"\/>\n                                            <\/g>\n                                        <\/svg>\n                                    <\/div>\n\n                                    <div class=\"text d-flex flex-column align-items-center text-uppercase text-center\">\n                                        <p class=\"season font-larken fs-14 lh-1 mb-10\">SUVI<\/p>\n                                        <p class=\"year font-larken fs-50 lh-1 mb-14\">2024<\/p>\n                                        <p class=\"status fs-11 color-black\">ALGAB EHITUS<\/p>\n                                    <\/div>\n                                <\/div>\n                                                            <div class=\"tram-stop fade fade-in \" style=\"transition-delay:500ms;\">\n                                    <img decoding=\"async\" class=\"tram-mobile d-md-none\" src=\"https:\/\/scandium.ee\/maratikvartal\/wp-content\/uploads\/2024\/04\/TRAM1.png\" width=\"254\" height=\"218\" alt=\"\" \/>\n                                    \n                                    <div class=\"icon d-flex justify-content-center\">\n                                        <svg xmlns=\"http:\/\/www.w3.org\/2000\/svg\" width=\"23\" height=\"22\" viewBox=\"0 0 23 22\" fill=\"none\">\n                                            <g>\n                                                <rect width=\"23\" height=\"22\" fill=\"white\"\/>\n                                                <path d=\"M16.5592 4.47172H18.451V17.5494H16.5592V9.23873H16.2616L12.8604 16.4736H10.1396L6.73845 9.23873H6.44085V17.5494H4.54898V4.47172H6.44085L11.3512 14.7651H11.6488L16.5592 4.47172ZM23 0V1.16012V1.87728V7.78332V14.2167V20.1227V20.8399V22H20.768H17.9621H0V20.8399V20.1227V14.2167V7.78332V1.87728V1.16012V0H17.9621H20.768H23ZM21.1081 1.87728H20.768H17.9621H1.91312V7.78332V14.2167V20.1227H17.9834H20.7893H21.1294V14.2167V7.78332V1.87728H21.1081Z\" fill=\"#8E5D47\"\/>\n                                            <\/g>\n                                        <\/svg>\n                                    <\/div>\n\n                                    <div class=\"text d-flex flex-column align-items-center text-uppercase text-center\">\n                                        <p class=\"season font-larken fs-14 lh-1 mb-10\">VARAKEVAD<\/p>\n                                        <p class=\"year font-larken fs-50 lh-1 mb-14\">2025<\/p>\n                                        <p class=\"status fs-11 color-black\">HOONED SAAVUTAVAD TIPPK\u00d5RGUSE<\/p>\n                                    <\/div>\n                                <\/div>\n                                                            <div class=\"tram-stop fade fade-in \" style=\"transition-delay:750ms;\">\n                                    <img decoding=\"async\" class=\"tram-mobile d-md-none\" src=\"https:\/\/scandium.ee\/maratikvartal\/wp-content\/uploads\/2024\/04\/TRAM1.png\" width=\"254\" height=\"218\" alt=\"\" \/>\n                                    \n                                    <div class=\"icon d-flex justify-content-center\">\n                                        <svg xmlns=\"http:\/\/www.w3.org\/2000\/svg\" width=\"23\" height=\"22\" viewBox=\"0 0 23 22\" fill=\"none\">\n                                            <g>\n                                                <rect width=\"23\" height=\"22\" fill=\"white\"\/>\n                                                <path d=\"M16.5592 4.47172H18.451V17.5494H16.5592V9.23873H16.2616L12.8604 16.4736H10.1396L6.73845 9.23873H6.44085V17.5494H4.54898V4.47172H6.44085L11.3512 14.7651H11.6488L16.5592 4.47172ZM23 0V1.16012V1.87728V7.78332V14.2167V20.1227V20.8399V22H20.768H17.9621H0V20.8399V20.1227V14.2167V7.78332V1.87728V1.16012V0H17.9621H20.768H23ZM21.1081 1.87728H20.768H17.9621H1.91312V7.78332V14.2167V20.1227H17.9834H20.7893H21.1294V14.2167V7.78332V1.87728H21.1081Z\" fill=\"#8E5D47\"\/>\n                                            <\/g>\n                                        <\/svg>\n                                    <\/div>\n\n                                    <div class=\"text d-flex flex-column align-items-center text-uppercase text-center\">\n                                        <p class=\"season font-larken fs-14 lh-1 mb-10\">AUGUST<\/p>\n                                        <p class=\"year font-larken fs-50 lh-1 mb-14\">2025<\/p>\n                                        <p class=\"status fs-11 color-black\">N\u00c4IDISKORTERID VALMIVAD<\/p>\n                                    <\/div>\n                                <\/div>\n                                                            <div class=\"tram-stop fade fade-in active\" style=\"transition-delay:1000ms;\">\n                                    <img decoding=\"async\" class=\"tram-mobile d-md-none\" src=\"https:\/\/scandium.ee\/maratikvartal\/wp-content\/uploads\/2024\/04\/TRAM1.png\" width=\"254\" height=\"218\" alt=\"\" \/>\n                                    \n                                    <div class=\"icon d-flex justify-content-center\">\n                                        <svg xmlns=\"http:\/\/www.w3.org\/2000\/svg\" width=\"23\" height=\"22\" viewBox=\"0 0 23 22\" fill=\"none\">\n                                            <g>\n                                                <rect width=\"23\" height=\"22\" fill=\"white\"\/>\n                                                <path d=\"M16.5592 4.47172H18.451V17.5494H16.5592V9.23873H16.2616L12.8604 16.4736H10.1396L6.73845 9.23873H6.44085V17.5494H4.54898V4.47172H6.44085L11.3512 14.7651H11.6488L16.5592 4.47172ZM23 0V1.16012V1.87728V7.78332V14.2167V20.1227V20.8399V22H20.768H17.9621H0V20.8399V20.1227V14.2167V7.78332V1.87728V1.16012V0H17.9621H20.768H23ZM21.1081 1.87728H20.768H17.9621H1.91312V7.78332V14.2167V20.1227H17.9834H20.7893H21.1294V14.2167V7.78332V1.87728H21.1081Z\" fill=\"#8E5D47\"\/>\n                                            <\/g>\n                                        <\/svg>\n                                    <\/div>\n\n                                    <div class=\"text d-flex flex-column align-items-center text-uppercase text-center\">\n                                        <p class=\"season font-larken fs-14 lh-1 mb-10\">S\u00dcGIS<\/p>\n                                        <p class=\"year font-larken fs-50 lh-1 mb-14\">2025<\/p>\n                                        <p class=\"status fs-11 color-black\">KVARTAL VALMIS<\/p>\n                                    <\/div>\n                                <\/div>\n                                                    <\/div>\n                    <\/div>\n                <\/div>\n            <\/div>\n            <\/div>\n<\/section>","protected":false},"excerpt":{"rendered":"","protected":false},"author":1,"featured_media":0,"parent":0,"menu_order":0,"comment_status":"closed","ping_status":"closed","template":"page-templates\/no-title.php","meta":{"_acf_changed":false,"footnotes":""},"class_list":["post-201","page","type-page","status-publish","hentry"],"acf":[],"yoast_head":"<!-- This site is optimized with the Yoast SEO plugin v26.4 - https:\/\/yoast.com\/wordpress\/plugins\/seo\/ -->\n<title>\u00dc\u00fcriinvestorile - Marati Kvartal<\/title>\n<meta name=\"robots\" content=\"index, follow, max-snippet:-1, max-image-preview:large, max-video-preview:-1\" \/>\n<link rel=\"canonical\" href=\"https:\/\/scandium.ee\/maratikvartal\/uuriinvestorile\/\" \/>\n<meta property=\"og:locale\" content=\"et_EE\" \/>\n<meta property=\"og:type\" content=\"article\" \/>\n<meta property=\"og:title\" content=\"\u00dc\u00fcriinvestorile - Marati Kvartal\" \/>\n<meta property=\"og:url\" content=\"https:\/\/scandium.ee\/maratikvartal\/uuriinvestorile\/\" \/>\n<meta property=\"og:site_name\" content=\"Marati Kvartal\" \/>\n<meta property=\"article:modified_time\" content=\"2025-11-26T13:51:38+00:00\" \/>\n<meta property=\"og:image\" content=\"https:\/\/scandium.ee\/maratikvartal\/wp-content\/uploads\/2024\/05\/OG.jpg\" \/>\n\t<meta property=\"og:image:width\" content=\"1200\" \/>\n\t<meta property=\"og:image:height\" content=\"675\" \/>\n\t<meta property=\"og:image:type\" content=\"image\/jpeg\" \/>\n<meta name=\"twitter:card\" content=\"summary_large_image\" \/>\n<script type=\"application\/ld+json\" class=\"yoast-schema-graph\">{\"@context\":\"https:\/\/schema.org\",\"@graph\":[{\"@type\":\"WebPage\",\"@id\":\"https:\/\/scandium.ee\/maratikvartal\/uuriinvestorile\/\",\"url\":\"https:\/\/scandium.ee\/maratikvartal\/uuriinvestorile\/\",\"name\":\"\u00dc\u00fcriinvestorile - Marati Kvartal\",\"isPartOf\":{\"@id\":\"https:\/\/scandium.ee\/maratikvartal\/#website\"},\"datePublished\":\"2024-03-25T16:03:04+00:00\",\"dateModified\":\"2025-11-26T13:51:38+00:00\",\"breadcrumb\":{\"@id\":\"https:\/\/scandium.ee\/maratikvartal\/uuriinvestorile\/#breadcrumb\"},\"inLanguage\":\"et\",\"potentialAction\":[{\"@type\":\"ReadAction\",\"target\":[\"https:\/\/scandium.ee\/maratikvartal\/uuriinvestorile\/\"]}]},{\"@type\":\"BreadcrumbList\",\"@id\":\"https:\/\/scandium.ee\/maratikvartal\/uuriinvestorile\/#breadcrumb\",\"itemListElement\":[{\"@type\":\"ListItem\",\"position\":1,\"name\":\"Home\",\"item\":\"https:\/\/scandium.ee\/maratikvartal\/\"},{\"@type\":\"ListItem\",\"position\":2,\"name\":\"\u00dc\u00fcriinvestorile\"}]},{\"@type\":\"WebSite\",\"@id\":\"https:\/\/scandium.ee\/maratikvartal\/#website\",\"url\":\"https:\/\/scandium.ee\/maratikvartal\/\",\"name\":\"Marati Kvartal\",\"description\":\"\",\"publisher\":{\"@id\":\"https:\/\/scandium.ee\/maratikvartal\/#organization\"},\"potentialAction\":[{\"@type\":\"SearchAction\",\"target\":{\"@type\":\"EntryPoint\",\"urlTemplate\":\"https:\/\/scandium.ee\/maratikvartal\/?s={search_term_string}\"},\"query-input\":{\"@type\":\"PropertyValueSpecification\",\"valueRequired\":true,\"valueName\":\"search_term_string\"}}],\"inLanguage\":\"et\"},{\"@type\":\"Organization\",\"@id\":\"https:\/\/scandium.ee\/maratikvartal\/#organization\",\"name\":\"Marati Kvartal\",\"url\":\"https:\/\/scandium.ee\/maratikvartal\/\",\"logo\":{\"@type\":\"ImageObject\",\"inLanguage\":\"et\",\"@id\":\"https:\/\/scandium.ee\/maratikvartal\/#\/schema\/logo\/image\/\",\"url\":\"https:\/\/scandium.ee\/maratikvartal\/wp-content\/uploads\/2024\/03\/Vector-1.svg\",\"contentUrl\":\"https:\/\/scandium.ee\/maratikvartal\/wp-content\/uploads\/2024\/03\/Vector-1.svg\",\"width\":47,\"height\":45,\"caption\":\"Marati Kvartal\"},\"image\":{\"@id\":\"https:\/\/scandium.ee\/maratikvartal\/#\/schema\/logo\/image\/\"}}]}<\/script>\n<!-- \/ Yoast SEO plugin. -->","yoast_head_json":{"title":"\u00dc\u00fcriinvestorile - Marati Kvartal","robots":{"index":"index","follow":"follow","max-snippet":"max-snippet:-1","max-image-preview":"max-image-preview:large","max-video-preview":"max-video-preview:-1"},"canonical":"https:\/\/scandium.ee\/maratikvartal\/uuriinvestorile\/","og_locale":"et_EE","og_type":"article","og_title":"\u00dc\u00fcriinvestorile - Marati Kvartal","og_url":"https:\/\/scandium.ee\/maratikvartal\/uuriinvestorile\/","og_site_name":"Marati Kvartal","article_modified_time":"2025-11-26T13:51:38+00:00","og_image":[{"width":1200,"height":675,"url":"https:\/\/scandium.ee\/maratikvartal\/wp-content\/uploads\/2024\/05\/OG.jpg","type":"image\/jpeg"}],"twitter_card":"summary_large_image","schema":{"@context":"https:\/\/schema.org","@graph":[{"@type":"WebPage","@id":"https:\/\/scandium.ee\/maratikvartal\/uuriinvestorile\/","url":"https:\/\/scandium.ee\/maratikvartal\/uuriinvestorile\/","name":"\u00dc\u00fcriinvestorile - Marati Kvartal","isPartOf":{"@id":"https:\/\/scandium.ee\/maratikvartal\/#website"},"datePublished":"2024-03-25T16:03:04+00:00","dateModified":"2025-11-26T13:51:38+00:00","breadcrumb":{"@id":"https:\/\/scandium.ee\/maratikvartal\/uuriinvestorile\/#breadcrumb"},"inLanguage":"et","potentialAction":[{"@type":"ReadAction","target":["https:\/\/scandium.ee\/maratikvartal\/uuriinvestorile\/"]}]},{"@type":"BreadcrumbList","@id":"https:\/\/scandium.ee\/maratikvartal\/uuriinvestorile\/#breadcrumb","itemListElement":[{"@type":"ListItem","position":1,"name":"Home","item":"https:\/\/scandium.ee\/maratikvartal\/"},{"@type":"ListItem","position":2,"name":"\u00dc\u00fcriinvestorile"}]},{"@type":"WebSite","@id":"https:\/\/scandium.ee\/maratikvartal\/#website","url":"https:\/\/scandium.ee\/maratikvartal\/","name":"Marati Kvartal","description":"","publisher":{"@id":"https:\/\/scandium.ee\/maratikvartal\/#organization"},"potentialAction":[{"@type":"SearchAction","target":{"@type":"EntryPoint","urlTemplate":"https:\/\/scandium.ee\/maratikvartal\/?s={search_term_string}"},"query-input":{"@type":"PropertyValueSpecification","valueRequired":true,"valueName":"search_term_string"}}],"inLanguage":"et"},{"@type":"Organization","@id":"https:\/\/scandium.ee\/maratikvartal\/#organization","name":"Marati Kvartal","url":"https:\/\/scandium.ee\/maratikvartal\/","logo":{"@type":"ImageObject","inLanguage":"et","@id":"https:\/\/scandium.ee\/maratikvartal\/#\/schema\/logo\/image\/","url":"https:\/\/scandium.ee\/maratikvartal\/wp-content\/uploads\/2024\/03\/Vector-1.svg","contentUrl":"https:\/\/scandium.ee\/maratikvartal\/wp-content\/uploads\/2024\/03\/Vector-1.svg","width":47,"height":45,"caption":"Marati Kvartal"},"image":{"@id":"https:\/\/scandium.ee\/maratikvartal\/#\/schema\/logo\/image\/"}}]}},"_links":{"self":[{"href":"https:\/\/scandium.ee\/maratikvartal\/wp-json\/wp\/v2\/pages\/201","targetHints":{"allow":["GET"]}}],"collection":[{"href":"https:\/\/scandium.ee\/maratikvartal\/wp-json\/wp\/v2\/pages"}],"about":[{"href":"https:\/\/scandium.ee\/maratikvartal\/wp-json\/wp\/v2\/types\/page"}],"author":[{"embeddable":true,"href":"https:\/\/scandium.ee\/maratikvartal\/wp-json\/wp\/v2\/users\/1"}],"replies":[{"embeddable":true,"href":"https:\/\/scandium.ee\/maratikvartal\/wp-json\/wp\/v2\/comments?post=201"}],"version-history":[{"count":27,"href":"https:\/\/scandium.ee\/maratikvartal\/wp-json\/wp\/v2\/pages\/201\/revisions"}],"predecessor-version":[{"id":5032,"href":"https:\/\/scandium.ee\/maratikvartal\/wp-json\/wp\/v2\/pages\/201\/revisions\/5032"}],"wp:attachment":[{"href":"https:\/\/scandium.ee\/maratikvartal\/wp-json\/wp\/v2\/media?parent=201"}],"curies":[{"name":"wp","href":"https:\/\/api.w.org\/{rel}","templated":true}]}}