{"id":197,"date":"2024-03-25T19:02:24","date_gmt":"2024-03-25T16:02:24","guid":{"rendered":"https:\/\/scandium.ee\/maratikvartal\/?page_id=197"},"modified":"2025-10-21T12:28:40","modified_gmt":"2025-10-21T09:28:40","slug":"aripinnad","status":"publish","type":"page","link":"https:\/\/scandium.ee\/maratikvartal\/aripinnad\/","title":{"rendered":"\u00c4ripinnad"},"content":{"rendered":"\n<section class=\"about-banner-block position-relative color-white\">\n    <div class=\"block-content d-flex flex-lg-row flex-column\">\n        <div class=\"block-content-right position-relative overflow-hidden\">\n                            <div class=\"bg-video position-absolute w-100 h-100\">\n                    <video autoplay muted playsinline loop class=\"d-block w-100 h-100\">\n                        <source src=\"https:\/\/scandium.ee\/maratikvartal\/wp-content\/uploads\/2024\/03\/a2ce-4797-8ac1-aafe32991bb9.mp4\" type=\"video\/mp4\">\n                        Your browser does not support the video tag.\n                    <\/video>\n                <\/div>\n                                        <div class=\"block-content-title position-relative w-100 h-100 d-flex flex-column align-items-start justify-content-lg-between justify-content-start\">\n                    <h2 class=\"text-uppercase\">KARAKTERIGA \u00c4RIPINNAD<\/h2>\n                <\/div>\n                        <div class=\"right-banner-arrow position-absolute start-50 translate-middle-x bottom-0\">\n                <div id=\"lottie-block_3b5af061f64949f3269f4a5c6901e2b4\" class=\"lottie-animation\" data-path=\"https:\/\/scandium.ee\/maratikvartal\/wp-content\/themes\/marat\/images\/lottie\/lottie-arrow.json\" data-speed=\"0.75\"><\/div>\n            <\/div>\n        <\/div>\n    <\/div>\n<\/section>\n\n\n<section class=\"two-column-content-block open-content\">\n    <div class=\"container\">\n        <div class=\"row align-items-center\">\n                            <div class=\"col col-lg-6 col-12\">\n                    <div class=\"block-content-wrap text-lg-start text-center\">\n                        <h2>Loo \u00e4ri siia, kus on<br \/>\nSinu inimesed<\/h2>\n<p>Marati 4a \u00e4ri- ja eluhoonete kompleksi puhul on tegemist tulevase eepilise Bekkeri sadama kvartali elu- ja \u00e4rikeskkonna v\u00e4ravaga. Kvartal on orienteeritud teadlikule inimesele, kes hindab piirkonna olemasolevaid v\u00e4\u00e4rtuseid, \u00e4gedat keskkonda ning loodavat lisandv\u00e4\u00e4rtust, mida pakub uus v\u00e4rske keskkond.<\/p>\n<p>Marati Kvartali hoonetekompleks \u00fchendab omavahel t\u00f6\u00f6- ja elukeskkonna. Hooned pakuvad v\u00f5imalusi kontoripindadele, v\u00e4ikepoodidele, kohvikutele, restoranidele. Miks mitte ka galeriidele v\u00f5i unistust\u00f6\u00f6kodadele &#8211; ja teistele piirkonda lisandv\u00e4\u00e4rtust loovatele teenustele.<\/p>\n                    <\/div>\n                <\/div>\n                                        <div class=\"col col-lg-6 col-12 mt-lg-0 mt-48 mb-lg-0 mb-12\">\n                    <div class=\"image-wrap\">\n                        <img decoding=\"async\" src=\"https:\/\/scandium.ee\/maratikvartal\/wp-content\/uploads\/2024\/04\/rahakott-1.png\" width=\"1349\" height=\"1342\" alt=\"\" \/>\n                    <\/div>\n                <\/div>\n                    <\/div>\n    <\/div>\n<\/section>\n\n\n<section class=\"icons-list-block open-content pt-56 py-lg-156\">\n    <div class=\"container\">\n        <div class=\"icons-list row row-cols-3 row-cols-lg-6 gy-48\">\n\t\t\t\t\t<div class=\"item d-flex flex-column align-items-center\">\n\t\t\t<div class=\"image-wrap d-flex mb-24 jump-up\" style=\"animation-delay: 200ms;\">\n                                    <img decoding=\"async\" src=\"https:\/\/scandium.ee\/maratikvartal\/wp-content\/uploads\/2024\/04\/Group-144.svg\" width=\"56\" height=\"56\" alt=\"\" \/>\n                            <\/div>\n\n            \t\t\t    <p class=\"fs-11 text-center text-uppercase mb-0 fade fade-in-up\">Melu keskmes<\/p>\n            \t\t<\/div>\n\t\t\t\t\t<div class=\"item d-flex flex-column align-items-center\">\n\t\t\t<div class=\"image-wrap d-flex mb-24 jump-up\" style=\"animation-delay: 400ms;\">\n                                    <img decoding=\"async\" src=\"https:\/\/scandium.ee\/maratikvartal\/wp-content\/uploads\/2024\/04\/Group-339.svg\" width=\"54\" height=\"54\" alt=\"\" \/>\n                            <\/div>\n\n            \t\t\t    <p class=\"fs-11 text-center text-uppercase mb-0 fade fade-in-up\">INDUSTRIAALNE KESKKOND<\/p>\n            \t\t<\/div>\n\t\t\t\t\t<div class=\"item d-flex flex-column align-items-center\">\n\t\t\t<div class=\"image-wrap d-flex mb-24 jump-up\" style=\"animation-delay: 600ms;\">\n                                    <img decoding=\"async\" src=\"https:\/\/scandium.ee\/maratikvartal\/wp-content\/uploads\/2024\/04\/Group-136.svg\" width=\"64\" height=\"47\" alt=\"\" \/>\n                            <\/div>\n\n            \t\t\t    <p class=\"fs-11 text-center text-uppercase mb-0 fade fade-in-up\">NIMEKAD naabrid<\/p>\n            \t\t<\/div>\n\t\t\t\t\t<div class=\"item d-flex flex-column align-items-center\">\n\t\t\t<div class=\"image-wrap d-flex mb-24 jump-up\" style=\"animation-delay: 800ms;\">\n                                    <img decoding=\"async\" src=\"https:\/\/scandium.ee\/maratikvartal\/wp-content\/uploads\/2024\/04\/Group-142.svg\" width=\"56\" height=\"56\" alt=\"\" \/>\n                            <\/div>\n\n            \t\t\t    <p class=\"fs-11 text-center text-uppercase mb-0 fade fade-in-up\">S\u00dcNERGIA P\u00d5HJALA TEHASEGA<\/p>\n            \t\t<\/div>\n\t\t\t\t\t<div class=\"item d-flex flex-column align-items-center\">\n\t\t\t<div class=\"image-wrap d-flex mb-24 jump-up\" style=\"animation-delay: 1000ms;\">\n                                    <img decoding=\"async\" src=\"https:\/\/scandium.ee\/maratikvartal\/wp-content\/uploads\/2024\/04\/Group-338.svg\" width=\"60\" height=\"34\" alt=\"\" \/>\n                            <\/div>\n\n            \t\t\t    <p class=\"fs-11 text-center text-uppercase mb-0 fade fade-in-up\">KARAKTERIGA \u00c4RIPINNAD<\/p>\n            \t\t<\/div>\n\t\t\t\t\t<div class=\"item d-flex flex-column align-items-center\">\n\t\t\t<div class=\"image-wrap d-flex mb-24 jump-up\" style=\"animation-delay: 1200ms;\">\n                                    <img decoding=\"async\" src=\"https:\/\/scandium.ee\/maratikvartal\/wp-content\/uploads\/2024\/04\/g4588.svg\" width=\"31\" height=\"62\" alt=\"\" \/>\n                            <\/div>\n\n            \t\t\t    <p class=\"fs-11 text-center text-uppercase mb-0 fade fade-in-up\">\u00c4RID AVANEVAD OTSE \u00d5UE<\/p>\n            \t\t<\/div>\n\t<\/div>    <\/div>\n<\/section>\n\n\n<section class=\"fullwidth-media-block open-content position-relative overflow-hidden video\">\n            <div class=\"bg-video position-absolute w-100 h-100\">\n            <video autoplay muted playsinline loop class=\"d-block w-100 h-100\">\n                <source src=\"https:\/\/scandium.ee\/maratikvartal\/wp-content\/uploads\/2024\/04\/66ff-463f-b930-9d9e583c38cf.mov\" type=\"video\/mp4\">\n                Your browser does not support the video tag.\n            <\/video>\n        <\/div>\n    \n    <\/section>\n\n\n<section class=\"content-plan-block open-content\">\n    <div class=\"container d-flex flex-column align-items-start justify-content-start\">\n                    <div class=\"block-content-wrap text-lg-start text-center\">\n                <h2>Viimane vaba<br \/>\n\u00e4ripind<\/h2>\n            <\/div>\n        \n                    <div class=\"block-plan w-100 d-lg-block d-none\">\n                <img decoding=\"async\" class=\"d-block w-100\" src=\"https:\/\/scandium.ee\/maratikvartal\/wp-content\/uploads\/2025\/05\/Aripinnad-muudetud-plaan-desktop-est.png\" width=\"2560\" height=\"1830\" alt=\"\" \/>\n            <\/div>\n        \n                    <div class=\"block-plan w-100 d-lg-none d-block\">\n                <img decoding=\"async\" class=\"d-block w-100\" src=\"https:\/\/scandium.ee\/maratikvartal\/wp-content\/uploads\/2025\/05\/Aripinnad-muudetud-plaan-mobiil-est.png\" width=\"3646\" height=\"2920\" alt=\"\" \/>\n            <\/div>\n                \n        <div class=\"btn scroll-to-form d-inline mx-auto mt-lg-80 mt-32 text-center\">\n            V\u00f5ta \u00fchendust        <\/div>\n    <\/div>\n<\/section>\n\n\n<section class=\"fullwidth-media-block open-content position-relative overflow-hidden\">\n            <img decoding=\"async\" class=\"d-block zoom-in\" src=\"https:\/\/scandium.ee\/maratikvartal\/wp-content\/uploads\/2024\/04\/raf-vit-tt5FMuQUidc-unsplash-1-1.jpg\" width=\"1439\" height=\"885\" alt=\"\" \/>\n    \n            <p class=\"fs-100 color-white font-larken position-absolute top-50 start-50 translate-middle\">Sinu \u00e4ri v\u00f5imalus<\/p>\n    <\/section>","protected":false},"excerpt":{"rendered":"","protected":false},"author":1,"featured_media":0,"parent":0,"menu_order":0,"comment_status":"closed","ping_status":"closed","template":"page-templates\/no-title.php","meta":{"_acf_changed":false,"footnotes":""},"class_list":["post-197","page","type-page","status-publish","hentry"],"acf":[],"yoast_head":"<!-- This site is optimized with the Yoast SEO plugin v26.4 - https:\/\/yoast.com\/wordpress\/plugins\/seo\/ -->\n<title>\u00c4ripinnad - Marati Kvartal<\/title>\n<meta name=\"robots\" content=\"index, follow, max-snippet:-1, max-image-preview:large, max-video-preview:-1\" \/>\n<link rel=\"canonical\" href=\"https:\/\/scandium.ee\/maratikvartal\/aripinnad\/\" \/>\n<meta property=\"og:locale\" content=\"et_EE\" \/>\n<meta property=\"og:type\" content=\"article\" \/>\n<meta property=\"og:title\" content=\"\u00c4ripinnad - Marati Kvartal\" \/>\n<meta property=\"og:url\" content=\"https:\/\/scandium.ee\/maratikvartal\/aripinnad\/\" \/>\n<meta property=\"og:site_name\" content=\"Marati Kvartal\" \/>\n<meta property=\"article:modified_time\" content=\"2025-10-21T09:28:40+00:00\" \/>\n<meta property=\"og:image\" content=\"https:\/\/scandium.ee\/maratikvartal\/wp-content\/uploads\/2024\/05\/OG.jpg\" \/>\n\t<meta property=\"og:image:width\" content=\"1200\" \/>\n\t<meta property=\"og:image:height\" content=\"675\" \/>\n\t<meta property=\"og:image:type\" content=\"image\/jpeg\" \/>\n<meta name=\"twitter:card\" content=\"summary_large_image\" \/>\n<script type=\"application\/ld+json\" class=\"yoast-schema-graph\">{\"@context\":\"https:\/\/schema.org\",\"@graph\":[{\"@type\":\"WebPage\",\"@id\":\"https:\/\/scandium.ee\/maratikvartal\/aripinnad\/\",\"url\":\"https:\/\/scandium.ee\/maratikvartal\/aripinnad\/\",\"name\":\"\u00c4ripinnad - Marati Kvartal\",\"isPartOf\":{\"@id\":\"https:\/\/scandium.ee\/maratikvartal\/#website\"},\"datePublished\":\"2024-03-25T16:02:24+00:00\",\"dateModified\":\"2025-10-21T09:28:40+00:00\",\"breadcrumb\":{\"@id\":\"https:\/\/scandium.ee\/maratikvartal\/aripinnad\/#breadcrumb\"},\"inLanguage\":\"et\",\"potentialAction\":[{\"@type\":\"ReadAction\",\"target\":[\"https:\/\/scandium.ee\/maratikvartal\/aripinnad\/\"]}]},{\"@type\":\"BreadcrumbList\",\"@id\":\"https:\/\/scandium.ee\/maratikvartal\/aripinnad\/#breadcrumb\",\"itemListElement\":[{\"@type\":\"ListItem\",\"position\":1,\"name\":\"Home\",\"item\":\"https:\/\/scandium.ee\/maratikvartal\/\"},{\"@type\":\"ListItem\",\"position\":2,\"name\":\"\u00c4ripinnad\"}]},{\"@type\":\"WebSite\",\"@id\":\"https:\/\/scandium.ee\/maratikvartal\/#website\",\"url\":\"https:\/\/scandium.ee\/maratikvartal\/\",\"name\":\"Marati Kvartal\",\"description\":\"\",\"publisher\":{\"@id\":\"https:\/\/scandium.ee\/maratikvartal\/#organization\"},\"potentialAction\":[{\"@type\":\"SearchAction\",\"target\":{\"@type\":\"EntryPoint\",\"urlTemplate\":\"https:\/\/scandium.ee\/maratikvartal\/?s={search_term_string}\"},\"query-input\":{\"@type\":\"PropertyValueSpecification\",\"valueRequired\":true,\"valueName\":\"search_term_string\"}}],\"inLanguage\":\"et\"},{\"@type\":\"Organization\",\"@id\":\"https:\/\/scandium.ee\/maratikvartal\/#organization\",\"name\":\"Marati Kvartal\",\"url\":\"https:\/\/scandium.ee\/maratikvartal\/\",\"logo\":{\"@type\":\"ImageObject\",\"inLanguage\":\"et\",\"@id\":\"https:\/\/scandium.ee\/maratikvartal\/#\/schema\/logo\/image\/\",\"url\":\"https:\/\/scandium.ee\/maratikvartal\/wp-content\/uploads\/2024\/03\/Vector-1.svg\",\"contentUrl\":\"https:\/\/scandium.ee\/maratikvartal\/wp-content\/uploads\/2024\/03\/Vector-1.svg\",\"width\":47,\"height\":45,\"caption\":\"Marati Kvartal\"},\"image\":{\"@id\":\"https:\/\/scandium.ee\/maratikvartal\/#\/schema\/logo\/image\/\"}}]}<\/script>\n<!-- \/ Yoast SEO plugin. -->","yoast_head_json":{"title":"\u00c4ripinnad - Marati Kvartal","robots":{"index":"index","follow":"follow","max-snippet":"max-snippet:-1","max-image-preview":"max-image-preview:large","max-video-preview":"max-video-preview:-1"},"canonical":"https:\/\/scandium.ee\/maratikvartal\/aripinnad\/","og_locale":"et_EE","og_type":"article","og_title":"\u00c4ripinnad - Marati Kvartal","og_url":"https:\/\/scandium.ee\/maratikvartal\/aripinnad\/","og_site_name":"Marati Kvartal","article_modified_time":"2025-10-21T09:28:40+00:00","og_image":[{"width":1200,"height":675,"url":"https:\/\/scandium.ee\/maratikvartal\/wp-content\/uploads\/2024\/05\/OG.jpg","type":"image\/jpeg"}],"twitter_card":"summary_large_image","schema":{"@context":"https:\/\/schema.org","@graph":[{"@type":"WebPage","@id":"https:\/\/scandium.ee\/maratikvartal\/aripinnad\/","url":"https:\/\/scandium.ee\/maratikvartal\/aripinnad\/","name":"\u00c4ripinnad - Marati Kvartal","isPartOf":{"@id":"https:\/\/scandium.ee\/maratikvartal\/#website"},"datePublished":"2024-03-25T16:02:24+00:00","dateModified":"2025-10-21T09:28:40+00:00","breadcrumb":{"@id":"https:\/\/scandium.ee\/maratikvartal\/aripinnad\/#breadcrumb"},"inLanguage":"et","potentialAction":[{"@type":"ReadAction","target":["https:\/\/scandium.ee\/maratikvartal\/aripinnad\/"]}]},{"@type":"BreadcrumbList","@id":"https:\/\/scandium.ee\/maratikvartal\/aripinnad\/#breadcrumb","itemListElement":[{"@type":"ListItem","position":1,"name":"Home","item":"https:\/\/scandium.ee\/maratikvartal\/"},{"@type":"ListItem","position":2,"name":"\u00c4ripinnad"}]},{"@type":"WebSite","@id":"https:\/\/scandium.ee\/maratikvartal\/#website","url":"https:\/\/scandium.ee\/maratikvartal\/","name":"Marati Kvartal","description":"","publisher":{"@id":"https:\/\/scandium.ee\/maratikvartal\/#organization"},"potentialAction":[{"@type":"SearchAction","target":{"@type":"EntryPoint","urlTemplate":"https:\/\/scandium.ee\/maratikvartal\/?s={search_term_string}"},"query-input":{"@type":"PropertyValueSpecification","valueRequired":true,"valueName":"search_term_string"}}],"inLanguage":"et"},{"@type":"Organization","@id":"https:\/\/scandium.ee\/maratikvartal\/#organization","name":"Marati Kvartal","url":"https:\/\/scandium.ee\/maratikvartal\/","logo":{"@type":"ImageObject","inLanguage":"et","@id":"https:\/\/scandium.ee\/maratikvartal\/#\/schema\/logo\/image\/","url":"https:\/\/scandium.ee\/maratikvartal\/wp-content\/uploads\/2024\/03\/Vector-1.svg","contentUrl":"https:\/\/scandium.ee\/maratikvartal\/wp-content\/uploads\/2024\/03\/Vector-1.svg","width":47,"height":45,"caption":"Marati Kvartal"},"image":{"@id":"https:\/\/scandium.ee\/maratikvartal\/#\/schema\/logo\/image\/"}}]}},"_links":{"self":[{"href":"https:\/\/scandium.ee\/maratikvartal\/wp-json\/wp\/v2\/pages\/197","targetHints":{"allow":["GET"]}}],"collection":[{"href":"https:\/\/scandium.ee\/maratikvartal\/wp-json\/wp\/v2\/pages"}],"about":[{"href":"https:\/\/scandium.ee\/maratikvartal\/wp-json\/wp\/v2\/types\/page"}],"author":[{"embeddable":true,"href":"https:\/\/scandium.ee\/maratikvartal\/wp-json\/wp\/v2\/users\/1"}],"replies":[{"embeddable":true,"href":"https:\/\/scandium.ee\/maratikvartal\/wp-json\/wp\/v2\/comments?post=197"}],"version-history":[{"count":38,"href":"https:\/\/scandium.ee\/maratikvartal\/wp-json\/wp\/v2\/pages\/197\/revisions"}],"predecessor-version":[{"id":4880,"href":"https:\/\/scandium.ee\/maratikvartal\/wp-json\/wp\/v2\/pages\/197\/revisions\/4880"}],"wp:attachment":[{"href":"https:\/\/scandium.ee\/maratikvartal\/wp-json\/wp\/v2\/media?parent=197"}],"curies":[{"name":"wp","href":"https:\/\/api.w.org\/{rel}","templated":true}]}}