{"id":195,"date":"2024-03-25T19:02:15","date_gmt":"2024-03-25T16:02:15","guid":{"rendered":"https:\/\/scandium.ee\/maratikvartal\/?page_id=195"},"modified":"2025-08-22T14:40:41","modified_gmt":"2025-08-22T11:40:41","slug":"asukoht","status":"publish","type":"page","link":"https:\/\/scandium.ee\/maratikvartal\/asukoht\/","title":{"rendered":"Asukoht"},"content":{"rendered":"\n<section class=\"banner-block overflow-hidden\">\n            <div class=\"bg-video position-absolute w-100 h-100\">\n            <video autoplay muted playsinline loop class=\"d-none d-lg-block w-100 h-100\">\n                <source src=\"https:\/\/scandium.ee\/maratikvartal\/wp-content\/uploads\/2024\/03\/Asukoht-leht.mp4\" type=\"video\/mp4\">\n                Your browser does not support the video tag.\n            <\/video>\n\n                            <video autoplay muted playsinline loop class=\"d-block d-lg-none w-100 h-100\">\n                    <source src=\"https:\/\/scandium.ee\/maratikvartal\/wp-content\/uploads\/2024\/04\/PohjaTallinnaTipus_mobiil_1124x1902.mp4\" type=\"video\/mp4\">\n                    Your browser does not support the video tag.\n                <\/video>\n                    <\/div>\n    \n            <div class=\"container\">\n            <h1 class=\"text-uppercase color-white\">P\u00f5hja-Tallinna TIPUS<\/h1>\n        <\/div>\n    \n            <div class=\"scroll-down position-absolute bottom-0 start-50 translate-middle-x d-block overflow-hidden\">\n            <div id=\"lottie-block_1b43df7fcaf39e5927c52652683debfc\" class=\"lottie-animation\" data-path=\"https:\/\/scandium.ee\/maratikvartal\/wp-content\/themes\/marat\/images\/lottie\/lottie-arrow.json\" data-speed=\"0.75\"><\/div>\n        <\/div>\n    <\/section>\n\n<section class=\"houses-hover-image-block pt-32 pb-42 py-lg-64 bg-beigeLight\">\n    <div class=\"container d-flex flex-column align-items-center\">\n        <svg class=\"touch-icon d-md-none mb-4\" xmlns=\"http:\/\/www.w3.org\/2000\/svg\" width=\"44\" height=\"37\" viewBox=\"0 0 44 37\" fill=\"none\">\n            <path d=\"M24.3882 18.7064V14.0874\" stroke=\"#8E5D47\" stroke-linecap=\"round\" stroke-linejoin=\"round\"\/>\n            <path d=\"M29.0072 18.7063V15.627\" stroke=\"#8E5D47\" stroke-linecap=\"round\" stroke-linejoin=\"round\"\/>\n            <path d=\"M33.6263 18.7064V17.1667\" stroke=\"#8E5D47\" stroke-linecap=\"round\" stroke-linejoin=\"round\"\/>\n            <path d=\"M38.2453 17.1669V26.405C38.2453 31.5071 34.1094 35.643 29.0072 35.643H24.4488C21.3741 35.643 18.501 34.1132 16.7846 31.5626L11.7474 22.933C11.0161 21.8398 11.2008 20.3617 12.1862 19.4995C12.6712 19.0838 13.2563 18.8759 13.8491 18.8759C14.5034 18.8759 15.1578 19.13 15.6505 19.6381L19.7691 24.6035V3.43972C19.7691 2.20613 20.6791 1.09448 21.9096 1.0061C22.6154 0.955296 23.2587 1.22536 23.7107 1.67741C24.1264 2.09312 24.3882 2.6705 24.3882 3.30946V14.0872C24.3882 12.8093 25.4198 11.7777 26.6977 11.7777C27.3367 11.7777 27.914 12.0394 28.3297 12.4552C28.7455 12.8709 29.0072 13.4482 29.0072 14.0872V15.6269C29.0072 14.349 30.0388 13.3174 31.3167 13.3174C31.9557 13.3174 32.5331 13.5791 32.9488 13.9948C33.3645 14.4105 33.6262 14.9879 33.6262 15.6269V17.1666C33.6262 15.8886 34.6578 14.8571 35.9358 14.8571C36.5747 14.8571 37.1521 15.1188 37.5678 15.5345C37.9835 15.9502 38.2453 16.5276 38.2453 17.1666V17.1669Z\" stroke=\"#8E5D47\" stroke-linecap=\"round\" stroke-linejoin=\"round\"\/>\n            <path d=\"M0.646446 6.5732C0.451184 6.76847 0.451184 7.08505 0.646446 7.28031L3.82843 10.4623C4.02369 10.6576 4.34027 10.6576 4.53553 10.4623C4.7308 10.267 4.7308 9.95045 4.53553 9.75518L1.70711 6.92676L4.53553 4.09833C4.7308 3.90307 4.7308 3.58649 4.53553 3.39122C4.34027 3.19596 4.02369 3.19596 3.82843 3.39122L0.646446 6.5732ZM15 6.42676L1 6.42676L1 7.42676L15 7.42676L15 6.42676Z\" fill=\"#8E5D47\"\/>\n            <path d=\"M43.3536 7.35355C43.5488 7.15829 43.5488 6.84171 43.3536 6.64645L40.1716 3.46447C39.9763 3.2692 39.6597 3.2692 39.4645 3.46447C39.2692 3.65973 39.2692 3.97631 39.4645 4.17157L42.2929 7L39.4645 9.82843C39.2692 10.0237 39.2692 10.3403 39.4645 10.5355C39.6597 10.7308 39.9763 10.7308 40.1716 10.5355L43.3536 7.35355ZM43 6.5L29 6.5L29 7.5L43 7.5L43 6.5Z\" fill=\"#8E5D47\"\/>\n        <\/svg>\n\n        <div class=\"image-container\">\n            <img decoding=\"async\" src=\"https:\/\/scandium.ee\/maratikvartal\/wp-content\/uploads\/2024\/04\/Group-479.png\" width=\"2165\" height=\"1306\" alt=\"\" \/>\n        <\/div>\n    <\/div>\n<\/section>\n\n<section class=\"text-images-text-block overflow-hidden\">\n    <div class=\"container\">\n        <div class=\"content d-grid\">\n                            <img decoding=\"async\" class=\"logo position-absolute d-none d-lg-block\" src=\"https:\/\/scandium.ee\/maratikvartal\/wp-content\/uploads\/2024\/03\/Vector-1.svg\" width=\"47\" height=\"45\" alt=\"\" \/>\n            \n                            <div class=\"top-text\"><h2>\u00d5igel ajal \u00f5iges kohas<\/h2>\n<p>Marati Kvartal kerkib erilises ja pidevalt arenevasse P\u00f5hja-Tallinnasse. T\u00e4pselt Kopli P\u00f5hjala tehase k\u00f5rvale. Siin toimub aastaringselt s\u00fctitavaid \u00fcritusi, festivale ja muusikas\u00fcndmusi. See on koht erilisele inimesele, kes armastab olla \u00f5igel ajal \u00f5iges kohas.<\/p>\n<\/div>\n            \n                                                                    <div class=\"image-wrap position-relative first fade fade-in-right\">\n                        <div class=\"line top position-absolute\"><\/div>\n                        <img decoding=\"async\" src=\"https:\/\/scandium.ee\/maratikvartal\/wp-content\/uploads\/2024\/11\/IMG-301-min.jpg\" width=\"2048\" height=\"1365\" alt=\"\" \/>\n                        <div class=\"line bottom position-absolute\"><\/div>\n                    <\/div>\n                                                        <div class=\"image-wrap position-relative second fade fade-in-left\">\n                        <div class=\"line top position-absolute\"><\/div>\n                        <img decoding=\"async\" src=\"https:\/\/scandium.ee\/maratikvartal\/wp-content\/uploads\/2024\/05\/pohjala-tehas-marati-scandium-2-scaled.jpg\" width=\"1707\" height=\"2560\" alt=\"\" \/>\n                        <div class=\"line bottom position-absolute\"><\/div>\n                    <\/div>\n                            \n\n                            <div class=\"row bottom-text\">\n                                            <div class=\"col col-12 col-lg-4\">\n                            <h2>Merevaade ja linnulaul<\/h2>\n                        <\/div>\n                    \n                                            <div class=\"col col-12 col-lg-8\">\n                            <p>Kopli asum on \u00fcmbritsetud kolme lahega \u2013 Kopli laht, Paljassaare laht ja Tallinna laht. Merevaade avaneb nii Marati Kvartali valitud korterite akendest kui ka hoonete katustele planeeritud katuseaedadest.<br \/>\nOhtralt rohelust ja parke t\u00e4is pikitud piirkond pakub v\u00f5imalusi kosutavateks puhkehetkedeks, linnuvaatluseks v\u00f5i tervisespordi harrastamiseks. Kopli m\u00e4elt avanevad \u00fched kaunimad vaated Tallinna toretsevatele tornidele ja lahele.<\/p>\n                        <\/div>\n                                    <\/div>\n            \n        <\/div>\n    <\/div>\n<\/section>\n\n\n<section class=\"fullwidth-media-block position-relative overflow-hidden\">\n            <img decoding=\"async\" class=\"d-block zoom-in\" src=\"https:\/\/scandium.ee\/maratikvartal\/wp-content\/uploads\/2024\/04\/IMG-213-3-scaled.jpg\" width=\"2560\" height=\"1282\" alt=\"\" \/>\n    \n    <\/section>\n\n\n<section class=\"title-text-columns-block pt-42 pb-48 pt-lg-128 pb-lg-80 overflow-hidden\">\n    <div class=\"container\">\n        <div class=\"row justify-content-center justify-content-lg-between\">\n                            <div class=\"col-12 col-lg-auto\">\n                    <h2 class=\"color-beige\">K\u00f5ik vajalik on l\u00e4hedal<\/h2>\n\n                                    <\/div>\n            \n                            <div class=\"col col-12 col-lg text\">\n                    <p>Kopli poolsaar on kesklinnaga t\u00e4ielikult \u00fchendatud. Nii j\u00f5uad auto, trammi v\u00f5i rattaga linna vaid 15\u201320 minutiga. Kopli liinide uus rannapromenaad ja loodusrajad on rattas\u00f5idu kaugusel.<br \/>\nTaas on ellu \u00e4rganud Kultuurikoda, mille \u00f5uele rajatud kogukonnaaed pakub siinsetele elanikele koosk\u00e4imisr\u00f5\u00f5mu. Kohvikud ja kohtumispaigad loovad muljetamiseks ruumi ning aias saab \u00fchiselt n\u00e4pud mulda pista lilli ja juurikaid kasvatades.<br \/>\nPiirkonda on aina enam kerkimas restorane, galeriisid ja s\u00fcndmusruume. Ja siinsest asumist v\u00e4ljumata on v\u00f5imalik saada haridust alusharidusest kuni doktorikraadini.<\/p>\n<p>K\u00f5ik vajalik on Su kodu l\u00e4hedal.<\/p>\n                <\/div>\n                    <\/div>\n    <\/div>\n<\/section>\n\n\n<section class=\"quote-block py-64 pt-lg-96 overflow-hidden\">\n    <div class=\"container d-flex flex-column align-items-center\">\n                    <img decoding=\"async\" class=\"logo mb-56 mb-lg-42\" src=\"https:\/\/scandium.ee\/maratikvartal\/wp-content\/uploads\/2024\/03\/Vector-1.svg\" width=\"47\" height=\"45\" alt=\"\" \/>\n        \n        <div class=\"quote position-relative w-100\">\n            <div class=\"line top position-absolute\"><\/div>\n\n            <div class=\"text-wrap fs-50 font-larken text-center color-beige\">\n                <p>Piirkonnapargid on v\u00f5imsa k\u00f5rghaljastusega. Seal k\u00f5rguvad puud kajavad kevadeti linnulaulust. Neis parkides on loetletud kokku 41 erinevat linnuliiki!<\/p>\n            <\/div>\n\n            <div class=\"line bottom position-absolute\"><\/div>\n        <\/div>\n\n                    <img decoding=\"async\" class=\"logo mt-64 mt-lg-56\" src=\"https:\/\/scandium.ee\/maratikvartal\/wp-content\/uploads\/2024\/03\/Vector-1.svg\" width=\"47\" height=\"45\" alt=\"\" \/>\n            <\/div>\n<\/section>\n\n\n<section class=\"map-block pb-0 pt-lg-64\">\n\t<div class=\"container-fluid px-0\">\n\t\t<div class=\"map_wrapper position-relative\">\n\t\t\t<div class=\"map_container position-relative\">\n\t\t\t\t<div id=\"map-block_e3c91b7f889eff3c08594c0bbd676da8\" class=\"map position-absolute top-0 start-0 w-100 h-100\" data-latitude=\"59.454417\" data-longitude=\"24.683908\" data-latitude-mobile=\"59.453531\" data-longitude-mobile=\"24.672679\" data-zoom=\"15\" data-markers=\"{&quot;main&quot;:[{&quot;icon&quot;:&quot;https:\\\/\\\/scandium.ee\\\/maratikvartal\\\/wp-content\\\/uploads\\\/2024\\\/04\\\/Group-1.svg&quot;,&quot;latitude&quot;:&quot;59.456674&quot;,&quot;longitude&quot;:&quot;24.673566&quot;,&quot;anchor&quot;:&quot;25,88&quot;}],&quot;sook-ja-jook&quot;:{&quot;icon&quot;:{&quot;url&quot;:&quot;https:\\\/\\\/scandium.ee\\\/maratikvartal\\\/wp-content\\\/themes\\\/marat\\\/images\\\/map_circle.svg&quot;,&quot;width&quot;:14,&quot;height&quot;:14,&quot;alt&quot;:&quot;&quot;,&quot;default&quot;:true},&quot;text&quot;:&quot;S\\u00f6\\u00f6k ja jook&quot;,&quot;markers&quot;:[{&quot;latitude&quot;:&quot;59.45508031034385&quot;,&quot;longitude&quot;:&quot;24.67538955621758&quot;,&quot;text&quot;:&quot;KIOSK NO3 kohvik&quot;},{&quot;latitude&quot;:&quot;59.45639461147447&quot;,&quot;longitude&quot;:&quot;24.674952359919445&quot;,&quot;text&quot;:&quot;Barbarea&quot;},{&quot;latitude&quot;:&quot;59.456459568145846&quot;,&quot;longitude&quot;:&quot;24.674940188755283&quot;,&quot;text&quot;:&quot;Karjase Sai&quot;},{&quot;latitude&quot;:&quot;59.45637957854595&quot;,&quot;longitude&quot;:&quot;24.67372533998162&quot;,&quot;text&quot;:&quot;Kopli K\\u00d6\\u00d6K&quot;},{&quot;latitude&quot;:&quot;59.45635888333572&quot;,&quot;longitude&quot;:&quot;24.673387553474207&quot;,&quot;text&quot;:&quot;Botik&quot;},{&quot;latitude&quot;:&quot;59.451912254335795&quot;,&quot;longitude&quot;:&quot;24.70614119765294&quot;,&quot;text&quot;:&quot;Kohalik&quot;}],&quot;iconActive&quot;:{&quot;url&quot;:&quot;https:\\\/\\\/scandium.ee\\\/maratikvartal\\\/wp-content\\\/themes\\\/marat\\\/images\\\/map_circle_beige.svg&quot;,&quot;width&quot;:14,&quot;height&quot;:14,&quot;alt&quot;:&quot;&quot;,&quot;default&quot;:false}},&quot;lasteaiad&quot;:{&quot;icon&quot;:{&quot;url&quot;:&quot;https:\\\/\\\/scandium.ee\\\/maratikvartal\\\/wp-content\\\/themes\\\/marat\\\/images\\\/map_circle.svg&quot;,&quot;width&quot;:14,&quot;height&quot;:14,&quot;alt&quot;:&quot;&quot;,&quot;default&quot;:true},&quot;text&quot;:&quot;Lasteaiad&quot;,&quot;markers&quot;:[{&quot;latitude&quot;:&quot;59.45456800114962&quot;,&quot;longitude&quot;:&quot;24.678209814538647&quot;,&quot;text&quot;:&quot;Maasikas Lasteaed&quot;},{&quot;latitude&quot;:&quot;59.457160214532415&quot;,&quot;longitude&quot;:&quot;24.678999995501126&quot;,&quot;text&quot;:&quot;Kopli Lasteaed&quot;},{&quot;latitude&quot;:&quot;59.453428008437186&quot;,&quot;longitude&quot;:&quot;24.689795085703192&quot;,&quot;text&quot;:&quot;Mesipuu Lasteaed&quot;},{&quot;latitude&quot;:&quot;59.46173332412872&quot;,&quot;longitude&quot;:&quot;24.66632904148377&quot;,&quot;text&quot;:&quot;TalTech Eesti Mereakadeemia&quot;}],&quot;iconActive&quot;:{&quot;url&quot;:&quot;https:\\\/\\\/scandium.ee\\\/maratikvartal\\\/wp-content\\\/themes\\\/marat\\\/images\\\/map_circle_beige.svg&quot;,&quot;width&quot;:14,&quot;height&quot;:14,&quot;alt&quot;:&quot;&quot;,&quot;default&quot;:false}},&quot;koolid&quot;:{&quot;icon&quot;:{&quot;url&quot;:&quot;https:\\\/\\\/scandium.ee\\\/maratikvartal\\\/wp-content\\\/themes\\\/marat\\\/images\\\/map_circle.svg&quot;,&quot;width&quot;:14,&quot;height&quot;:14,&quot;alt&quot;:&quot;&quot;,&quot;default&quot;:true},&quot;text&quot;:&quot;Koolid&quot;,&quot;markers&quot;:[{&quot;latitude&quot;:&quot;59.45641224565533&quot;,&quot;longitude&quot;:&quot;24.680599110842728&quot;,&quot;text&quot;:&quot;Tallinna Kunstig\\u00fcmnaasium&quot;},{&quot;latitude&quot;:&quot;59.455502529308&quot;,&quot;longitude&quot;:&quot;24.68657535317188&quot;,&quot;text&quot;:&quot;Tallinna Kopli Ametikool&quot;},{&quot;latitude&quot;:&quot;59.4501168017748&quot;,&quot;longitude&quot;:&quot;24.691362797348607&quot;,&quot;text&quot;:&quot;Tallinna Vaba Waldorfkool&quot;},{&quot;latitude&quot;:&quot;59.45225618780802&quot;,&quot;longitude&quot;:&quot;24.68788798200708&quot;,&quot;text&quot;:&quot;Pelguranna raamatukogu&quot;},{&quot;latitude&quot;:&quot;59.45643033070487&quot;,&quot;longitude&quot;:&quot;24.685737053171966&quot;,&quot;text&quot;:&quot;P\\u00f5hja Spordihoone&quot;}],&quot;iconActive&quot;:{&quot;url&quot;:&quot;https:\\\/\\\/scandium.ee\\\/maratikvartal\\\/wp-content\\\/themes\\\/marat\\\/images\\\/map_circle_beige.svg&quot;,&quot;width&quot;:14,&quot;height&quot;:14,&quot;alt&quot;:&quot;&quot;,&quot;default&quot;:false}},&quot;pargid&quot;:{&quot;icon&quot;:{&quot;url&quot;:&quot;https:\\\/\\\/scandium.ee\\\/maratikvartal\\\/wp-content\\\/themes\\\/marat\\\/images\\\/map_circle.svg&quot;,&quot;width&quot;:14,&quot;height&quot;:14,&quot;alt&quot;:&quot;&quot;,&quot;default&quot;:true},&quot;text&quot;:&quot;Pargid&quot;,&quot;markers&quot;:[{&quot;latitude&quot;:&quot;59.458817361677795&quot;,&quot;longitude&quot;:&quot;24.677317812690927&quot;,&quot;text&quot;:&quot;Kopli Kasepark&quot;},{&quot;latitude&quot;:&quot;59.46045690496388&quot;,&quot;longitude&quot;:&quot;24.66646528200764&quot;,&quot;text&quot;:&quot;S\\u00fcsta park&quot;},{&quot;latitude&quot;:&quot;59.45375747717957&quot;,&quot;longitude&quot;:&quot;24.683788439678068&quot;,&quot;text&quot;:&quot;Kopli kalmistupark&quot;},{&quot;latitude&quot;:&quot;59.45460200715047&quot;,&quot;longitude&quot;:&quot;24.66472215946016&quot;,&quot;text&quot;:&quot;Bekkeri sadam&quot;},{&quot;latitude&quot;:&quot;59.456587&quot;,&quot;longitude&quot;:&quot;24.674087&quot;,&quot;text&quot;:&quot;P\\u00f5hjala linnaaed&quot;},{&quot;latitude&quot;:&quot;59.463884685623356&quot;,&quot;longitude&quot;:&quot;24.678100268762215&quot;,&quot;text&quot;:&quot;Kopli liinide rannapromenaad&quot;},{&quot;latitude&quot;:&quot;59.4404168155201&quot;,&quot;longitude&quot;:&quot;24.68204256492866&quot;,&quot;text&quot;:&quot;Pelgurand&quot;}],&quot;iconActive&quot;:{&quot;url&quot;:&quot;https:\\\/\\\/scandium.ee\\\/maratikvartal\\\/wp-content\\\/themes\\\/marat\\\/images\\\/map_circle_beige.svg&quot;,&quot;width&quot;:14,&quot;height&quot;:14,&quot;alt&quot;:&quot;&quot;,&quot;default&quot;:false}},&quot;poed&quot;:{&quot;icon&quot;:{&quot;url&quot;:&quot;https:\\\/\\\/scandium.ee\\\/maratikvartal\\\/wp-content\\\/themes\\\/marat\\\/images\\\/map_circle.svg&quot;,&quot;width&quot;:14,&quot;height&quot;:14,&quot;alt&quot;:&quot;&quot;,&quot;default&quot;:true},&quot;text&quot;:&quot;Poed&quot;,&quot;markers&quot;:[{&quot;latitude&quot;:&quot;59.45388180222669&quot;,&quot;longitude&quot;:&quot;24.704772393552904&quot;,&quot;text&quot;:&quot;Rimi toidupood&quot;},{&quot;latitude&quot;:&quot;59.45455683177013&quot;,&quot;longitude&quot;:&quot;24.68943233003333&quot;,&quot;text&quot;:&quot;Maxima toidupood&quot;},{&quot;latitude&quot;:&quot;59.45618343977445&quot;,&quot;longitude&quot;:&quot;24.68094851084133&quot;,&quot;text&quot;:&quot;Sirbi kauplus&quot;}],&quot;iconActive&quot;:{&quot;url&quot;:&quot;https:\\\/\\\/scandium.ee\\\/maratikvartal\\\/wp-content\\\/themes\\\/marat\\\/images\\\/map_circle_beige.svg&quot;,&quot;width&quot;:14,&quot;height&quot;:14,&quot;alt&quot;:&quot;&quot;,&quot;default&quot;:false}}}\"><\/div>\n\t\t\t<\/div>\n\t\t<\/div>\n\t<\/div>\n<\/section>","protected":false},"excerpt":{"rendered":"","protected":false},"author":1,"featured_media":0,"parent":0,"menu_order":0,"comment_status":"closed","ping_status":"closed","template":"page-templates\/no-title.php","meta":{"_acf_changed":false,"footnotes":""},"class_list":["post-195","page","type-page","status-publish","hentry"],"acf":[],"yoast_head":"<!-- This site is optimized with the Yoast SEO plugin v26.4 - https:\/\/yoast.com\/wordpress\/plugins\/seo\/ -->\n<title>Asukoht - Marati Kvartal<\/title>\n<meta name=\"robots\" content=\"index, follow, max-snippet:-1, max-image-preview:large, max-video-preview:-1\" \/>\n<link rel=\"canonical\" href=\"https:\/\/scandium.ee\/maratikvartal\/asukoht\/\" \/>\n<meta property=\"og:locale\" content=\"et_EE\" \/>\n<meta property=\"og:type\" content=\"article\" \/>\n<meta property=\"og:title\" content=\"Asukoht - Marati Kvartal\" \/>\n<meta property=\"og:url\" content=\"https:\/\/scandium.ee\/maratikvartal\/asukoht\/\" \/>\n<meta property=\"og:site_name\" content=\"Marati Kvartal\" \/>\n<meta property=\"article:modified_time\" content=\"2025-08-22T11:40:41+00:00\" \/>\n<meta property=\"og:image\" content=\"https:\/\/scandium.ee\/maratikvartal\/wp-content\/uploads\/2024\/05\/OG.jpg\" \/>\n\t<meta property=\"og:image:width\" content=\"1200\" \/>\n\t<meta property=\"og:image:height\" content=\"675\" \/>\n\t<meta property=\"og:image:type\" content=\"image\/jpeg\" \/>\n<meta name=\"twitter:card\" content=\"summary_large_image\" \/>\n<script type=\"application\/ld+json\" class=\"yoast-schema-graph\">{\"@context\":\"https:\/\/schema.org\",\"@graph\":[{\"@type\":\"WebPage\",\"@id\":\"https:\/\/scandium.ee\/maratikvartal\/asukoht\/\",\"url\":\"https:\/\/scandium.ee\/maratikvartal\/asukoht\/\",\"name\":\"Asukoht - Marati Kvartal\",\"isPartOf\":{\"@id\":\"https:\/\/scandium.ee\/maratikvartal\/#website\"},\"datePublished\":\"2024-03-25T16:02:15+00:00\",\"dateModified\":\"2025-08-22T11:40:41+00:00\",\"breadcrumb\":{\"@id\":\"https:\/\/scandium.ee\/maratikvartal\/asukoht\/#breadcrumb\"},\"inLanguage\":\"et\",\"potentialAction\":[{\"@type\":\"ReadAction\",\"target\":[\"https:\/\/scandium.ee\/maratikvartal\/asukoht\/\"]}]},{\"@type\":\"BreadcrumbList\",\"@id\":\"https:\/\/scandium.ee\/maratikvartal\/asukoht\/#breadcrumb\",\"itemListElement\":[{\"@type\":\"ListItem\",\"position\":1,\"name\":\"Home\",\"item\":\"https:\/\/scandium.ee\/maratikvartal\/\"},{\"@type\":\"ListItem\",\"position\":2,\"name\":\"Asukoht\"}]},{\"@type\":\"WebSite\",\"@id\":\"https:\/\/scandium.ee\/maratikvartal\/#website\",\"url\":\"https:\/\/scandium.ee\/maratikvartal\/\",\"name\":\"Marati Kvartal\",\"description\":\"\",\"publisher\":{\"@id\":\"https:\/\/scandium.ee\/maratikvartal\/#organization\"},\"potentialAction\":[{\"@type\":\"SearchAction\",\"target\":{\"@type\":\"EntryPoint\",\"urlTemplate\":\"https:\/\/scandium.ee\/maratikvartal\/?s={search_term_string}\"},\"query-input\":{\"@type\":\"PropertyValueSpecification\",\"valueRequired\":true,\"valueName\":\"search_term_string\"}}],\"inLanguage\":\"et\"},{\"@type\":\"Organization\",\"@id\":\"https:\/\/scandium.ee\/maratikvartal\/#organization\",\"name\":\"Marati Kvartal\",\"url\":\"https:\/\/scandium.ee\/maratikvartal\/\",\"logo\":{\"@type\":\"ImageObject\",\"inLanguage\":\"et\",\"@id\":\"https:\/\/scandium.ee\/maratikvartal\/#\/schema\/logo\/image\/\",\"url\":\"https:\/\/scandium.ee\/maratikvartal\/wp-content\/uploads\/2024\/03\/Vector-1.svg\",\"contentUrl\":\"https:\/\/scandium.ee\/maratikvartal\/wp-content\/uploads\/2024\/03\/Vector-1.svg\",\"width\":47,\"height\":45,\"caption\":\"Marati Kvartal\"},\"image\":{\"@id\":\"https:\/\/scandium.ee\/maratikvartal\/#\/schema\/logo\/image\/\"}}]}<\/script>\n<!-- \/ Yoast SEO plugin. -->","yoast_head_json":{"title":"Asukoht - Marati Kvartal","robots":{"index":"index","follow":"follow","max-snippet":"max-snippet:-1","max-image-preview":"max-image-preview:large","max-video-preview":"max-video-preview:-1"},"canonical":"https:\/\/scandium.ee\/maratikvartal\/asukoht\/","og_locale":"et_EE","og_type":"article","og_title":"Asukoht - Marati Kvartal","og_url":"https:\/\/scandium.ee\/maratikvartal\/asukoht\/","og_site_name":"Marati Kvartal","article_modified_time":"2025-08-22T11:40:41+00:00","og_image":[{"width":1200,"height":675,"url":"https:\/\/scandium.ee\/maratikvartal\/wp-content\/uploads\/2024\/05\/OG.jpg","type":"image\/jpeg"}],"twitter_card":"summary_large_image","schema":{"@context":"https:\/\/schema.org","@graph":[{"@type":"WebPage","@id":"https:\/\/scandium.ee\/maratikvartal\/asukoht\/","url":"https:\/\/scandium.ee\/maratikvartal\/asukoht\/","name":"Asukoht - Marati Kvartal","isPartOf":{"@id":"https:\/\/scandium.ee\/maratikvartal\/#website"},"datePublished":"2024-03-25T16:02:15+00:00","dateModified":"2025-08-22T11:40:41+00:00","breadcrumb":{"@id":"https:\/\/scandium.ee\/maratikvartal\/asukoht\/#breadcrumb"},"inLanguage":"et","potentialAction":[{"@type":"ReadAction","target":["https:\/\/scandium.ee\/maratikvartal\/asukoht\/"]}]},{"@type":"BreadcrumbList","@id":"https:\/\/scandium.ee\/maratikvartal\/asukoht\/#breadcrumb","itemListElement":[{"@type":"ListItem","position":1,"name":"Home","item":"https:\/\/scandium.ee\/maratikvartal\/"},{"@type":"ListItem","position":2,"name":"Asukoht"}]},{"@type":"WebSite","@id":"https:\/\/scandium.ee\/maratikvartal\/#website","url":"https:\/\/scandium.ee\/maratikvartal\/","name":"Marati Kvartal","description":"","publisher":{"@id":"https:\/\/scandium.ee\/maratikvartal\/#organization"},"potentialAction":[{"@type":"SearchAction","target":{"@type":"EntryPoint","urlTemplate":"https:\/\/scandium.ee\/maratikvartal\/?s={search_term_string}"},"query-input":{"@type":"PropertyValueSpecification","valueRequired":true,"valueName":"search_term_string"}}],"inLanguage":"et"},{"@type":"Organization","@id":"https:\/\/scandium.ee\/maratikvartal\/#organization","name":"Marati Kvartal","url":"https:\/\/scandium.ee\/maratikvartal\/","logo":{"@type":"ImageObject","inLanguage":"et","@id":"https:\/\/scandium.ee\/maratikvartal\/#\/schema\/logo\/image\/","url":"https:\/\/scandium.ee\/maratikvartal\/wp-content\/uploads\/2024\/03\/Vector-1.svg","contentUrl":"https:\/\/scandium.ee\/maratikvartal\/wp-content\/uploads\/2024\/03\/Vector-1.svg","width":47,"height":45,"caption":"Marati Kvartal"},"image":{"@id":"https:\/\/scandium.ee\/maratikvartal\/#\/schema\/logo\/image\/"}}]}},"_links":{"self":[{"href":"https:\/\/scandium.ee\/maratikvartal\/wp-json\/wp\/v2\/pages\/195","targetHints":{"allow":["GET"]}}],"collection":[{"href":"https:\/\/scandium.ee\/maratikvartal\/wp-json\/wp\/v2\/pages"}],"about":[{"href":"https:\/\/scandium.ee\/maratikvartal\/wp-json\/wp\/v2\/types\/page"}],"author":[{"embeddable":true,"href":"https:\/\/scandium.ee\/maratikvartal\/wp-json\/wp\/v2\/users\/1"}],"replies":[{"embeddable":true,"href":"https:\/\/scandium.ee\/maratikvartal\/wp-json\/wp\/v2\/comments?post=195"}],"version-history":[{"count":36,"href":"https:\/\/scandium.ee\/maratikvartal\/wp-json\/wp\/v2\/pages\/195\/revisions"}],"predecessor-version":[{"id":4654,"href":"https:\/\/scandium.ee\/maratikvartal\/wp-json\/wp\/v2\/pages\/195\/revisions\/4654"}],"wp:attachment":[{"href":"https:\/\/scandium.ee\/maratikvartal\/wp-json\/wp\/v2\/media?parent=195"}],"curies":[{"name":"wp","href":"https:\/\/api.w.org\/{rel}","templated":true}]}}