{"id":1064,"date":"2024-03-28T13:33:49","date_gmt":"2024-03-28T10:33:49","guid":{"rendered":"https:\/\/scandium.ee\/maratikvartal\/kontakt\/"},"modified":"2025-11-26T16:42:35","modified_gmt":"2025-11-26T13:42:35","slug":"contact","status":"publish","type":"page","link":"https:\/\/scandium.ee\/maratikvartal\/en\/contact\/","title":{"rendered":"Contact"},"content":{"rendered":"\n<section class=\"contact-form-block position-relative overflow-hidden\">\n            <div class=\"contact-form-background position-absolute top-0 start-0 w-100 h-100\">\n            <img decoding=\"async\" class=\"d-block w-100 h-100\" src=\"https:\/\/scandium.ee\/maratikvartal\/wp-content\/uploads\/2024\/04\/1159ed0d87a044e11992dd517a6bb833-1.jpg\" width=\"2048\" height=\"1365\" alt=\"\" \/>\n        <\/div>\n        \n    <div class=\"d-flex align-items-end h-100\">\n        <div class=\"container\">\n            <div class=\"row\">\n                <div class=\"col col-lg-6 col-12 d-lg-block d-none\">\n                                            <img decoding=\"async\" class=\"contact-form-general-contact-overall-image d-block w-100\" src=\"https:\/\/scandium.ee\/maratikvartal\/wp-content\/uploads\/2026\/01\/brigitta-taustata-1-scaled.png\" width=\"1707\" height=\"2560\" alt=\"\" \/>\n                                    <\/div>\n                <div class=\"col col-lg-6 col-12\">\n                    <div class=\"contact-form-outside-wrap h-100\">\n                        <div class=\"contact-form-general-contact-info position-relative h-100\">\n                                                            <img decoding=\"async\" class=\"contact-form-general-contact-overall-image d-lg-none d-block w-100 position-absolute bottom-0 start-50 translate-middle-x\" src=\"https:\/\/scandium.ee\/maratikvartal\/wp-content\/uploads\/2026\/01\/brigitta-taustata-1-scaled.png\" width=\"1707\" height=\"2560\" alt=\"\" \/>\n                                                        <div class=\"h-100 position-relative d-flex flex-lg-column align-items-start justify-content-center font-larken fs-50 fw-500 color-beige\">\n                                <div class=\"contact-form-general-contact-info-left ps-lg-0 ps-24 d-flex flex-column align-items-start justify-content-start w-100\">\n                                    <p class=\"contact-form-general-contact-info-name mb-0\">BRIGITTA REBECCA KESSEL<\/p>                                    <p class=\"contact-form-general-contact-info-profession mb-0\">Sales Manager<\/p>                                <\/div>\n                                <div class=\"separator w-100 my-32 bg-beige d-lg-inline-block d-none\"><\/div>\n                                <div class=\"contact-form-general-contact-info-right d-flex flex-column align-items-start justify-content-start w-100\">\n                                    <a class=\"contact-form-general-contact-info-phone color-beige\" href=\"tel:+372 5872 9951\">+372 5872 9951<\/a>                                    <a class=\"contact-form-general-contact-info-email color-beige\" href=\"mailto:brigitta@scandium.ee\">brigitta@scandium.ee<\/a>                                <\/div>\n                                <button type=\"button\" class=\"btn open-block-form mt-lg-96\">Contact us<\/button>\n                            <\/div>\n                        <\/div>\n                        <div class=\"contact-form-wrap position-relative w-100\">\n                            \n<div class=\"wpcf7 no-js\" id=\"wpcf7-f1066-o1\" lang=\"en-US\" dir=\"ltr\" data-wpcf7-id=\"1066\">\n<div class=\"screen-reader-response\"><p role=\"status\" aria-live=\"polite\" aria-atomic=\"true\"><\/p> <ul><\/ul><\/div>\n<form action=\"\/maratikvartal\/en\/wp-json\/wp\/v2\/pages\/1064#wpcf7-f1066-o1\" method=\"post\" class=\"wpcf7-form init\" aria-label=\"Contact form\" novalidate=\"novalidate\" data-status=\"init\">\n<fieldset class=\"hidden-fields-container\"><input type=\"hidden\" name=\"_wpcf7\" value=\"1066\" \/><input type=\"hidden\" name=\"_wpcf7_version\" value=\"6.1.3\" \/><input type=\"hidden\" name=\"_wpcf7_locale\" value=\"en_US\" \/><input type=\"hidden\" name=\"_wpcf7_unit_tag\" value=\"wpcf7-f1066-o1\" \/><input type=\"hidden\" name=\"_wpcf7_container_post\" value=\"0\" \/><input type=\"hidden\" name=\"_wpcf7_posted_data_hash\" value=\"\" \/><input type=\"hidden\" name=\"_wpcf7_recaptcha_response\" value=\"\" \/>\n<\/fieldset>\n<span class=\"wpcf7-form-control-wrap\" data-name=\"your-name\"><input size=\"40\" maxlength=\"400\" class=\"wpcf7-form-control wpcf7-text wpcf7-validates-as-required\" aria-required=\"true\" aria-invalid=\"false\" placeholder=\"NAME AND SURNAME*\" value=\"\" type=\"text\" name=\"your-name\" \/><\/span>\n<span class=\"wpcf7-form-control-wrap\" data-name=\"your-phone\"><input size=\"40\" maxlength=\"400\" class=\"wpcf7-form-control wpcf7-tel wpcf7-validates-as-required wpcf7-text wpcf7-validates-as-tel\" aria-required=\"true\" aria-invalid=\"false\" placeholder=\"TELEPHONE*\" value=\"\" type=\"tel\" name=\"your-phone\" \/><\/span>\n<span class=\"wpcf7-form-control-wrap\" data-name=\"your-email\"><input size=\"40\" maxlength=\"400\" class=\"wpcf7-form-control wpcf7-email wpcf7-validates-as-required wpcf7-text wpcf7-validates-as-email\" aria-required=\"true\" aria-invalid=\"false\" placeholder=\"E-MAIL*\" value=\"\" type=\"email\" name=\"your-email\" \/><\/span>\n<span class=\"wpcf7-form-control-wrap\" data-name=\"your-message\"><textarea cols=\"40\" rows=\"10\" maxlength=\"2000\" class=\"wpcf7-form-control wpcf7-textarea wpcf7-validates-as-required\" aria-required=\"true\" aria-invalid=\"false\" placeholder=\"MESSAGE*\" name=\"your-message\"><\/textarea><\/span>\n<input class=\"wpcf7-form-control wpcf7-hidden\" value=\"1\" type=\"hidden\" name=\"pipedrive\" \/>\n<span class=\"wpcf7-form-control-wrap\" data-name=\"accept-conditions\"><span class=\"wpcf7-form-control wpcf7-acceptance\"><span class=\"wpcf7-list-item\"><label><input type=\"checkbox\" name=\"accept-conditions\" value=\"1\" aria-invalid=\"false\" \/><span class=\"wpcf7-list-item-label\">I agree to the <a class=\"color-inherit\" href=\"https:\/\/scandium.ee\/maratikvartal\/en\/privacy-and-cookie-policy\/\" target=\"_blank\">terms and conditions of data processing.<\/a><\/span><\/label><\/span><\/span><\/span>\n<input class=\"wpcf7-form-control wpcf7-submit has-spinner\" type=\"submit\" value=\"Send\" \/><div class=\"wpcf7-response-output\" aria-hidden=\"true\"><\/div>\n<\/form>\n<\/div>\n                            <div class=\"contact-form-successful-message position-absolute top-50 start-50 translate-middle w-100\"><p style=\"text-align: center;\">Ait\u00e4h! Oleme s\u00f5numi k\u00e4tte saanud ning<br \/>\nvastame esimesel v\u00f5imalusel!<\/p>\n<\/div>                            <button type=\"button\" class=\"btn close-block-form w-100 mt-16\">Back<\/button>\n                        <\/div>\n                    <\/div>\n                <\/div>\n            <\/div>\n        <\/div>\n    <\/div>\n<\/section>\n\n\n<section class=\"selling-process-block position-relative py-lg-96 py-42\">\n    <div class=\"container pt-lg-12\">\n        <h2 class=\"block-content-title mb-lg-80 d-flex align-items-center justify-content-lg-between justify-content-center\">Three stages of the sales process<\/h2>\n        <div class=\"block-list row gx-lg-32 gy-lg-32\">\n                                            <div class=\"block-list-item position-relative col col-lg col-12\">\n                    <div class=\"block-list-item-nr position-relative d-flex align-items-center justify-content-center\"><span class=\"fs-30 color-beige font-larken fw-medium\">1<\/span><\/div>\n                    <div class=\"block-list-item-content\">\n                        <h3 class=\"fs-30 text-uppercase\">RESERVE AN APARTMENT<\/h3>\n                        <p>When an apartment is reserved, an agreement is entered into with the buyer, who pays a reservation fee in the amount of \u20ac5000 to confirm their commitment to purchasing the property.<\/p>\n                    <\/div>\n                <\/div>\n                                            <div class=\"block-list-item position-relative col col-lg col-12\">\n                    <div class=\"block-list-item-nr position-relative d-flex align-items-center justify-content-center\"><span class=\"fs-30 color-beige font-larken fw-medium\">2<\/span><\/div>\n                    <div class=\"block-list-item-content\">\n                        <h3 class=\"fs-30 text-uppercase\">REAL RIGHTS CONTRACT<\/h3>\n                        <p>A viewing of the apartment with the buyer will take place when the apartment is completed, after which a notarised real rights contract will be entered into, the buyer will pay the remainder of the purchase and sales price and the right of ownership will be transferred to the buyer.<\/p>\n                    <\/div>\n                <\/div>\n                    <\/div>\n        \n        <div class=\"block-list-btm-content mt-lg-64 text-lg-start text-center\"><h2>The Marati Quarter is located on land designated for commercial use<\/h2>\n<p>All apartments in Marati are guest apartments located on commercial land. All units are designed and built in accordance with residential building standards. You can finance guest apartments with a home loan. When applying for a home loan, you should consider a minimum down payment starting from 20%. A good lending partner in Marati Quarter is, for example, LHV. Request an offer at <a href=\"mailto:kodulaen@lhv.ee\">kodulaen@lhv.ee<\/a>.<\/p>\n<\/div>        \n                    <div class=\"list-bottom-content-left-right row gx-lg-32 gy-lg-32 gy-24 mt-lg-32 mt-24\">\n                <div class=\"block-list-btm-left-content col col-lg-6 col-12\"><h2>The price includes<\/h2>\n<ul>\n<li>Apartment finished with the interior finishing package chosen by the client<\/li>\n<li>Air conditioning readiness<\/li>\n<li>Smart lock readiness for the apartment door<\/li>\n<li>Shared roof terrace<\/li>\n<li>Shared bicycle room<\/li>\n<\/ul>\n<\/div>                <div class=\"block-list-btm-right-content col col-lg-6 col-12\"><h2>The price does not include<\/h2>\n<ul>\n<li>Notary fees and state fees related to the purchase<\/li>\n<li>Storage room and parking space<\/li>\n<li>Installation of a smart lock\/cooling for an apartment<\/li>\n<\/ul>\n<\/div>            <\/div>\n        \n        <p class=\"block-list-btm-subtext mt-lg-42 mt-32 text-lg-start text-center\"><\/p>    <\/div>\n<\/section>\n\n\n<section class=\"finance-block position-relative bg-beigeLight py-lg-96 pt-42 pb-96 text-lg-start text-center\">\n    <div class=\"container\">\n        <h2 class=\"block-content-title mb-lg-64 mb-48\">Financing<\/h2>\n        <div class=\"row gx-lg-32 gy-32\">\n                                            <div class=\"col col-lg-4 col-12\">\n                    <div class=\"block-item-content\">\n                        <div class=\"image-wrap mb-lg-18 mb-32 d-flex align-items-center justify-content-lg-start justify-content-center\">\n                            <a href=\"https:\/\/www.cooppank.ee\/\" target=\"_blank\">\n                                <img decoding=\"async\" src=\"https:\/\/scandium.ee\/maratikvartal\/wp-content\/uploads\/2024\/04\/Layer_1.svg\" width=\"228\" height=\"40\" alt=\"\" \/>\n                            <\/a>\n                        <\/div>\n                        <p>Buy your dream home with COOP Pank.<\/p>\n<p>Julia Rozenfeld<br \/>\n+372 5307 0328<br \/>\njulia.rozenfeld@cooppank.ee<br \/>\n<a href=\"https:\/\/i.cooppank.ee\/sso\/?return=https%3A%2F%2Fi.cooppank.ee%2FlaenutaotlusII%3Fburoo%3DCPSCANDIUM\"><b>Loan application with discount<\/b><\/a><\/p>\n                    <\/div>\n                <\/div>\n                                            <div class=\"col col-lg-4 col-12\">\n                    <div class=\"block-item-content\">\n                        <div class=\"image-wrap mb-lg-18 mb-32 d-flex align-items-center justify-content-lg-start justify-content-center\">\n                            <a href=\"https:\/\/www.lhv.ee\/\" target=\"_blank\">\n                                <img decoding=\"async\" src=\"https:\/\/scandium.ee\/maratikvartal\/wp-content\/uploads\/2024\/04\/Layer_1-1.svg\" width=\"116\" height=\"39\" alt=\"\" \/>\n                            <\/a>\n                        <\/div>\n                        <p>Buy your dream home with LHV.<\/p>\n<p>Customer support:<br \/>\n6999119<br \/>\n<a href=\"mailto:kodulaen@lhv.ee\">kodulaen@lhv.ee<\/a><br \/>\n<strong><a href=\"https:\/\/www.lhv.ee\/et\/laen-ja-liising\" target=\"_blank\" rel=\"noopener\">Look into the possibilities<\/a><\/strong><\/p>\n                    <\/div>\n                <\/div>\n                                            <div class=\"col col-lg-4 col-12\">\n                    <div class=\"block-item-content\">\n                        <div class=\"image-wrap mb-lg-18 mb-32 d-flex align-items-center justify-content-lg-start justify-content-center\">\n                            <a href=\"https:\/\/www.bigbank.ee\/\" target=\"_blank\">\n                                <img decoding=\"async\" src=\"https:\/\/scandium.ee\/maratikvartal\/wp-content\/uploads\/2024\/04\/Group-478-1.svg\" width=\"218\" height=\"65\" alt=\"\" \/>\n                            <\/a>\n                        <\/div>\n                        <p>Buy your dream home with Bigbank.<\/p>\n<p>Customer support:<br \/>\n3727311333<br \/>\n<a href=\"mailto:kodulaen@bigbank.ee\">kodulaen@bigbank.ee<\/a><br \/>\n<strong><a href=\"https:\/\/www.bigbank.ee\/\" target=\"_blank\" rel=\"noopener\">Look into the possibilities<\/a><\/strong><\/p>\n                    <\/div>\n                <\/div>\n                    <\/div>\n    <\/div>\n<\/section>","protected":false},"excerpt":{"rendered":"","protected":false},"author":1,"featured_media":0,"parent":0,"menu_order":0,"comment_status":"closed","ping_status":"closed","template":"page-templates\/no-title.php","meta":{"_acf_changed":false,"footnotes":""},"class_list":["post-1064","page","type-page","status-publish","hentry"],"acf":[],"yoast_head":"<!-- This site is optimized with the Yoast SEO plugin v26.4 - https:\/\/yoast.com\/wordpress\/plugins\/seo\/ -->\n<title>Contact - Marati Kvartal<\/title>\n<meta name=\"robots\" content=\"index, follow, max-snippet:-1, max-image-preview:large, max-video-preview:-1\" \/>\n<link rel=\"canonical\" href=\"https:\/\/scandium.ee\/maratikvartal\/en\/contact\/\" \/>\n<meta property=\"og:locale\" content=\"en_US\" \/>\n<meta property=\"og:type\" content=\"article\" \/>\n<meta property=\"og:title\" content=\"Contact - Marati Kvartal\" \/>\n<meta property=\"og:url\" content=\"https:\/\/scandium.ee\/maratikvartal\/en\/contact\/\" \/>\n<meta property=\"og:site_name\" content=\"Marati Kvartal\" \/>\n<meta property=\"article:modified_time\" content=\"2025-11-26T13:42:35+00:00\" \/>\n<meta property=\"og:image\" content=\"https:\/\/scandium.ee\/maratikvartal\/wp-content\/uploads\/2024\/05\/OG.jpg\" \/>\n\t<meta property=\"og:image:width\" content=\"1200\" \/>\n\t<meta property=\"og:image:height\" content=\"675\" \/>\n\t<meta property=\"og:image:type\" content=\"image\/jpeg\" \/>\n<meta name=\"twitter:card\" content=\"summary_large_image\" \/>\n<script type=\"application\/ld+json\" class=\"yoast-schema-graph\">{\"@context\":\"https:\/\/schema.org\",\"@graph\":[{\"@type\":\"WebPage\",\"@id\":\"https:\/\/scandium.ee\/maratikvartal\/en\/contact\/\",\"url\":\"https:\/\/scandium.ee\/maratikvartal\/en\/contact\/\",\"name\":\"Contact - Marati Kvartal\",\"isPartOf\":{\"@id\":\"https:\/\/scandium.ee\/maratikvartal\/en\/#website\"},\"datePublished\":\"2024-03-28T10:33:49+00:00\",\"dateModified\":\"2025-11-26T13:42:35+00:00\",\"breadcrumb\":{\"@id\":\"https:\/\/scandium.ee\/maratikvartal\/en\/contact\/#breadcrumb\"},\"inLanguage\":\"en-US\",\"potentialAction\":[{\"@type\":\"ReadAction\",\"target\":[\"https:\/\/scandium.ee\/maratikvartal\/en\/contact\/\"]}]},{\"@type\":\"BreadcrumbList\",\"@id\":\"https:\/\/scandium.ee\/maratikvartal\/en\/contact\/#breadcrumb\",\"itemListElement\":[{\"@type\":\"ListItem\",\"position\":1,\"name\":\"Home\",\"item\":\"https:\/\/scandium.ee\/maratikvartal\/en\/\"},{\"@type\":\"ListItem\",\"position\":2,\"name\":\"Contact\"}]},{\"@type\":\"WebSite\",\"@id\":\"https:\/\/scandium.ee\/maratikvartal\/en\/#website\",\"url\":\"https:\/\/scandium.ee\/maratikvartal\/en\/\",\"name\":\"Marati Kvartal\",\"description\":\"\",\"publisher\":{\"@id\":\"https:\/\/scandium.ee\/maratikvartal\/en\/#organization\"},\"potentialAction\":[{\"@type\":\"SearchAction\",\"target\":{\"@type\":\"EntryPoint\",\"urlTemplate\":\"https:\/\/scandium.ee\/maratikvartal\/en\/?s={search_term_string}\"},\"query-input\":{\"@type\":\"PropertyValueSpecification\",\"valueRequired\":true,\"valueName\":\"search_term_string\"}}],\"inLanguage\":\"en-US\"},{\"@type\":\"Organization\",\"@id\":\"https:\/\/scandium.ee\/maratikvartal\/en\/#organization\",\"name\":\"Marati Kvartal\",\"url\":\"https:\/\/scandium.ee\/maratikvartal\/en\/\",\"logo\":{\"@type\":\"ImageObject\",\"inLanguage\":\"en-US\",\"@id\":\"https:\/\/scandium.ee\/maratikvartal\/en\/#\/schema\/logo\/image\/\",\"url\":\"https:\/\/scandium.ee\/maratikvartal\/wp-content\/uploads\/2024\/03\/Vector-1.svg\",\"contentUrl\":\"https:\/\/scandium.ee\/maratikvartal\/wp-content\/uploads\/2024\/03\/Vector-1.svg\",\"width\":47,\"height\":45,\"caption\":\"Marati Kvartal\"},\"image\":{\"@id\":\"https:\/\/scandium.ee\/maratikvartal\/en\/#\/schema\/logo\/image\/\"}}]}<\/script>\n<!-- \/ Yoast SEO plugin. -->","yoast_head_json":{"title":"Contact - Marati Kvartal","robots":{"index":"index","follow":"follow","max-snippet":"max-snippet:-1","max-image-preview":"max-image-preview:large","max-video-preview":"max-video-preview:-1"},"canonical":"https:\/\/scandium.ee\/maratikvartal\/en\/contact\/","og_locale":"en_US","og_type":"article","og_title":"Contact - Marati Kvartal","og_url":"https:\/\/scandium.ee\/maratikvartal\/en\/contact\/","og_site_name":"Marati Kvartal","article_modified_time":"2025-11-26T13:42:35+00:00","og_image":[{"width":1200,"height":675,"url":"https:\/\/scandium.ee\/maratikvartal\/wp-content\/uploads\/2024\/05\/OG.jpg","type":"image\/jpeg"}],"twitter_card":"summary_large_image","schema":{"@context":"https:\/\/schema.org","@graph":[{"@type":"WebPage","@id":"https:\/\/scandium.ee\/maratikvartal\/en\/contact\/","url":"https:\/\/scandium.ee\/maratikvartal\/en\/contact\/","name":"Contact - Marati Kvartal","isPartOf":{"@id":"https:\/\/scandium.ee\/maratikvartal\/en\/#website"},"datePublished":"2024-03-28T10:33:49+00:00","dateModified":"2025-11-26T13:42:35+00:00","breadcrumb":{"@id":"https:\/\/scandium.ee\/maratikvartal\/en\/contact\/#breadcrumb"},"inLanguage":"en-US","potentialAction":[{"@type":"ReadAction","target":["https:\/\/scandium.ee\/maratikvartal\/en\/contact\/"]}]},{"@type":"BreadcrumbList","@id":"https:\/\/scandium.ee\/maratikvartal\/en\/contact\/#breadcrumb","itemListElement":[{"@type":"ListItem","position":1,"name":"Home","item":"https:\/\/scandium.ee\/maratikvartal\/en\/"},{"@type":"ListItem","position":2,"name":"Contact"}]},{"@type":"WebSite","@id":"https:\/\/scandium.ee\/maratikvartal\/en\/#website","url":"https:\/\/scandium.ee\/maratikvartal\/en\/","name":"Marati Kvartal","description":"","publisher":{"@id":"https:\/\/scandium.ee\/maratikvartal\/en\/#organization"},"potentialAction":[{"@type":"SearchAction","target":{"@type":"EntryPoint","urlTemplate":"https:\/\/scandium.ee\/maratikvartal\/en\/?s={search_term_string}"},"query-input":{"@type":"PropertyValueSpecification","valueRequired":true,"valueName":"search_term_string"}}],"inLanguage":"en-US"},{"@type":"Organization","@id":"https:\/\/scandium.ee\/maratikvartal\/en\/#organization","name":"Marati Kvartal","url":"https:\/\/scandium.ee\/maratikvartal\/en\/","logo":{"@type":"ImageObject","inLanguage":"en-US","@id":"https:\/\/scandium.ee\/maratikvartal\/en\/#\/schema\/logo\/image\/","url":"https:\/\/scandium.ee\/maratikvartal\/wp-content\/uploads\/2024\/03\/Vector-1.svg","contentUrl":"https:\/\/scandium.ee\/maratikvartal\/wp-content\/uploads\/2024\/03\/Vector-1.svg","width":47,"height":45,"caption":"Marati Kvartal"},"image":{"@id":"https:\/\/scandium.ee\/maratikvartal\/en\/#\/schema\/logo\/image\/"}}]}},"_links":{"self":[{"href":"https:\/\/scandium.ee\/maratikvartal\/en\/wp-json\/wp\/v2\/pages\/1064","targetHints":{"allow":["GET"]}}],"collection":[{"href":"https:\/\/scandium.ee\/maratikvartal\/en\/wp-json\/wp\/v2\/pages"}],"about":[{"href":"https:\/\/scandium.ee\/maratikvartal\/en\/wp-json\/wp\/v2\/types\/page"}],"author":[{"embeddable":true,"href":"https:\/\/scandium.ee\/maratikvartal\/en\/wp-json\/wp\/v2\/users\/1"}],"replies":[{"embeddable":true,"href":"https:\/\/scandium.ee\/maratikvartal\/en\/wp-json\/wp\/v2\/comments?post=1064"}],"version-history":[{"count":15,"href":"https:\/\/scandium.ee\/maratikvartal\/en\/wp-json\/wp\/v2\/pages\/1064\/revisions"}],"predecessor-version":[{"id":5027,"href":"https:\/\/scandium.ee\/maratikvartal\/en\/wp-json\/wp\/v2\/pages\/1064\/revisions\/5027"}],"wp:attachment":[{"href":"https:\/\/scandium.ee\/maratikvartal\/en\/wp-json\/wp\/v2\/media?parent=1064"}],"curies":[{"name":"wp","href":"https:\/\/api.w.org\/{rel}","templated":true}]}}